{"id":35275,"date":"2022-11-29T17:18:57","date_gmt":"2022-11-29T16:18:57","guid":{"rendered":"https:\/\/www.motorjournal.cz\/?post_type=product&#038;p=35275"},"modified":"2025-11-04T15:24:49","modified_gmt":"2025-11-04T14:24:49","slug":"trw-1901-2001-a-tradition-of-innovation","status":"publish","type":"product","link":"https:\/\/www.motorjournal.cz\/en\/product\/trw-1901-2001-a-tradition-of-innovation\/","title":{"rendered":"TRW 1901-2001. A&nbsp;Tradition of Innovation"},"content":{"rendered":"<p>Historie firmy TRW. P\u016fvodn\u011b americk\u00e1 spole\u010dnost p\u016fsob\u00ed v&nbsp;automobilov\u00e9m pr\u016fmyslu ji\u017e v\u00edce ne\u017e 100 let. Dnes je zna\u010dka TRW lsv\u011btov\u00fdm l\u00eddrem v&nbsp;oblasti bezpe\u010dnostn\u00edch produkt\u016f pro automobilov\u00fd pr\u016fmysl. Brzdov\u00e9 syst\u00e9my, d\u00edly \u0159\u00edzen\u00ed a&nbsp;zav\u011b\u0161en\u00ed, d\u00edly pro u\u017eitkov\u00e1 vozidla a&nbsp;servisn\u00ed n\u00e1stroje zna\u010dky TRW jsou vysoce cen\u011bny pro svou technickou kvalitu a&nbsp;inovativn\u00ed design. TRW dod\u00e1v\u00e1 d\u00edly v\u00edce ne\u017e 40 automobilk\u00e1m, m\u00e1 v\u00edce ne\u017e 60.000 zam\u011bstnanc\u016f, kte\u0159\u00ed pracuj\u00ed na v\u00edce ne\u017e 185 m\u00edstech po&nbsp;cel\u00e9m sv\u011bt\u011b. Kniha je ps\u00e1na anglicky.<\/p>\n<p>Rok vyd\u00e1n\u00ed: 2001<br \/>\nNakladatel: TRW<br \/>\nBinding: glued in soft covers<br \/>\nForm\u00e1t: 255 x 305 mm<br \/>\nNumber of pages: 128<br \/>\nCondition: very good<\/p>","protected":false},"excerpt":{"rendered":"<p>autor: Timothy C. Jacobson<\/p>","protected":false},"featured_media":35276,"template":"","meta":{"kt_blocks_editor_width":"","_kad_blocks_custom_css":"","_kad_blocks_head_custom_js":"","_kad_blocks_body_custom_js":"","_kad_blocks_footer_custom_js":""},"product_brand":[],"product_cat":[317,347],"product_tag":[352,351,422],"class_list":{"0":"post-35275","1":"product","2":"type-product","3":"status-publish","4":"has-post-thumbnail","6":"product_cat-antikvariat","7":"product_cat-antikvariat-knihy","8":"product_tag-automobily","9":"product_tag-osobnosti","10":"product_tag-prislusenstvi","12":"first","13":"instock","14":"sale","15":"taxable","16":"shipping-taxable","17":"purchasable","18":"product-type-simple"},"supplier_id":null,"supplier_sku":"","barcode":null,"atum_controlled":false,"out_stock_date":null,"out_stock_threshold":null,"inheritable":false,"inbound_stock":null,"stock_on_hold":0,"sold_today":0,"sales_last_days":0,"reserved_stock":null,"customer_returns":null,"warehouse_damage":null,"lost_in_post":null,"other_logs":null,"out_stock_days":0,"lost_sales":0,"has_location":false,"update_date":"2026-04-05T00:06:54","atum_locations":[],"atum_stock_status":"instock","restock_status":false,"low_stock_amount":"","sales_update_date":"2026-04-05T00:06:54","calc_backorders":null,"aioseo_notices":[],"taxonomy_info":{"product_cat":[{"value":317,"label":"Antikvari\u00e1t"},{"value":347,"label":"Antikvari\u00e1t knihy"}],"product_tag":[{"value":352,"label":"Automobily"},{"value":351,"label":"Osobnosti"},{"value":422,"label":"p\u0159\u00edslu\u0161enstv\u00ed"}]},"featured_image_src_large":["https:\/\/www.motorjournal.cz\/wp-content\/uploads\/2022\/11\/A0901_trw-1.jpg",800,941,false],"author_info":[],"comment_info":"","_links":{"self":[{"href":"https:\/\/www.motorjournal.cz\/en\/wp-json\/wp\/v2\/product\/35275","targetHints":{"allow":["GET"]}}],"collection":[{"href":"https:\/\/www.motorjournal.cz\/en\/wp-json\/wp\/v2\/product"}],"about":[{"href":"https:\/\/www.motorjournal.cz\/en\/wp-json\/wp\/v2\/types\/product"}],"wp:featuredmedia":[{"embeddable":true,"href":"https:\/\/www.motorjournal.cz\/en\/wp-json\/wp\/v2\/media\/35276"}],"wp:attachment":[{"href":"https:\/\/www.motorjournal.cz\/en\/wp-json\/wp\/v2\/media?parent=35275"}],"wp:term":[{"taxonomy":"product_brand","embeddable":true,"href":"https:\/\/www.motorjournal.cz\/en\/wp-json\/wp\/v2\/product_brand?post=35275"},{"taxonomy":"product_cat","embeddable":true,"href":"https:\/\/www.motorjournal.cz\/en\/wp-json\/wp\/v2\/product_cat?post=35275"},{"taxonomy":"product_tag","embeddable":true,"href":"https:\/\/www.motorjournal.cz\/en\/wp-json\/wp\/v2\/product_tag?post=35275"}],"curies":[{"name":"wp","href":"https:\/\/api.w.org\/{rel}","templated":true}]}}