{"id":35370,"date":"2007-02-02T11:40:36","date_gmt":"2007-02-02T10:40:36","guid":{"rendered":"https:\/\/www.motorjournal.cz\/?post_type=product&#038;p=35370"},"modified":"2022-12-01T12:06:01","modified_gmt":"2022-12-01T11:06:01","slug":"motor-journal-1-2007","status":"publish","type":"product","link":"https:\/\/www.motorjournal.cz\/en\/product\/motor-journal-1-2007\/","title":{"rendered":"Motor Journal 1\/2\/2007"},"content":{"rendered":"","protected":false},"excerpt":{"rendered":"<p><strong>Issue 68 was published on 2. 2. 2007<\/strong><\/p>\n<p><strong>From the contents of Motor Journal:<\/strong><br \/>\nClay Regazzoni<br \/>\nMarch to the throne<br \/>\nDonated Laurin &amp; Klement motorcycle<br \/>\nFoundation Berliet<br \/>\nAutomobile \u2013 the magazine&#039;s golden jubilee<br \/>\nAlois Gbec<br \/>\nReinhold Mai &amp; Stanislav Kostliv\u00fd<br \/>\nHans Ledwinka<br \/>\nSixty years of AMK Ji\u010d\u00edn<br \/>\nEvent calendar<br \/>\nCheap for sale<br \/>\nH&amp;H Auction House<br \/>\nMotorsport in 1930<br \/>\nFrantisek Moucka<br \/>\nWolfgang M\u00fcller<br \/>\nZ&nbsp;Pa\u0159\u00ed\u017esk\u00e9ho autosalonu<br \/>\nHow to race in California<br \/>\nConcours d&#039;Elegance Pebble Beach<br \/>\nJames A. Guthrie<br \/>\nVeteran Salon: Premier 350<\/p>","protected":false},"featured_media":33670,"template":"","meta":{"kt_blocks_editor_width":"","_kad_blocks_custom_css":"","_kad_blocks_head_custom_js":"","_kad_blocks_body_custom_js":"","_kad_blocks_footer_custom_js":""},"product_brand":[],"product_cat":[273,162],"product_tag":[],"class_list":{"0":"post-35370","1":"product","2":"type-product","3":"status-publish","4":"has-post-thumbnail","6":"product_cat-273","7":"product_cat-casopisy","9":"first","10":"instock","11":"sale","12":"taxable","13":"shipping-taxable","14":"purchasable","15":"product-type-simple"},"supplier_id":null,"supplier_sku":"","barcode":null,"atum_controlled":true,"out_stock_date":null,"out_stock_threshold":null,"inheritable":false,"inbound_stock":0,"stock_on_hold":0,"sold_today":0,"sales_last_days":0,"reserved_stock":0,"customer_returns":0,"warehouse_damage":0,"lost_in_post":0,"other_logs":0,"out_stock_days":0,"lost_sales":0,"has_location":false,"update_date":"2026-04-05T00:06:40","atum_locations":[],"atum_stock_status":"instock","restock_status":false,"low_stock_amount":"","sales_update_date":"2026-04-05T00:06:40","calc_backorders":null,"aioseo_notices":[],"taxonomy_info":{"product_cat":[{"value":273,"label":"2007"},{"value":162,"label":"\u010casopisy"}]},"featured_image_src_large":["https:\/\/www.motorjournal.cz\/wp-content\/uploads\/2022\/06\/MJ12_01_02-1.jpg",300,425,false],"author_info":[],"comment_info":"","_links":{"self":[{"href":"https:\/\/www.motorjournal.cz\/en\/wp-json\/wp\/v2\/product\/35370","targetHints":{"allow":["GET"]}}],"collection":[{"href":"https:\/\/www.motorjournal.cz\/en\/wp-json\/wp\/v2\/product"}],"about":[{"href":"https:\/\/www.motorjournal.cz\/en\/wp-json\/wp\/v2\/types\/product"}],"wp:featuredmedia":[{"embeddable":true,"href":"https:\/\/www.motorjournal.cz\/en\/wp-json\/wp\/v2\/media\/33670"}],"wp:attachment":[{"href":"https:\/\/www.motorjournal.cz\/en\/wp-json\/wp\/v2\/media?parent=35370"}],"wp:term":[{"taxonomy":"product_brand","embeddable":true,"href":"https:\/\/www.motorjournal.cz\/en\/wp-json\/wp\/v2\/product_brand?post=35370"},{"taxonomy":"product_cat","embeddable":true,"href":"https:\/\/www.motorjournal.cz\/en\/wp-json\/wp\/v2\/product_cat?post=35370"},{"taxonomy":"product_tag","embeddable":true,"href":"https:\/\/www.motorjournal.cz\/en\/wp-json\/wp\/v2\/product_tag?post=35370"}],"curies":[{"name":"wp","href":"https:\/\/api.w.org\/{rel}","templated":true}]}}