{"id":35381,"date":"2022-12-01T15:07:44","date_gmt":"2022-12-01T14:07:44","guid":{"rendered":"https:\/\/www.motorjournal.cz\/?post_type=product&#038;p=35381"},"modified":"2025-11-04T15:24:49","modified_gmt":"2025-11-04T14:24:49","slug":"automobily-bugatti-v-ceskych-zemich-kopirovat","status":"publish","type":"product","link":"https:\/\/www.motorjournal.cz\/en\/product\/automobily-bugatti-v-ceskych-zemich-kopirovat\/","title":{"rendered":"Bugatti cars in the Czech lands"},"content":{"rendered":"<p>Catalogue of the exhibition held at the NTM Prague in 2002. Czech and English text.<\/p>\n<p>Year of publication: 2002<br \/>\nPublisher: NTM<br \/>\nBinding: glued<br \/>\nFormat: 210 x 300 mm<br \/>\nNumber of pages: 88<br \/>\nCondition: very good<\/p>","protected":false},"excerpt":{"rendered":"<p>author: Pat Garnier, Ivo Janou\u0161ek, Petr Ko\u017e\u00ed\u0161ek, Dominique Paillarse<\/p>","protected":false},"featured_media":35078,"template":"","meta":{"kt_blocks_editor_width":"","_kad_blocks_custom_css":"","_kad_blocks_head_custom_js":"","_kad_blocks_body_custom_js":"","_kad_blocks_footer_custom_js":""},"product_brand":[],"product_cat":[317,347],"product_tag":[352,415,235],"class_list":{"0":"post-35381","1":"product","2":"type-product","3":"status-publish","4":"has-post-thumbnail","6":"product_cat-antikvariat","7":"product_cat-antikvariat-knihy","8":"product_tag-automobily","9":"product_tag-bugatti","10":"product_tag-karoserie","12":"first","13":"instock","14":"sale","15":"taxable","16":"shipping-taxable","17":"purchasable","18":"product-type-simple"},"supplier_id":null,"supplier_sku":"","barcode":null,"atum_controlled":false,"out_stock_date":"2023-02-05 15:48:22","out_stock_threshold":null,"inheritable":false,"inbound_stock":0,"stock_on_hold":0,"sold_today":0,"sales_last_days":0,"reserved_stock":0,"customer_returns":0,"warehouse_damage":0,"lost_in_post":0,"other_logs":0,"out_stock_days":1154,"lost_sales":0,"has_location":false,"update_date":"2026-04-05T00:06:54","atum_locations":[],"atum_stock_status":"instock","restock_status":false,"low_stock_amount":"","sales_update_date":"2026-04-05T00:06:54","calc_backorders":null,"aioseo_notices":[],"taxonomy_info":{"product_cat":[{"value":317,"label":"Antikvari\u00e1t"},{"value":347,"label":"Antikvari\u00e1t knihy"}],"product_tag":[{"value":352,"label":"Automobily"},{"value":415,"label":"Bugatti"},{"value":235,"label":"karoserie"}]},"featured_image_src_large":["https:\/\/www.motorjournal.cz\/wp-content\/uploads\/2022\/11\/Bugatti-v-ces-zemich-NTM-Praha-001.jpeg",462,640,false],"author_info":[],"comment_info":"","_links":{"self":[{"href":"https:\/\/www.motorjournal.cz\/en\/wp-json\/wp\/v2\/product\/35381","targetHints":{"allow":["GET"]}}],"collection":[{"href":"https:\/\/www.motorjournal.cz\/en\/wp-json\/wp\/v2\/product"}],"about":[{"href":"https:\/\/www.motorjournal.cz\/en\/wp-json\/wp\/v2\/types\/product"}],"wp:featuredmedia":[{"embeddable":true,"href":"https:\/\/www.motorjournal.cz\/en\/wp-json\/wp\/v2\/media\/35078"}],"wp:attachment":[{"href":"https:\/\/www.motorjournal.cz\/en\/wp-json\/wp\/v2\/media?parent=35381"}],"wp:term":[{"taxonomy":"product_brand","embeddable":true,"href":"https:\/\/www.motorjournal.cz\/en\/wp-json\/wp\/v2\/product_brand?post=35381"},{"taxonomy":"product_cat","embeddable":true,"href":"https:\/\/www.motorjournal.cz\/en\/wp-json\/wp\/v2\/product_cat?post=35381"},{"taxonomy":"product_tag","embeddable":true,"href":"https:\/\/www.motorjournal.cz\/en\/wp-json\/wp\/v2\/product_tag?post=35381"}],"curies":[{"name":"wp","href":"https:\/\/api.w.org\/{rel}","templated":true}]}}