{"id":35505,"date":"2022-12-06T13:01:31","date_gmt":"2022-12-06T12:01:31","guid":{"rendered":"https:\/\/www.motorjournal.cz\/?post_type=product&#038;p=35505"},"modified":"2024-12-10T08:46:13","modified_gmt":"2024-12-10T07:46:13","slug":"legendarni-skoda-105-120-a-jeji-sourozenci-jan-tucek","status":"publish","type":"product","link":"https:\/\/www.motorjournal.cz\/en\/product\/legendarni-skoda-105-120-a-jeji-sourozenci-jan-tucek\/","title":{"rendered":"The legendary \u0160koda 105\/120 and its siblings, Jan Tu\u010dek"},"content":{"rendered":"<p>At the end of November 2022, the Prague-based Grada Publishing published a new book, &quot;The Legendary \u0160koda 105\/120 and its Siblings&quot;, authored by Motor Journal&#039;s regular collaborator Jan Tu\u010dek. The publication is dedicated to the last generation of \u0160koda cars with a rear engine, the \u0160 105\/120\/130 model series, the production of which exceeded two million cars between 1976 and 1990. It recalls the four-door sedans and the two-door coupes Garde and Rapid, their development, production and gradual modernization. There is a detailed overview of the production of these cars in individual years. The book also maps a diverse range of now almost forgotten variants and prototypes of various concepts built on the basis of the \u0160 742 and \u0160 743 cars in Mlad\u00e1 Boleslav, Kvasiny and Bratislava. Separate chapters are devoted to the conversions of Rapid coup\u00e9s into convertibles in Germany, Great Britain, Denmark, Canada and in the Czech Republic, as well as the sports use of cars of this series. 352 illustrations (photographs, brochures, drawings and perspective drawings), of which 226 are in color.<\/p>","protected":false},"excerpt":{"rendered":"<p>GRADA Publishing<br \/>\nHardcover, format 21 \u00d7 25 cm, 160 pages<\/p>\n<p>Koncem\u00a0listopadu 2022 vy\u0161la v\u00a0pra\u017esk\u00e9m nakladatelstv\u00ed Grada Publishing nov\u00e1 kniha \u201eLegend\u00e1rn\u00ed \u0160koda 105\/120 a&nbsp;jej\u00ed sourozenci\u201c, jej\u00edm\u017e autorem je st\u00e1l\u00fd spolupracovn\u00edk Motor Journalu Jan Tu\u010dek. Publikace je v\u011bnov\u00e1na posledn\u00ed generaci automobil\u016f \u0160koda s\u00a0motorem vzadu, modelov\u00e9 \u0159ad\u011b \u0160 105\/120\/130, jej\u00ed\u017e produkce p\u0159ekro\u010dila v\u00a0letech 1976 a\u017e 1990 hranici dvou milion\u016f voz\u016f. P\u0159ipom\u00edn\u00e1 \u010dty\u0159dve\u0159ov\u00e9 sedany i&nbsp;dvoudve\u0159ov\u00e1 kup\u00e9 Garde a&nbsp;Rapid, jejich v\u00fdvoj, v\u00fdrobu a&nbsp;postupn\u00e9 modernizace. Nechyb\u00ed podrobn\u00fd p\u0159ehled v\u00fdroby t\u011bchto automobil\u016f v\u00a0jednotliv\u00fdch letech. Kniha tak\u00e9 mapuje pestrou paletu dnes ji\u017e t\u00e9m\u011b\u0159 zapomenut\u00fdch variant a&nbsp;prototyp\u016f r\u016fzn\u00fdch koncepc\u00ed zhotoven\u00fdch na b\u00e1zi voz\u016f \u0160 742 a&nbsp;\u0160 743 v\u00a0Mlad\u00e9 Boleslavi, Kvasin\u00e1ch a&nbsp;Bratislav\u011b. Samostatn\u00e9 kapitoly jsou v\u011bnov\u00e1ny p\u0159estavb\u00e1m kup\u00e9 Rapid na kabriolety v\u00a0N\u011bmecku, Velk\u00e9 Brit\u00e1nii, D\u00e1nsku, Kanad\u011b i&nbsp;v\u00a0tuzemsku a&nbsp;tak\u00e9 sportovn\u00edmu nasazen\u00ed automobil\u016f t\u00e9to \u0159ady. 352 ilustrac\u00ed (fotografi\u00ed, prospekt\u016f, n\u00e1kres\u016f a&nbsp;pr\u016fhledov\u00fdch kreseb), z\u00a0toho 226 barevn\u00fdch<\/p>","protected":false},"featured_media":35510,"template":"","meta":{"kt_blocks_editor_width":"","_kad_blocks_custom_css":"","_kad_blocks_head_custom_js":"","_kad_blocks_body_custom_js":"","_kad_blocks_footer_custom_js":""},"product_brand":[],"product_cat":[175,161],"product_tag":[224,629],"class_list":{"0":"post-35505","1":"product","2":"type-product","3":"status-publish","4":"has-post-thumbnail","6":"product_cat-auto","7":"product_cat-knihy","8":"product_tag-skoda","9":"product_tag-skoda-105-120","11":"first","12":"instock","13":"sale","14":"taxable","15":"shipping-taxable","16":"purchasable","17":"product-type-simple"},"supplier_id":null,"supplier_sku":"","barcode":null,"atum_controlled":true,"out_stock_date":null,"out_stock_threshold":null,"inheritable":false,"inbound_stock":0,"stock_on_hold":0,"sold_today":0,"sales_last_days":0,"reserved_stock":0,"customer_returns":0,"warehouse_damage":0,"lost_in_post":0,"other_logs":0,"out_stock_days":0,"lost_sales":0,"has_location":false,"update_date":"2026-04-04T00:06:10","atum_locations":[],"atum_stock_status":"instock","restock_status":false,"low_stock_amount":"","sales_update_date":"2026-04-04T00:06:10","calc_backorders":null,"aioseo_notices":[],"taxonomy_info":{"product_cat":[{"value":175,"label":"Auto"},{"value":161,"label":"Knihy"}],"product_tag":[{"value":224,"label":"\u0160koda"},{"value":629,"label":"\u0160koda 105\/120"}]},"featured_image_src_large":["https:\/\/www.motorjournal.cz\/wp-content\/uploads\/2022\/12\/Skoda105-120-titul.jpeg",480,578,false],"author_info":[],"comment_info":"","_links":{"self":[{"href":"https:\/\/www.motorjournal.cz\/en\/wp-json\/wp\/v2\/product\/35505","targetHints":{"allow":["GET"]}}],"collection":[{"href":"https:\/\/www.motorjournal.cz\/en\/wp-json\/wp\/v2\/product"}],"about":[{"href":"https:\/\/www.motorjournal.cz\/en\/wp-json\/wp\/v2\/types\/product"}],"wp:featuredmedia":[{"embeddable":true,"href":"https:\/\/www.motorjournal.cz\/en\/wp-json\/wp\/v2\/media\/35510"}],"wp:attachment":[{"href":"https:\/\/www.motorjournal.cz\/en\/wp-json\/wp\/v2\/media?parent=35505"}],"wp:term":[{"taxonomy":"product_brand","embeddable":true,"href":"https:\/\/www.motorjournal.cz\/en\/wp-json\/wp\/v2\/product_brand?post=35505"},{"taxonomy":"product_cat","embeddable":true,"href":"https:\/\/www.motorjournal.cz\/en\/wp-json\/wp\/v2\/product_cat?post=35505"},{"taxonomy":"product_tag","embeddable":true,"href":"https:\/\/www.motorjournal.cz\/en\/wp-json\/wp\/v2\/product_tag?post=35505"}],"curies":[{"name":"wp","href":"https:\/\/api.w.org\/{rel}","templated":true}]}}