{"id":35601,"date":"2022-12-08T12:37:09","date_gmt":"2022-12-08T11:37:09","guid":{"rendered":"https:\/\/www.motorjournal.cz\/?post_type=product&#038;p=35601"},"modified":"2025-11-04T15:24:48","modified_gmt":"2025-11-04T14:24:48","slug":"prasident","status":"publish","type":"product","link":"https:\/\/www.motorjournal.cz\/en\/product\/prasident\/","title":{"rendered":"President"},"content":{"rendered":"<p>Advertising flyer for the Pr\u00e4sident, the first car produced by the Tatra car factory in Kop\u0159ivnice.<\/p>\n<p>Year of release:<br \/>\nPublisher: Tatra np Kop\u0159ivnice<br \/>\nCustody:<br \/>\nFormat: 625 x 295 mm folded in thirds<br \/>\nNumber of pages:<br \/>\nCondition: excellent<\/p>","protected":false},"excerpt":{"rendered":"<p>Advertising leaflet for the Pr\u00e4sident, the first car produced by the Tatra car factory in Kop\u0159ivnice. Year of publication: Publisher: Tatra np Kop\u0159ivnice Binding: Format: 625 x 295 mm folded into thirds Number of pages: Condition: excellent<\/p>","protected":false},"featured_media":35602,"template":"","meta":{"kt_blocks_editor_width":"","_kad_blocks_custom_css":"","_kad_blocks_head_custom_js":"","_kad_blocks_body_custom_js":"","_kad_blocks_footer_custom_js":""},"product_brand":[],"product_cat":[317,349],"product_tag":[352,361,219],"class_list":{"0":"post-35601","1":"product","2":"type-product","3":"status-publish","4":"has-post-thumbnail","6":"product_cat-antikvariat","7":"product_cat-antikvariat-prospekty","8":"product_tag-automobily","9":"product_tag-nakladni-automobily","10":"product_tag-tatra","12":"first","13":"instock","14":"sale","15":"taxable","16":"shipping-taxable","17":"purchasable","18":"product-type-simple"},"supplier_id":null,"supplier_sku":"","barcode":null,"atum_controlled":false,"out_stock_date":null,"out_stock_threshold":null,"inheritable":false,"inbound_stock":null,"stock_on_hold":0,"sold_today":0,"sales_last_days":0,"reserved_stock":null,"customer_returns":null,"warehouse_damage":null,"lost_in_post":null,"other_logs":null,"out_stock_days":0,"lost_sales":0,"has_location":false,"update_date":"2026-04-04T00:06:38","atum_locations":[],"atum_stock_status":"instock","restock_status":false,"low_stock_amount":"","sales_update_date":"2026-04-04T00:06:38","calc_backorders":null,"aioseo_notices":[],"taxonomy_info":{"product_cat":[{"value":317,"label":"Antikvari\u00e1t"},{"value":349,"label":"Antikvari\u00e1t prospekty"}],"product_tag":[{"value":352,"label":"Automobily"},{"value":361,"label":"N\u00e1kladn\u00ed automobily"},{"value":219,"label":"Tatra"}]},"featured_image_src_large":["https:\/\/www.motorjournal.cz\/wp-content\/uploads\/2022\/12\/A0926_prasident-1-701x1024.jpg",701,1024,true],"author_info":[],"comment_info":"","_links":{"self":[{"href":"https:\/\/www.motorjournal.cz\/en\/wp-json\/wp\/v2\/product\/35601","targetHints":{"allow":["GET"]}}],"collection":[{"href":"https:\/\/www.motorjournal.cz\/en\/wp-json\/wp\/v2\/product"}],"about":[{"href":"https:\/\/www.motorjournal.cz\/en\/wp-json\/wp\/v2\/types\/product"}],"wp:featuredmedia":[{"embeddable":true,"href":"https:\/\/www.motorjournal.cz\/en\/wp-json\/wp\/v2\/media\/35602"}],"wp:attachment":[{"href":"https:\/\/www.motorjournal.cz\/en\/wp-json\/wp\/v2\/media?parent=35601"}],"wp:term":[{"taxonomy":"product_brand","embeddable":true,"href":"https:\/\/www.motorjournal.cz\/en\/wp-json\/wp\/v2\/product_brand?post=35601"},{"taxonomy":"product_cat","embeddable":true,"href":"https:\/\/www.motorjournal.cz\/en\/wp-json\/wp\/v2\/product_cat?post=35601"},{"taxonomy":"product_tag","embeddable":true,"href":"https:\/\/www.motorjournal.cz\/en\/wp-json\/wp\/v2\/product_tag?post=35601"}],"curies":[{"name":"wp","href":"https:\/\/api.w.org\/{rel}","templated":true}]}}