{"id":36023,"date":"2023-01-06T13:23:06","date_gmt":"2023-01-06T12:23:06","guid":{"rendered":"https:\/\/www.motorjournal.cz\/?post_type=product&#038;p=36023"},"modified":"2024-11-01T22:49:41","modified_gmt":"2024-11-01T21:49:41","slug":"vystrihovanky","status":"publish","type":"product","link":"https:\/\/www.motorjournal.cz\/en\/product\/vystrihovanky\/","title":{"rendered":"Cutouts"},"content":{"rendered":"","protected":false},"excerpt":{"rendered":"","protected":false},"featured_media":36042,"template":"","meta":{"kt_blocks_editor_width":"","_kad_blocks_custom_css":"","_kad_blocks_head_custom_js":"","_kad_blocks_body_custom_js":"","_kad_blocks_footer_custom_js":""},"product_brand":[],"product_cat":[180,161],"product_tag":[195,655],"class_list":{"0":"post-36023","1":"product","2":"type-product","3":"status-publish","4":"has-post-thumbnail","6":"product_cat-detska-literatura-a-hry","7":"product_cat-knihy","8":"product_tag-hry","9":"product_tag-vystrihovanky","11":"first","12":"instock","13":"taxable","14":"shipping-taxable","15":"purchasable","16":"product-type-variable"},"supplier_id":null,"supplier_sku":"","barcode":null,"atum_controlled":true,"out_stock_date":null,"out_stock_threshold":null,"inheritable":true,"inbound_stock":0,"stock_on_hold":0,"sold_today":0,"sales_last_days":0,"reserved_stock":0,"customer_returns":0,"warehouse_damage":0,"lost_in_post":0,"other_logs":0,"out_stock_days":0,"lost_sales":0,"has_location":false,"update_date":"2026-04-04T00:05:24","atum_locations":[],"atum_stock_status":"instock","restock_status":false,"low_stock_amount":"","sales_update_date":"2026-04-04T00:05:24","calc_backorders":null,"aioseo_notices":[],"taxonomy_info":{"product_cat":[{"value":180,"label":"D\u011btsk\u00e1 literatura a hry"},{"value":161,"label":"Knihy"}],"product_tag":[{"value":195,"label":"Hry"},{"value":655,"label":"vyst\u0159ihov\u00e1nky"}]},"featured_image_src_large":["https:\/\/www.motorjournal.cz\/wp-content\/uploads\/2023\/01\/Vystrihovanky.jpeg",578,870,false],"author_info":[],"comment_info":"","_links":{"self":[{"href":"https:\/\/www.motorjournal.cz\/en\/wp-json\/wp\/v2\/product\/36023","targetHints":{"allow":["GET"]}}],"collection":[{"href":"https:\/\/www.motorjournal.cz\/en\/wp-json\/wp\/v2\/product"}],"about":[{"href":"https:\/\/www.motorjournal.cz\/en\/wp-json\/wp\/v2\/types\/product"}],"wp:featuredmedia":[{"embeddable":true,"href":"https:\/\/www.motorjournal.cz\/en\/wp-json\/wp\/v2\/media\/36042"}],"wp:attachment":[{"href":"https:\/\/www.motorjournal.cz\/en\/wp-json\/wp\/v2\/media?parent=36023"}],"wp:term":[{"taxonomy":"product_brand","embeddable":true,"href":"https:\/\/www.motorjournal.cz\/en\/wp-json\/wp\/v2\/product_brand?post=36023"},{"taxonomy":"product_cat","embeddable":true,"href":"https:\/\/www.motorjournal.cz\/en\/wp-json\/wp\/v2\/product_cat?post=36023"},{"taxonomy":"product_tag","embeddable":true,"href":"https:\/\/www.motorjournal.cz\/en\/wp-json\/wp\/v2\/product_tag?post=36023"}],"curies":[{"name":"wp","href":"https:\/\/api.w.org\/{rel}","templated":true}]}}