{"id":36258,"date":"2023-01-20T10:36:01","date_gmt":"2023-01-20T09:36:01","guid":{"rendered":"https:\/\/www.motorjournal.cz\/?post_type=product&#038;p=36258"},"modified":"2026-02-09T12:15:29","modified_gmt":"2026-02-09T11:15:29","slug":"stalingrad-jsme-dobyli-21-srpna-petr-hostalek-a-milon-dvorak","status":"publish","type":"product","link":"https:\/\/www.motorjournal.cz\/en\/product\/stalingrad-jsme-dobyli-21-srpna-petr-hostalek-a-milon-dvorak\/","title":{"rendered":"We conquered Stalingrad on August 21st, Petr Ho\u0161\u0165\u00e1lek and Milo\u0148 Dvo\u0159\u00e1k"},"content":{"rendered":"<div id=\"pl-27037\" class=\"panel-layout\">\n<div id=\"pg-27037-0\" class=\"panel-grid panel-no-style\">Petr Ho\u0161\u0165\u00e1lek has already been on several motorcycle trips and for this last one he got a partner \u2013 Milo\u0148 Dvo\u0159\u00e1k. And so the two still young guys set off on a trip to Russia. At first, they were guided by the symbolic idea of traveling on motorcycles, which, due to the political situation, were probably the destination of the trip in the distant past. The result is a text with often incredible experiences, which are complemented by numerous photographs. During an early evening reading, transport yourself with the authors to authentic experiences gained during a trip on two wartime BMW motorcycles from southern Bohemia through Austria, Slovakia and Ukraine to Volgograd in Russia and back.<\/div>\n<div><\/div>\n<\/div>\n<div>\n<p>Softcover, format 16 x 23 cm, 308 pages<\/p>\n<\/div>\n<p>ISBN: 978-80-87101-89-6<\/p>","protected":false},"excerpt":{"rendered":"<div id=\"pl-27037\" class=\"panel-layout\">\n<div id=\"pg-27037-0\" class=\"panel-grid panel-no-style\">Petr Ho\u0161\u0165\u00e1lek has already been on several motorcycle trips and for this last one he got a partner \u2013 Milo\u0148 Dvo\u0159\u00e1k. And so the two still young guys set off on a trip to Russia. At first, they were guided by the symbolic idea of traveling on motorcycles, which, due to the political situation, were probably the destination of the trip in the distant past. The result is a text with often incredible experiences, which are complemented by numerous photographs. During an early evening reading, transport yourself with the authors to authentic experiences gained during a trip on two wartime BMW motorcycles from southern Bohemia through Austria, Slovakia and Ukraine to Volgograd in Russia and back.<\/div>\n<\/div>","protected":false},"featured_media":36260,"template":"","meta":{"kt_blocks_editor_width":"","_kad_blocks_custom_css":"","_kad_blocks_head_custom_js":"","_kad_blocks_body_custom_js":"","_kad_blocks_footer_custom_js":""},"product_brand":[],"product_cat":[161,171],"product_tag":[411,657,658],"class_list":{"0":"post-36258","1":"product","2":"type-product","3":"status-publish","4":"has-post-thumbnail","6":"product_cat-knihy","7":"product_cat-ostatni","8":"product_tag-bmw","9":"product_tag-stalingrad","10":"product_tag-volgograd","12":"first","13":"instock","14":"sale","15":"taxable","16":"shipping-taxable","17":"purchasable","18":"product-type-simple"},"supplier_id":null,"supplier_sku":"","barcode":null,"atum_controlled":true,"out_stock_date":null,"out_stock_threshold":null,"inheritable":false,"inbound_stock":0,"stock_on_hold":0,"sold_today":0,"sales_last_days":0,"reserved_stock":0,"customer_returns":0,"warehouse_damage":0,"lost_in_post":0,"other_logs":0,"out_stock_days":0,"lost_sales":0,"has_location":false,"update_date":"2026-04-04T00:06:52","atum_locations":[],"atum_stock_status":"instock","restock_status":false,"low_stock_amount":2,"sales_update_date":"2026-04-04T00:06:52","calc_backorders":null,"aioseo_notices":[],"taxonomy_info":{"product_cat":[{"value":161,"label":"Knihy"},{"value":171,"label":"Ostatn\u00ed"}],"product_tag":[{"value":411,"label":"BMW"},{"value":657,"label":"Stalingrad"},{"value":658,"label":"Volgograd"}]},"featured_image_src_large":["https:\/\/www.motorjournal.cz\/wp-content\/uploads\/2023\/01\/Stalingrad-Hostalek-001.jpeg",454,640,false],"author_info":[],"comment_info":"","_links":{"self":[{"href":"https:\/\/www.motorjournal.cz\/en\/wp-json\/wp\/v2\/product\/36258","targetHints":{"allow":["GET"]}}],"collection":[{"href":"https:\/\/www.motorjournal.cz\/en\/wp-json\/wp\/v2\/product"}],"about":[{"href":"https:\/\/www.motorjournal.cz\/en\/wp-json\/wp\/v2\/types\/product"}],"wp:featuredmedia":[{"embeddable":true,"href":"https:\/\/www.motorjournal.cz\/en\/wp-json\/wp\/v2\/media\/36260"}],"wp:attachment":[{"href":"https:\/\/www.motorjournal.cz\/en\/wp-json\/wp\/v2\/media?parent=36258"}],"wp:term":[{"taxonomy":"product_brand","embeddable":true,"href":"https:\/\/www.motorjournal.cz\/en\/wp-json\/wp\/v2\/product_brand?post=36258"},{"taxonomy":"product_cat","embeddable":true,"href":"https:\/\/www.motorjournal.cz\/en\/wp-json\/wp\/v2\/product_cat?post=36258"},{"taxonomy":"product_tag","embeddable":true,"href":"https:\/\/www.motorjournal.cz\/en\/wp-json\/wp\/v2\/product_tag?post=36258"}],"curies":[{"name":"wp","href":"https:\/\/api.w.org\/{rel}","templated":true}]}}