{"id":36560,"date":"2023-02-06T10:15:44","date_gmt":"2023-02-06T09:15:44","guid":{"rendered":"https:\/\/www.motorjournal.cz\/?post_type=product&#038;p=36560"},"modified":"2025-11-04T15:24:48","modified_gmt":"2025-11-04T14:24:48","slug":"tvar-prumyslove-doby-2","status":"publish","type":"product","link":"https:\/\/www.motorjournal.cz\/en\/product\/tvar-prumyslove-doby-2\/","title":{"rendered":"The face of the industrial age"},"content":{"rendered":"<p>N\u00e1dhern\u00e1 fotografick\u00e1 publikace ze sb\u00edrek N\u00e1rodn\u00edho technick\u00e9ho muzea vydan\u00e1 ke 100 let\u016fm od jeho zalo\u017een\u00ed. V\u00edce ne\u017e sto fotografi\u00ed z&nbsp;obdob\u00ed bou\u0159l\u016fiv\u00e9 industrializace zem\u011b.<\/p>\n<p>Year of release: 2007<br \/>\nPublisher: NTM<br \/>\nBinding: glued in soft covers<br \/>\nForm\u00e1t: 280 x 210 mm<br \/>\nPo\u010det stran: 143<br \/>\nStav: V\u00fdborn\u00fd<\/p>\n<p>&nbsp;<\/p>\n<p>&nbsp;<\/p>","protected":false},"excerpt":{"rendered":"<p>autor: Jan Hoz\u00e1k, Pavel Scheufler<\/p>","protected":false},"featured_media":31139,"template":"","meta":{"kt_blocks_editor_width":"","_kad_blocks_custom_css":"","_kad_blocks_head_custom_js":"","_kad_blocks_body_custom_js":"","_kad_blocks_footer_custom_js":""},"product_brand":[],"product_cat":[317,347],"product_tag":[221,228,353,361],"class_list":{"0":"post-36560","1":"product","2":"type-product","3":"status-publish","4":"has-post-thumbnail","6":"product_cat-antikvariat","7":"product_cat-antikvariat-knihy","8":"product_tag-autobusy","9":"product_tag-lk","10":"product_tag-motocykly","11":"product_tag-nakladni-automobily","13":"first","14":"instock","15":"sale","16":"taxable","17":"shipping-taxable","18":"purchasable","19":"product-type-simple"},"supplier_id":null,"supplier_sku":"","barcode":null,"atum_controlled":false,"out_stock_date":"2023-02-06 09:15:45","out_stock_threshold":null,"inheritable":false,"inbound_stock":null,"stock_on_hold":0,"sold_today":0,"sales_last_days":0,"reserved_stock":null,"customer_returns":null,"warehouse_damage":null,"lost_in_post":null,"other_logs":null,"out_stock_days":1154,"lost_sales":0,"has_location":false,"update_date":"2026-04-06T00:08:20","atum_locations":[],"atum_stock_status":"instock","restock_status":false,"low_stock_amount":"","sales_update_date":"2026-04-06T00:08:20","calc_backorders":null,"aioseo_notices":[],"taxonomy_info":{"product_cat":[{"value":317,"label":"Antikvari\u00e1t"},{"value":347,"label":"Antikvari\u00e1t knihy"}],"product_tag":[{"value":221,"label":"Autobusy"},{"value":228,"label":"L&amp;K"},{"value":353,"label":"Motocykly"},{"value":361,"label":"N\u00e1kladn\u00ed automobily"}]},"featured_image_src_large":["https:\/\/www.motorjournal.cz\/wp-content\/uploads\/2021\/11\/A0846_tvar-1.jpeg",825,602,false],"author_info":[],"comment_info":"","_links":{"self":[{"href":"https:\/\/www.motorjournal.cz\/en\/wp-json\/wp\/v2\/product\/36560","targetHints":{"allow":["GET"]}}],"collection":[{"href":"https:\/\/www.motorjournal.cz\/en\/wp-json\/wp\/v2\/product"}],"about":[{"href":"https:\/\/www.motorjournal.cz\/en\/wp-json\/wp\/v2\/types\/product"}],"wp:featuredmedia":[{"embeddable":true,"href":"https:\/\/www.motorjournal.cz\/en\/wp-json\/wp\/v2\/media\/31139"}],"wp:attachment":[{"href":"https:\/\/www.motorjournal.cz\/en\/wp-json\/wp\/v2\/media?parent=36560"}],"wp:term":[{"taxonomy":"product_brand","embeddable":true,"href":"https:\/\/www.motorjournal.cz\/en\/wp-json\/wp\/v2\/product_brand?post=36560"},{"taxonomy":"product_cat","embeddable":true,"href":"https:\/\/www.motorjournal.cz\/en\/wp-json\/wp\/v2\/product_cat?post=36560"},{"taxonomy":"product_tag","embeddable":true,"href":"https:\/\/www.motorjournal.cz\/en\/wp-json\/wp\/v2\/product_tag?post=36560"}],"curies":[{"name":"wp","href":"https:\/\/api.w.org\/{rel}","templated":true}]}}