{"id":37023,"date":"2023-02-17T18:56:28","date_gmt":"2023-02-17T17:56:28","guid":{"rendered":"https:\/\/www.motorjournal.cz\/?post_type=product&#038;p=37023"},"modified":"2025-11-04T15:24:43","modified_gmt":"2025-11-04T14:24:43","slug":"transport-catalogue-of-the-exhibition","status":"publish","type":"product","link":"https:\/\/www.motorjournal.cz\/en\/product\/transport-catalogue-of-the-exhibition\/","title":{"rendered":"Transport, Catalog of the Exhibition"},"content":{"rendered":"<p>Catalogue of the new transport exhibition of the National Technical Museum. In English.<\/p>\n<p>Release year: 2018<br \/>\nPublisher: NTM<br \/>\nBinding: glued in soft covers<br \/>\nFormat: 165 x 245 mm<br \/>\nNumber of pages: 390<br \/>\nCondition: excellent<\/p>","protected":false},"excerpt":{"rendered":"<p>author: Pavel Bek, Petr Ko\u017e\u00ed\u0161ek, Jan Kr\u00e1l\u00edk, Arno\u0161t Nezm\u011bskal, Michal Plavec<\/p>","protected":false},"featured_media":37024,"template":"","meta":{"kt_blocks_editor_width":"","_kad_blocks_custom_css":"","_kad_blocks_head_custom_js":"","_kad_blocks_body_custom_js":"","_kad_blocks_footer_custom_js":""},"product_brand":[],"product_cat":[317,347],"product_tag":[222,352,227,515,228,353,361,351,223,422,224,219,232,237],"class_list":{"0":"post-37023","1":"product","2":"type-product","3":"status-publish","4":"has-post-thumbnail","6":"product_cat-antikvariat","7":"product_cat-antikvariat-knihy","8":"product_tag-aero","9":"product_tag-automobily","10":"product_tag-jawa","11":"product_tag-jizdni-kola","12":"product_tag-lk","13":"product_tag-motocykly","14":"product_tag-nakladni-automobily","15":"product_tag-osobnosti","16":"product_tag-praga","17":"product_tag-prislusenstvi","18":"product_tag-skoda","19":"product_tag-tatra","20":"product_tag-walter","21":"product_tag-wikov","23":"first","24":"instock","25":"sale","26":"taxable","27":"shipping-taxable","28":"purchasable","29":"product-type-simple"},"supplier_id":null,"supplier_sku":"","barcode":null,"atum_controlled":false,"out_stock_date":null,"out_stock_threshold":null,"inheritable":false,"inbound_stock":null,"stock_on_hold":0,"sold_today":0,"sales_last_days":0,"reserved_stock":null,"customer_returns":null,"warehouse_damage":null,"lost_in_post":null,"other_logs":null,"out_stock_days":0,"lost_sales":0,"has_location":false,"update_date":"2026-04-04T00:06:30","atum_locations":[],"atum_stock_status":"instock","restock_status":false,"low_stock_amount":"","sales_update_date":"2026-04-04T00:06:30","calc_backorders":null,"aioseo_notices":[],"taxonomy_info":{"product_cat":[{"value":317,"label":"Antikvari\u00e1t"},{"value":347,"label":"Antikvari\u00e1t knihy"}],"product_tag":[{"value":222,"label":"Aero"},{"value":352,"label":"Automobily"},{"value":227,"label":"Jawa"},{"value":515,"label":"j\u00edzdn\u00ed kola"},{"value":228,"label":"L&amp;K"},{"value":353,"label":"Motocykly"},{"value":361,"label":"N\u00e1kladn\u00ed automobily"},{"value":351,"label":"Osobnosti"},{"value":223,"label":"Praga"},{"value":422,"label":"p\u0159\u00edslu\u0161enstv\u00ed"},{"value":224,"label":"\u0160koda"},{"value":219,"label":"Tatra"},{"value":232,"label":"Walter"},{"value":237,"label":"Wikov"}]},"featured_image_src_large":["https:\/\/www.motorjournal.cz\/wp-content\/uploads\/2023\/02\/A0974_transportcatalogue-1.jpg",668,963,false],"author_info":[],"comment_info":"","_links":{"self":[{"href":"https:\/\/www.motorjournal.cz\/en\/wp-json\/wp\/v2\/product\/37023","targetHints":{"allow":["GET"]}}],"collection":[{"href":"https:\/\/www.motorjournal.cz\/en\/wp-json\/wp\/v2\/product"}],"about":[{"href":"https:\/\/www.motorjournal.cz\/en\/wp-json\/wp\/v2\/types\/product"}],"wp:featuredmedia":[{"embeddable":true,"href":"https:\/\/www.motorjournal.cz\/en\/wp-json\/wp\/v2\/media\/37024"}],"wp:attachment":[{"href":"https:\/\/www.motorjournal.cz\/en\/wp-json\/wp\/v2\/media?parent=37023"}],"wp:term":[{"taxonomy":"product_brand","embeddable":true,"href":"https:\/\/www.motorjournal.cz\/en\/wp-json\/wp\/v2\/product_brand?post=37023"},{"taxonomy":"product_cat","embeddable":true,"href":"https:\/\/www.motorjournal.cz\/en\/wp-json\/wp\/v2\/product_cat?post=37023"},{"taxonomy":"product_tag","embeddable":true,"href":"https:\/\/www.motorjournal.cz\/en\/wp-json\/wp\/v2\/product_tag?post=37023"}],"curies":[{"name":"wp","href":"https:\/\/api.w.org\/{rel}","templated":true}]}}