{"id":37103,"date":"2023-02-20T17:36:38","date_gmt":"2023-02-20T16:36:38","guid":{"rendered":"https:\/\/www.motorjournal.cz\/?post_type=product&#038;p=37103"},"modified":"2025-11-04T15:24:42","modified_gmt":"2025-11-04T14:24:42","slug":"zamecka-rallye-2016","status":"publish","type":"product","link":"https:\/\/www.motorjournal.cz\/en\/product\/zamecka-rallye-2016\/","title":{"rendered":"Castle Rally 2016"},"content":{"rendered":"<p>Commemorative book for the Castle Rally organized by the Veteran Car Club Ostrava in 2016. Photos by Ji\u0159\u00ed Jurzykowski and Tom\u00e1\u0161 Duda.<\/p>\n<p>Year of release: 2016<br \/>\nPublisher: VCC Ostrava<br \/>\nBinding: sewn in hardcover<br \/>\nFormat: 300 x 300 mm<br \/>\nNumber of pages: 62<br \/>\nCondition: very good<\/p>","protected":false},"excerpt":{"rendered":"<p>Commemorative book for the Castle Rally organized in 2016 by the Veteran Car Club Ostrava. Photos by Ji\u0159\u00ed Jurzykowski and Tom\u00e1\u0161 Duda. Year of publication: 2016 Publisher: VCC Ostrava Binding: sewn in hardcover Format: 300 x 300 mm Number of pages: 62 Condition: very good<\/p>","protected":false},"featured_media":37104,"template":"","meta":{"kt_blocks_editor_width":"","_kad_blocks_custom_css":"","_kad_blocks_head_custom_js":"","_kad_blocks_body_custom_js":"","_kad_blocks_footer_custom_js":""},"product_brand":[],"product_cat":[317,347],"product_tag":[717,352,716,229],"class_list":{"0":"post-37103","1":"product","2":"type-product","3":"status-publish","4":"has-post-thumbnail","6":"product_cat-antikvariat","7":"product_cat-antikvariat-knihy","8":"product_tag-automobilove-souteze","9":"product_tag-automobily","10":"product_tag-rally","11":"product_tag-zavody","13":"first","14":"instock","15":"sale","16":"taxable","17":"shipping-taxable","18":"purchasable","19":"product-type-simple"},"supplier_id":null,"supplier_sku":"","barcode":null,"atum_controlled":false,"out_stock_date":null,"out_stock_threshold":null,"inheritable":false,"inbound_stock":null,"stock_on_hold":0,"sold_today":0,"sales_last_days":0,"reserved_stock":null,"customer_returns":null,"warehouse_damage":null,"lost_in_post":null,"other_logs":null,"out_stock_days":0,"lost_sales":0,"has_location":false,"update_date":"2026-04-05T00:06:43","atum_locations":[],"atum_stock_status":"instock","restock_status":false,"low_stock_amount":"","sales_update_date":"2026-04-05T00:06:43","calc_backorders":null,"aioseo_notices":[],"taxonomy_info":{"product_cat":[{"value":317,"label":"Antikvari\u00e1t"},{"value":347,"label":"Antikvari\u00e1t knihy"}],"product_tag":[{"value":717,"label":"automobilov\u00e9 sout\u011b\u017ee"},{"value":352,"label":"Automobily"},{"value":716,"label":"Rally"},{"value":229,"label":"z\u00e1vody"}]},"featured_image_src_large":["https:\/\/www.motorjournal.cz\/wp-content\/uploads\/2023\/02\/A0985_zamecka-1-1002x1024.jpg",1002,1024,true],"author_info":[],"comment_info":"","_links":{"self":[{"href":"https:\/\/www.motorjournal.cz\/en\/wp-json\/wp\/v2\/product\/37103","targetHints":{"allow":["GET"]}}],"collection":[{"href":"https:\/\/www.motorjournal.cz\/en\/wp-json\/wp\/v2\/product"}],"about":[{"href":"https:\/\/www.motorjournal.cz\/en\/wp-json\/wp\/v2\/types\/product"}],"wp:featuredmedia":[{"embeddable":true,"href":"https:\/\/www.motorjournal.cz\/en\/wp-json\/wp\/v2\/media\/37104"}],"wp:attachment":[{"href":"https:\/\/www.motorjournal.cz\/en\/wp-json\/wp\/v2\/media?parent=37103"}],"wp:term":[{"taxonomy":"product_brand","embeddable":true,"href":"https:\/\/www.motorjournal.cz\/en\/wp-json\/wp\/v2\/product_brand?post=37103"},{"taxonomy":"product_cat","embeddable":true,"href":"https:\/\/www.motorjournal.cz\/en\/wp-json\/wp\/v2\/product_cat?post=37103"},{"taxonomy":"product_tag","embeddable":true,"href":"https:\/\/www.motorjournal.cz\/en\/wp-json\/wp\/v2\/product_tag?post=37103"}],"curies":[{"name":"wp","href":"https:\/\/api.w.org\/{rel}","templated":true}]}}