{"id":37107,"date":"2023-02-20T18:20:49","date_gmt":"2023-02-20T17:20:49","guid":{"rendered":"https:\/\/www.motorjournal.cz\/?post_type=product&#038;p=37107"},"modified":"2025-11-04T15:24:42","modified_gmt":"2025-11-04T14:24:42","slug":"skoda-garde","status":"publish","type":"product","link":"https:\/\/www.motorjournal.cz\/en\/product\/skoda-garde\/","title":{"rendered":"Skoda Garde"},"content":{"rendered":"<p>Original advertising flyer from the 1980s<\/p>\n<p>Year of release:<br \/>\nPublisher: Automobile Works NP Mlad\u00e1 Boleslav<br \/>\nCustody:<br \/>\nFormat: A3 folded in half<br \/>\nNumber of pages:<br \/>\nCondition: excellent<\/p>","protected":false},"excerpt":{"rendered":"<p>Original advertising leaflet from the 1980s Year of publication: Publisher: Automobilov\u00e9 z\u00e1vody np Mlad\u00e1 Boleslav Binding: Format: A3 folded in half Number of pages: Condition: excellent<\/p>","protected":false},"featured_media":37108,"template":"","meta":{"kt_blocks_editor_width":"","_kad_blocks_custom_css":"","_kad_blocks_head_custom_js":"","_kad_blocks_body_custom_js":"","_kad_blocks_footer_custom_js":""},"product_brand":[],"product_cat":[317,349],"product_tag":[352,224],"class_list":{"0":"post-37107","1":"product","2":"type-product","3":"status-publish","4":"has-post-thumbnail","6":"product_cat-antikvariat","7":"product_cat-antikvariat-prospekty","8":"product_tag-automobily","9":"product_tag-skoda","11":"first","12":"instock","13":"sale","14":"taxable","15":"shipping-taxable","16":"purchasable","17":"product-type-simple"},"supplier_id":null,"supplier_sku":"","barcode":null,"atum_controlled":false,"out_stock_date":null,"out_stock_threshold":null,"inheritable":false,"inbound_stock":null,"stock_on_hold":0,"sold_today":0,"sales_last_days":0,"reserved_stock":null,"customer_returns":null,"warehouse_damage":null,"lost_in_post":null,"other_logs":null,"out_stock_days":0,"lost_sales":0,"has_location":false,"update_date":"2026-04-05T00:06:42","atum_locations":[],"atum_stock_status":"instock","restock_status":false,"low_stock_amount":"","sales_update_date":"2026-04-05T00:06:42","calc_backorders":null,"aioseo_notices":[],"taxonomy_info":{"product_cat":[{"value":317,"label":"Antikvari\u00e1t"},{"value":349,"label":"Antikvari\u00e1t prospekty"}],"product_tag":[{"value":352,"label":"Automobily"},{"value":224,"label":"\u0160koda"}]},"featured_image_src_large":["https:\/\/www.motorjournal.cz\/wp-content\/uploads\/2023\/02\/A0986_skodagarde-1-717x1024.jpg",717,1024,true],"author_info":[],"comment_info":"","_links":{"self":[{"href":"https:\/\/www.motorjournal.cz\/en\/wp-json\/wp\/v2\/product\/37107","targetHints":{"allow":["GET"]}}],"collection":[{"href":"https:\/\/www.motorjournal.cz\/en\/wp-json\/wp\/v2\/product"}],"about":[{"href":"https:\/\/www.motorjournal.cz\/en\/wp-json\/wp\/v2\/types\/product"}],"wp:featuredmedia":[{"embeddable":true,"href":"https:\/\/www.motorjournal.cz\/en\/wp-json\/wp\/v2\/media\/37108"}],"wp:attachment":[{"href":"https:\/\/www.motorjournal.cz\/en\/wp-json\/wp\/v2\/media?parent=37107"}],"wp:term":[{"taxonomy":"product_brand","embeddable":true,"href":"https:\/\/www.motorjournal.cz\/en\/wp-json\/wp\/v2\/product_brand?post=37107"},{"taxonomy":"product_cat","embeddable":true,"href":"https:\/\/www.motorjournal.cz\/en\/wp-json\/wp\/v2\/product_cat?post=37107"},{"taxonomy":"product_tag","embeddable":true,"href":"https:\/\/www.motorjournal.cz\/en\/wp-json\/wp\/v2\/product_tag?post=37107"}],"curies":[{"name":"wp","href":"https:\/\/api.w.org\/{rel}","templated":true}]}}