{"id":37427,"date":"2023-03-09T16:00:19","date_gmt":"2023-03-09T15:00:19","guid":{"rendered":"https:\/\/www.motorjournal.cz\/?post_type=product&#038;p=37427"},"modified":"2025-11-04T15:24:41","modified_gmt":"2025-11-04T14:24:41","slug":"citroen-dates-3","status":"publish","type":"product","link":"https:\/\/www.motorjournal.cz\/en\/product\/citroen-dates-3\/","title":{"rendered":"Citro\u00ebn \u2013 Dates"},"content":{"rendered":"<p>A comprehensive history of the Citro\u00ebn car manufacturer from 1919 to 1998, published by the car manufacturer itself. Lots of photographs with brief English text not only about the cars described, but also about contemporary historical events. Completed with tables of the number of units produced and an index. Paperback edition, high-quality printing.<\/p>\n<p>Year of release: 1999<br \/>\nPublisher: Corporate Communication Division<\/p>\n<p>Binding: paperback<br \/>\nFormat: 195 x 297 mm<br \/>\nNumber of pages: 74<br \/>\nCondition: very good<\/p>","protected":false},"excerpt":{"rendered":"<p>Historie voz\u016f Citroen v&nbsp;datech, text v&nbsp;angli\u010dtin\u011b. P\u0159ehledn\u011b uspo\u0159\u00e1dan\u00e1 bro\u017eura s&nbsp;mnoha tabulkami.<\/p>","protected":false},"featured_media":8565,"template":"","meta":{"kt_blocks_editor_width":"","_kad_blocks_custom_css":"","_kad_blocks_head_custom_js":"","_kad_blocks_body_custom_js":"","_kad_blocks_footer_custom_js":""},"product_brand":[],"product_cat":[317,347],"product_tag":[352,354],"class_list":{"0":"post-37427","1":"product","2":"type-product","3":"status-publish","4":"has-post-thumbnail","6":"product_cat-antikvariat","7":"product_cat-antikvariat-knihy","8":"product_tag-automobily","9":"product_tag-citroen","11":"first","12":"instock","13":"sale","14":"taxable","15":"shipping-taxable","16":"purchasable","17":"product-type-simple"},"supplier_id":null,"supplier_sku":"","barcode":null,"atum_controlled":false,"out_stock_date":null,"out_stock_threshold":null,"inheritable":false,"inbound_stock":null,"stock_on_hold":0,"sold_today":0,"sales_last_days":0,"reserved_stock":null,"customer_returns":null,"warehouse_damage":null,"lost_in_post":null,"other_logs":null,"out_stock_days":0,"lost_sales":0,"has_location":false,"update_date":"2026-04-04T00:06:24","atum_locations":[],"atum_stock_status":"instock","restock_status":false,"low_stock_amount":"","sales_update_date":"2026-04-04T00:06:24","calc_backorders":null,"aioseo_notices":[],"taxonomy_info":{"product_cat":[{"value":317,"label":"Antikvari\u00e1t"},{"value":347,"label":"Antikvari\u00e1t knihy"}],"product_tag":[{"value":352,"label":"Automobily"},{"value":354,"label":"Citro\u00ebn"}]},"featured_image_src_large":["https:\/\/www.motorjournal.cz\/wp-content\/uploads\/2019\/03\/A0084_citroendates.jpeg",585,842,false],"author_info":[],"comment_info":"","_links":{"self":[{"href":"https:\/\/www.motorjournal.cz\/en\/wp-json\/wp\/v2\/product\/37427","targetHints":{"allow":["GET"]}}],"collection":[{"href":"https:\/\/www.motorjournal.cz\/en\/wp-json\/wp\/v2\/product"}],"about":[{"href":"https:\/\/www.motorjournal.cz\/en\/wp-json\/wp\/v2\/types\/product"}],"wp:featuredmedia":[{"embeddable":true,"href":"https:\/\/www.motorjournal.cz\/en\/wp-json\/wp\/v2\/media\/8565"}],"wp:attachment":[{"href":"https:\/\/www.motorjournal.cz\/en\/wp-json\/wp\/v2\/media?parent=37427"}],"wp:term":[{"taxonomy":"product_brand","embeddable":true,"href":"https:\/\/www.motorjournal.cz\/en\/wp-json\/wp\/v2\/product_brand?post=37427"},{"taxonomy":"product_cat","embeddable":true,"href":"https:\/\/www.motorjournal.cz\/en\/wp-json\/wp\/v2\/product_cat?post=37427"},{"taxonomy":"product_tag","embeddable":true,"href":"https:\/\/www.motorjournal.cz\/en\/wp-json\/wp\/v2\/product_tag?post=37427"}],"curies":[{"name":"wp","href":"https:\/\/api.w.org\/{rel}","templated":true}]}}