{"id":37620,"date":"2023-03-21T13:32:02","date_gmt":"2023-03-21T12:32:02","guid":{"rendered":"https:\/\/www.motorjournal.cz\/?post_type=product&#038;p=37620"},"modified":"2025-11-04T15:24:41","modified_gmt":"2025-11-04T14:24:41","slug":"cesky-autosalon-97","status":"publish","type":"product","link":"https:\/\/www.motorjournal.cz\/en\/product\/cesky-autosalon-97\/","title":{"rendered":"Czech Auto Show &#039;97"},"content":{"rendered":"<p>Official catalogue of the Brno Motor Show 1997. Contains descriptions of passenger cars, off-road vehicles and light commercial vehicles, the appendices contain an overview of the range of tyres, oils, car radios and other accessories.<\/p>\n<p>Year of release: 1997<br \/>\nPublisher: Automedia<br \/>\nBinding: glued<br \/>\nFormat: 210 x 300 mm<br \/>\nNumber of pages: 236 + 18 pages price list<br \/>\nCondition: good<\/p>","protected":false},"excerpt":{"rendered":"<p>Official catalogue of the Brno Motor Show 1997. Contains descriptions of passenger cars, off-road and light commercial vehicles, the appendices contain an overview of the range of tyres, oils, car radios and other accessories. Year of publication: 1997 Publisher: Automedia Binding: glued Format: 210 x 300 mm Number of pages: 236 + 18 pages price list \u2026 <a class=\"kt-excerpt-readmore\" href=\"https:\/\/www.motorjournal.cz\/en\/product\/cesky-autosalon-97\/\" aria-label=\"Czech Auto Show &#039;97\">Full text<\/a><\/p>","protected":false},"featured_media":37621,"template":"","meta":{"kt_blocks_editor_width":"","_kad_blocks_custom_css":"","_kad_blocks_head_custom_js":"","_kad_blocks_body_custom_js":"","_kad_blocks_footer_custom_js":""},"product_brand":[],"product_cat":[317,349],"product_tag":[352,422,732,733],"class_list":{"0":"post-37620","1":"product","2":"type-product","3":"status-publish","4":"has-post-thumbnail","6":"product_cat-antikvariat","7":"product_cat-antikvariat-prospekty","8":"product_tag-automobily","9":"product_tag-prislusenstvi","10":"product_tag-veletrhy","11":"product_tag-vystavy","13":"first","14":"instock","15":"sale","16":"taxable","17":"shipping-taxable","18":"purchasable","19":"product-type-simple"},"supplier_id":null,"supplier_sku":"","barcode":null,"atum_controlled":false,"out_stock_date":null,"out_stock_threshold":null,"inheritable":false,"inbound_stock":null,"stock_on_hold":0,"sold_today":0,"sales_last_days":0,"reserved_stock":null,"customer_returns":null,"warehouse_damage":null,"lost_in_post":null,"other_logs":null,"out_stock_days":0,"lost_sales":0,"has_location":false,"update_date":"2026-04-04T00:06:27","atum_locations":[],"atum_stock_status":"instock","restock_status":false,"low_stock_amount":"","sales_update_date":"2026-04-04T00:06:27","calc_backorders":null,"aioseo_notices":[],"taxonomy_info":{"product_cat":[{"value":317,"label":"Antikvari\u00e1t"},{"value":349,"label":"Antikvari\u00e1t prospekty"}],"product_tag":[{"value":352,"label":"Automobily"},{"value":422,"label":"p\u0159\u00edslu\u0161enstv\u00ed"},{"value":732,"label":"veletrhy"},{"value":733,"label":"v\u00fdstavy"}]},"featured_image_src_large":["https:\/\/www.motorjournal.cz\/wp-content\/uploads\/2023\/03\/A1021_ceskyautosalon-1-735x1024.jpg",735,1024,true],"author_info":[],"comment_info":"","_links":{"self":[{"href":"https:\/\/www.motorjournal.cz\/en\/wp-json\/wp\/v2\/product\/37620","targetHints":{"allow":["GET"]}}],"collection":[{"href":"https:\/\/www.motorjournal.cz\/en\/wp-json\/wp\/v2\/product"}],"about":[{"href":"https:\/\/www.motorjournal.cz\/en\/wp-json\/wp\/v2\/types\/product"}],"wp:featuredmedia":[{"embeddable":true,"href":"https:\/\/www.motorjournal.cz\/en\/wp-json\/wp\/v2\/media\/37621"}],"wp:attachment":[{"href":"https:\/\/www.motorjournal.cz\/en\/wp-json\/wp\/v2\/media?parent=37620"}],"wp:term":[{"taxonomy":"product_brand","embeddable":true,"href":"https:\/\/www.motorjournal.cz\/en\/wp-json\/wp\/v2\/product_brand?post=37620"},{"taxonomy":"product_cat","embeddable":true,"href":"https:\/\/www.motorjournal.cz\/en\/wp-json\/wp\/v2\/product_cat?post=37620"},{"taxonomy":"product_tag","embeddable":true,"href":"https:\/\/www.motorjournal.cz\/en\/wp-json\/wp\/v2\/product_tag?post=37620"}],"curies":[{"name":"wp","href":"https:\/\/api.w.org\/{rel}","templated":true}]}}