{"id":37626,"date":"2023-03-21T14:15:58","date_gmt":"2023-03-21T13:15:58","guid":{"rendered":"https:\/\/www.motorjournal.cz\/?post_type=product&#038;p=37626"},"modified":"2025-11-04T15:24:41","modified_gmt":"2025-11-04T14:24:41","slug":"cesky-motosalon-97","status":"publish","type":"product","link":"https:\/\/www.motorjournal.cz\/en\/product\/cesky-motosalon-97\/","title":{"rendered":"Czech Motor Show &#039;97"},"content":{"rendered":"<p>Catalog of motorcycles on the Czech market in 1997.<\/p>\n<p>Year of release: 1997<br \/>\nPublisher: Automedia<br \/>\nBinding: V2<br \/>\nFormat: 210 x 300 mm<br \/>\nNumber of pages: 68<br \/>\nCondition: very good<\/p>","protected":false},"excerpt":{"rendered":"<p>Catalog of motorcycles on the Czech market in 1997. Year of publication: 1997 Publisher: Automedia Binding: V2 Format: 210 x 300 mm Number of pages: 68 Condition: very good<\/p>","protected":false},"featured_media":37627,"template":"","meta":{"kt_blocks_editor_width":"","_kad_blocks_custom_css":"","_kad_blocks_head_custom_js":"","_kad_blocks_body_custom_js":"","_kad_blocks_footer_custom_js":""},"product_brand":[],"product_cat":[317,349],"product_tag":[353,422,732,733],"class_list":{"0":"post-37626","1":"product","2":"type-product","3":"status-publish","4":"has-post-thumbnail","6":"product_cat-antikvariat","7":"product_cat-antikvariat-prospekty","8":"product_tag-motocykly","9":"product_tag-prislusenstvi","10":"product_tag-veletrhy","11":"product_tag-vystavy","13":"first","14":"instock","15":"sale","16":"taxable","17":"shipping-taxable","18":"purchasable","19":"product-type-simple"},"supplier_id":null,"supplier_sku":"","barcode":null,"atum_controlled":false,"out_stock_date":null,"out_stock_threshold":null,"inheritable":false,"inbound_stock":null,"stock_on_hold":0,"sold_today":0,"sales_last_days":0,"reserved_stock":null,"customer_returns":null,"warehouse_damage":null,"lost_in_post":null,"other_logs":null,"out_stock_days":0,"lost_sales":0,"has_location":false,"update_date":"2026-04-04T00:06:27","atum_locations":[],"atum_stock_status":"instock","restock_status":false,"low_stock_amount":"","sales_update_date":"2026-04-04T00:06:27","calc_backorders":null,"aioseo_notices":[],"taxonomy_info":{"product_cat":[{"value":317,"label":"Antikvari\u00e1t"},{"value":349,"label":"Antikvari\u00e1t prospekty"}],"product_tag":[{"value":353,"label":"Motocykly"},{"value":422,"label":"p\u0159\u00edslu\u0161enstv\u00ed"},{"value":732,"label":"veletrhy"},{"value":733,"label":"v\u00fdstavy"}]},"featured_image_src_large":["https:\/\/www.motorjournal.cz\/wp-content\/uploads\/2023\/03\/A1022_ceskymotosalon-1-737x1024.jpg",737,1024,true],"author_info":[],"comment_info":"","_links":{"self":[{"href":"https:\/\/www.motorjournal.cz\/en\/wp-json\/wp\/v2\/product\/37626","targetHints":{"allow":["GET"]}}],"collection":[{"href":"https:\/\/www.motorjournal.cz\/en\/wp-json\/wp\/v2\/product"}],"about":[{"href":"https:\/\/www.motorjournal.cz\/en\/wp-json\/wp\/v2\/types\/product"}],"wp:featuredmedia":[{"embeddable":true,"href":"https:\/\/www.motorjournal.cz\/en\/wp-json\/wp\/v2\/media\/37627"}],"wp:attachment":[{"href":"https:\/\/www.motorjournal.cz\/en\/wp-json\/wp\/v2\/media?parent=37626"}],"wp:term":[{"taxonomy":"product_brand","embeddable":true,"href":"https:\/\/www.motorjournal.cz\/en\/wp-json\/wp\/v2\/product_brand?post=37626"},{"taxonomy":"product_cat","embeddable":true,"href":"https:\/\/www.motorjournal.cz\/en\/wp-json\/wp\/v2\/product_cat?post=37626"},{"taxonomy":"product_tag","embeddable":true,"href":"https:\/\/www.motorjournal.cz\/en\/wp-json\/wp\/v2\/product_tag?post=37626"}],"curies":[{"name":"wp","href":"https:\/\/api.w.org\/{rel}","templated":true}]}}