{"id":37739,"date":"2023-03-27T11:13:09","date_gmt":"2023-03-27T10:13:09","guid":{"rendered":"https:\/\/www.motorjournal.cz\/?post_type=product&#038;p=37739"},"modified":"2026-01-12T08:56:21","modified_gmt":"2026-01-12T07:56:21","slug":"renault-twingo","status":"publish","type":"product","link":"https:\/\/www.motorjournal.cz\/en\/product\/renault-twingo\/","title":{"rendered":"Renault Megane"},"content":{"rendered":"<p>Czech advertising brochure Renault Twingo.<\/p>\n<p>Year of release: 1997<br \/>\nPublisher: Renault<br \/>\nBinding: V2<br \/>\nFormat: 210 x 297 mm<br \/>\nNumber of pages: 10<br \/>\nCondition: excellent<\/p>","protected":false},"excerpt":{"rendered":"<p>\u010cesk\u00e1 reklamn\u00ed bro\u017eura Renault Twingo. Rok vyd\u00e1n\u00ed: 1997 Nakladatel: Renault Vazba: V2 Form\u00e1t: 210 x 297 mm Po\u010det stran: 10 Stav: vynikaj\u00edc\u00ed<\/p>","protected":false},"featured_media":37740,"template":"","meta":{"kt_blocks_editor_width":"","_kad_blocks_custom_css":"","_kad_blocks_head_custom_js":"","_kad_blocks_body_custom_js":"","_kad_blocks_footer_custom_js":""},"product_brand":[],"product_cat":[317,349],"product_tag":[357],"class_list":{"0":"post-37739","1":"product","2":"type-product","3":"status-publish","4":"has-post-thumbnail","6":"product_cat-antikvariat","7":"product_cat-antikvariat-prospekty","8":"product_tag-renault","10":"first","11":"outofstock","12":"sale","13":"taxable","14":"shipping-taxable","15":"purchasable","16":"product-type-simple"},"supplier_id":null,"supplier_sku":"","barcode":null,"atum_controlled":false,"out_stock_date":null,"out_stock_threshold":null,"inheritable":false,"inbound_stock":null,"stock_on_hold":0,"sold_today":0,"sales_last_days":0,"reserved_stock":null,"customer_returns":null,"warehouse_damage":null,"lost_in_post":null,"other_logs":null,"out_stock_days":0,"lost_sales":0,"has_location":false,"update_date":"2026-04-16T00:41:12","atum_locations":[],"atum_stock_status":"outofstock","restock_status":false,"low_stock_amount":"","sales_update_date":"2026-04-16T00:41:12","calc_backorders":null,"aioseo_notices":[],"taxonomy_info":{"product_cat":[{"value":317,"label":"Antikvari\u00e1t"},{"value":349,"label":"Antikvari\u00e1t prospekty"}],"product_tag":[{"value":357,"label":"Renault"}]},"featured_image_src_large":["https:\/\/www.motorjournal.cz\/wp-content\/uploads\/2023\/03\/A1038_twingo-1-735x1024.jpg",735,1024,true],"author_info":[],"comment_info":"","_links":{"self":[{"href":"https:\/\/www.motorjournal.cz\/en\/wp-json\/wp\/v2\/product\/37739","targetHints":{"allow":["GET"]}}],"collection":[{"href":"https:\/\/www.motorjournal.cz\/en\/wp-json\/wp\/v2\/product"}],"about":[{"href":"https:\/\/www.motorjournal.cz\/en\/wp-json\/wp\/v2\/types\/product"}],"wp:featuredmedia":[{"embeddable":true,"href":"https:\/\/www.motorjournal.cz\/en\/wp-json\/wp\/v2\/media\/37740"}],"wp:attachment":[{"href":"https:\/\/www.motorjournal.cz\/en\/wp-json\/wp\/v2\/media?parent=37739"}],"wp:term":[{"taxonomy":"product_brand","embeddable":true,"href":"https:\/\/www.motorjournal.cz\/en\/wp-json\/wp\/v2\/product_brand?post=37739"},{"taxonomy":"product_cat","embeddable":true,"href":"https:\/\/www.motorjournal.cz\/en\/wp-json\/wp\/v2\/product_cat?post=37739"},{"taxonomy":"product_tag","embeddable":true,"href":"https:\/\/www.motorjournal.cz\/en\/wp-json\/wp\/v2\/product_tag?post=37739"}],"curies":[{"name":"wp","href":"https:\/\/api.w.org\/{rel}","templated":true}]}}