{"id":37803,"date":"2023-03-28T13:11:02","date_gmt":"2023-03-28T12:11:02","guid":{"rendered":"https:\/\/www.motorjournal.cz\/?post_type=product&#038;p=37803"},"modified":"2025-11-04T15:24:39","modified_gmt":"2025-11-04T14:24:39","slug":"technika-prekonava-prostor-a-cas","status":"publish","type":"product","link":"https:\/\/www.motorjournal.cz\/en\/product\/technika-prekonava-prostor-a-cas\/","title":{"rendered":"Technology transcends space and time"},"content":{"rendered":"<p><span class=\"start_text\">A book about the development and all types of means of transport. Richly illustrated by the famous artist Theodore Rotrekl.<br \/>\n<\/span><\/p>\n<p>Year of publication: 1955<br \/>\nPublisher: Young Front<br \/>\nBinding: sewn in hardcover<br \/>\nFormat: 220 x 300 mm<br \/>\nNumber of pages: 550<br \/>\nCondition: very good, missing dust jacket<\/p>","protected":false},"excerpt":{"rendered":"<p>author: Pavel Benes<\/p>\n<p>illustration: Theodor Rotrekl<\/p>\n<p>&nbsp;<\/p>","protected":false},"featured_media":37804,"template":"","meta":{"kt_blocks_editor_width":"","_kad_blocks_custom_css":"","_kad_blocks_head_custom_js":"","_kad_blocks_body_custom_js":"","_kad_blocks_footer_custom_js":""},"product_brand":[],"product_cat":[317,347],"product_tag":[352,411,402,238,390,227,342,356,422,224,219,378,346,371,359],"class_list":{"0":"post-37803","1":"product","2":"type-product","3":"status-publish","4":"has-post-thumbnail","6":"product_cat-antikvariat","7":"product_cat-antikvariat-knihy","8":"product_tag-automobily","9":"product_tag-bmw","10":"product_tag-bosch","11":"product_tag-fiat","12":"product_tag-ford","13":"product_tag-jawa","14":"product_tag-mercedes-benz","15":"product_tag-opel","16":"product_tag-prislusenstvi","17":"product_tag-skoda","18":"product_tag-tatra","19":"product_tag-ucebnice","20":"product_tag-vojenske-automobily","21":"product_tag-volkswagen","22":"product_tag-wartburg","24":"first","25":"instock","26":"sale","27":"taxable","28":"shipping-taxable","29":"purchasable","30":"product-type-simple"},"supplier_id":null,"supplier_sku":"","barcode":null,"atum_controlled":false,"out_stock_date":null,"out_stock_threshold":null,"inheritable":false,"inbound_stock":null,"stock_on_hold":0,"sold_today":0,"sales_last_days":0,"reserved_stock":null,"customer_returns":null,"warehouse_damage":null,"lost_in_post":null,"other_logs":null,"out_stock_days":0,"lost_sales":0,"has_location":false,"update_date":"2026-04-04T00:06:32","atum_locations":[],"atum_stock_status":"instock","restock_status":false,"low_stock_amount":"","sales_update_date":"2026-04-04T00:06:32","calc_backorders":null,"aioseo_notices":[],"taxonomy_info":{"product_cat":[{"value":317,"label":"Antikvari\u00e1t"},{"value":347,"label":"Antikvari\u00e1t knihy"}],"product_tag":[{"value":352,"label":"Automobily"},{"value":411,"label":"BMW"},{"value":402,"label":"Bosch"},{"value":238,"label":"Fiat"},{"value":390,"label":"Ford"},{"value":227,"label":"Jawa"},{"value":342,"label":"Mercedes-Benz"},{"value":356,"label":"Opel"},{"value":422,"label":"p\u0159\u00edslu\u0161enstv\u00ed"},{"value":224,"label":"\u0160koda"},{"value":219,"label":"Tatra"},{"value":378,"label":"u\u010debnice"},{"value":346,"label":"vojensk\u00e9 automobily"},{"value":371,"label":"Volkswagen"},{"value":359,"label":"Wartburg"}]},"featured_image_src_large":["https:\/\/www.motorjournal.cz\/wp-content\/uploads\/2023\/03\/A1047_technikaprekona-1-743x1024.jpg",743,1024,true],"author_info":[],"comment_info":"","_links":{"self":[{"href":"https:\/\/www.motorjournal.cz\/en\/wp-json\/wp\/v2\/product\/37803","targetHints":{"allow":["GET"]}}],"collection":[{"href":"https:\/\/www.motorjournal.cz\/en\/wp-json\/wp\/v2\/product"}],"about":[{"href":"https:\/\/www.motorjournal.cz\/en\/wp-json\/wp\/v2\/types\/product"}],"wp:featuredmedia":[{"embeddable":true,"href":"https:\/\/www.motorjournal.cz\/en\/wp-json\/wp\/v2\/media\/37804"}],"wp:attachment":[{"href":"https:\/\/www.motorjournal.cz\/en\/wp-json\/wp\/v2\/media?parent=37803"}],"wp:term":[{"taxonomy":"product_brand","embeddable":true,"href":"https:\/\/www.motorjournal.cz\/en\/wp-json\/wp\/v2\/product_brand?post=37803"},{"taxonomy":"product_cat","embeddable":true,"href":"https:\/\/www.motorjournal.cz\/en\/wp-json\/wp\/v2\/product_cat?post=37803"},{"taxonomy":"product_tag","embeddable":true,"href":"https:\/\/www.motorjournal.cz\/en\/wp-json\/wp\/v2\/product_tag?post=37803"}],"curies":[{"name":"wp","href":"https:\/\/api.w.org\/{rel}","templated":true}]}}