{"id":37879,"date":"2023-03-31T13:17:00","date_gmt":"2023-03-31T12:17:00","guid":{"rendered":"https:\/\/www.motorjournal.cz\/?post_type=product&#038;p=37879"},"modified":"2025-11-04T15:24:03","modified_gmt":"2025-11-04T14:24:03","slug":"vybusny-zlotvor","status":"publish","type":"product","link":"https:\/\/www.motorjournal.cz\/en\/product\/vybusny-zlotvor\/","title":{"rendered":"Explosive villain"},"content":{"rendered":"<p><span class=\"end_text et_96375\"><span class=\"start_text\">A novel about the tragicomic fate of an old pensioner who moved from the countryside to Prague. Annoyed by the noise of street vehicles, robbed on all sides by unscrupulous people<\/span><span class=\"end_text et_15735\">He is tormented by his nephew and the people who take advantage of his gullibility, and he eventually dies, the only way he finds peace. The novel was originally published serially in the magazine Pestr\u00fd t\u00fdden in 1933 and 1934. Lots of period advertisements and illustrations by Kamil Lhot\u00e1k.<br \/>\n<\/span><\/span><\/p>\n<p>Year of publication: 1983<br \/>\nPublisher: Odeon<br \/>\nBinding: sewn in hardcover<br \/>\nFormat: 170x 230 mm<br \/>\nNumber of pages: 268<br \/>\nCondition: very good, only the cover is damaged<\/p>","protected":false},"excerpt":{"rendered":"<p>author: Jaromir John<\/p>\n<p>illustration: Kamil Lhot\u00e1k<\/p>","protected":false},"featured_media":37880,"template":"","meta":{"kt_blocks_editor_width":"","_kad_blocks_custom_css":"","_kad_blocks_head_custom_js":"","_kad_blocks_body_custom_js":"","_kad_blocks_footer_custom_js":""},"product_brand":[],"product_cat":[317,347],"product_tag":[352,353],"class_list":{"0":"post-37879","1":"product","2":"type-product","3":"status-publish","4":"has-post-thumbnail","6":"product_cat-antikvariat","7":"product_cat-antikvariat-knihy","8":"product_tag-automobily","9":"product_tag-motocykly","11":"first","12":"instock","13":"sale","14":"taxable","15":"shipping-taxable","16":"purchasable","17":"product-type-simple"},"supplier_id":null,"supplier_sku":"","barcode":null,"atum_controlled":false,"out_stock_date":null,"out_stock_threshold":null,"inheritable":false,"inbound_stock":null,"stock_on_hold":0,"sold_today":0,"sales_last_days":0,"reserved_stock":null,"customer_returns":null,"warehouse_damage":null,"lost_in_post":null,"other_logs":null,"out_stock_days":0,"lost_sales":0,"has_location":false,"update_date":"2026-04-04T00:06:25","atum_locations":[],"atum_stock_status":"instock","restock_status":false,"low_stock_amount":"","sales_update_date":"2026-04-04T00:06:25","calc_backorders":null,"aioseo_notices":[],"taxonomy_info":{"product_cat":[{"value":317,"label":"Antikvari\u00e1t"},{"value":347,"label":"Antikvari\u00e1t knihy"}],"product_tag":[{"value":352,"label":"Automobily"},{"value":353,"label":"Motocykly"}]},"featured_image_src_large":["https:\/\/www.motorjournal.cz\/wp-content\/uploads\/2023\/03\/A1058_vybusnyzlo-1.jpg",679,920,false],"author_info":[],"comment_info":"","_links":{"self":[{"href":"https:\/\/www.motorjournal.cz\/en\/wp-json\/wp\/v2\/product\/37879","targetHints":{"allow":["GET"]}}],"collection":[{"href":"https:\/\/www.motorjournal.cz\/en\/wp-json\/wp\/v2\/product"}],"about":[{"href":"https:\/\/www.motorjournal.cz\/en\/wp-json\/wp\/v2\/types\/product"}],"wp:featuredmedia":[{"embeddable":true,"href":"https:\/\/www.motorjournal.cz\/en\/wp-json\/wp\/v2\/media\/37880"}],"wp:attachment":[{"href":"https:\/\/www.motorjournal.cz\/en\/wp-json\/wp\/v2\/media?parent=37879"}],"wp:term":[{"taxonomy":"product_brand","embeddable":true,"href":"https:\/\/www.motorjournal.cz\/en\/wp-json\/wp\/v2\/product_brand?post=37879"},{"taxonomy":"product_cat","embeddable":true,"href":"https:\/\/www.motorjournal.cz\/en\/wp-json\/wp\/v2\/product_cat?post=37879"},{"taxonomy":"product_tag","embeddable":true,"href":"https:\/\/www.motorjournal.cz\/en\/wp-json\/wp\/v2\/product_tag?post=37879"}],"curies":[{"name":"wp","href":"https:\/\/api.w.org\/{rel}","templated":true}]}}