{"id":37885,"date":"2023-03-31T13:26:45","date_gmt":"2023-03-31T12:26:45","guid":{"rendered":"https:\/\/www.motorjournal.cz\/?post_type=product&#038;p=37885"},"modified":"2025-11-04T15:24:02","modified_gmt":"2025-11-04T14:24:02","slug":"veterani-silnic-a-zavodnich-drah-2","status":"publish","type":"product","link":"https:\/\/www.motorjournal.cz\/en\/product\/veterani-silnic-a-zavodnich-drah-2\/","title":{"rendered":"Road and race track veterans"},"content":{"rendered":"<p><span class=\"end_text et_73581\">Soubor 14 fotografi\u00ed Anton\u00edna Bahensk\u00e9ho a&nbsp;Oty \u0160affka s&nbsp;popisy v&nbsp;desk\u00e1ch &#8211; Tatra, Laurin a&nbsp;Klement, \u0160koda, Bugatti, Jawa, \u010cechie&#8230; od renomovan\u00e9ho autora Tom\u00e1\u0161e Hyana.<br \/>\n<\/span><\/p>\n<p>Year of release:<br \/>\nNakladatel: Sv\u00e9pomoc Praha<br \/>\nCustody:<br \/>\nFormat: 105 x 150 mm<br \/>\nNumber of pages:<br \/>\nCondition: good<\/p>","protected":false},"excerpt":{"rendered":"<p>author: Antonin Bahensk\u00fd, Ota \u0160affek, Tom\u00e1\u0161 Hyan<\/p>","protected":false},"featured_media":9225,"template":"","meta":{"kt_blocks_editor_width":"","_kad_blocks_custom_css":"","_kad_blocks_head_custom_js":"","_kad_blocks_body_custom_js":"","_kad_blocks_footer_custom_js":""},"product_brand":[],"product_cat":[317,349],"product_tag":[230,352,227,223,224,219,229],"class_list":{"0":"post-37885","1":"product","2":"type-product","3":"status-publish","4":"has-post-thumbnail","6":"product_cat-antikvariat","7":"product_cat-antikvariat-prospekty","8":"product_tag-z","9":"product_tag-automobily","10":"product_tag-jawa","11":"product_tag-praga","12":"product_tag-skoda","13":"product_tag-tatra","14":"product_tag-zavody","16":"first","17":"instock","18":"sale","19":"taxable","20":"shipping-taxable","21":"purchasable","22":"product-type-simple"},"supplier_id":null,"supplier_sku":"","barcode":null,"atum_controlled":false,"out_stock_date":null,"out_stock_threshold":null,"inheritable":false,"inbound_stock":null,"stock_on_hold":0,"sold_today":0,"sales_last_days":0,"reserved_stock":null,"customer_returns":null,"warehouse_damage":null,"lost_in_post":null,"other_logs":null,"out_stock_days":0,"lost_sales":0,"has_location":false,"update_date":"2026-04-04T00:06:25","atum_locations":[],"atum_stock_status":"instock","restock_status":false,"low_stock_amount":"","sales_update_date":"2026-04-04T00:06:25","calc_backorders":null,"aioseo_notices":[],"taxonomy_info":{"product_cat":[{"value":317,"label":"Antikvari\u00e1t"},{"value":349,"label":"Antikvari\u00e1t prospekty"}],"product_tag":[{"value":230,"label":"\"Z\""},{"value":352,"label":"Automobily"},{"value":227,"label":"Jawa"},{"value":223,"label":"Praga"},{"value":224,"label":"\u0160koda"},{"value":219,"label":"Tatra"},{"value":229,"label":"z\u00e1vody"}]},"featured_image_src_large":["https:\/\/www.motorjournal.cz\/wp-content\/uploads\/2019\/04\/A0155_veteranisilnic.jpeg",305,428,false],"author_info":[],"comment_info":"","_links":{"self":[{"href":"https:\/\/www.motorjournal.cz\/en\/wp-json\/wp\/v2\/product\/37885","targetHints":{"allow":["GET"]}}],"collection":[{"href":"https:\/\/www.motorjournal.cz\/en\/wp-json\/wp\/v2\/product"}],"about":[{"href":"https:\/\/www.motorjournal.cz\/en\/wp-json\/wp\/v2\/types\/product"}],"wp:featuredmedia":[{"embeddable":true,"href":"https:\/\/www.motorjournal.cz\/en\/wp-json\/wp\/v2\/media\/9225"}],"wp:attachment":[{"href":"https:\/\/www.motorjournal.cz\/en\/wp-json\/wp\/v2\/media?parent=37885"}],"wp:term":[{"taxonomy":"product_brand","embeddable":true,"href":"https:\/\/www.motorjournal.cz\/en\/wp-json\/wp\/v2\/product_brand?post=37885"},{"taxonomy":"product_cat","embeddable":true,"href":"https:\/\/www.motorjournal.cz\/en\/wp-json\/wp\/v2\/product_cat?post=37885"},{"taxonomy":"product_tag","embeddable":true,"href":"https:\/\/www.motorjournal.cz\/en\/wp-json\/wp\/v2\/product_tag?post=37885"}],"curies":[{"name":"wp","href":"https:\/\/api.w.org\/{rel}","templated":true}]}}