{"id":37950,"date":"2023-03-31T21:01:07","date_gmt":"2023-03-31T20:01:07","guid":{"rendered":"https:\/\/www.motorjournal.cz\/?post_type=product&#038;p=37950"},"modified":"2023-10-01T00:02:17","modified_gmt":"2023-09-30T23:02:17","slug":"motor-journal-04-2023","status":"publish","type":"product","link":"https:\/\/www.motorjournal.cz\/en\/product\/motor-journal-04-2023\/","title":{"rendered":"Motor Journal 04\/2023"},"content":{"rendered":"<p><b>Motor Journal <\/b>with issue 252, of the 23rd volume, is published on Thursday, April 6, 2023. The front cover subtly entices you to the interesting content. After the editorial and a period photograph of the column <b>Bygone times <\/b>pages are opening <b>Miscellaneous news<\/b>. The first from April 1913 is about the beginnings of the magazine Auto, which was started by the Czech Automobile Club. This is followed by mutual state visits, a lantern parade to open the season, the birth and death of statesmen, rulers, inventors, designers, but also writers such as Jaroslav Ha\u0161ek. Car shows in the country and abroad, sports events, long-distance drives, acrobatics, record events in terms of speed and time endurance are other entries from the calendar. Color copies of Praga V3S brochures shifted the attention of readers to the post-war years. The present is captured by the appointment of the CEO of the Tatra company and the sudden death of a well-known collector. An exhibition was opened in \u010cesk\u00e9 Bud\u011bjovice <b>\u0160KODA \u2013 cars on posters and brochures (1945\u20132022)<\/b>. The text, supplemented with images from a private archive, feels like a confession \u2013 read <b>Competitor,<\/b> <b>collector and romantic businessman Jan \u010c\u00ed\u017eek<\/b>. The April MJ Veteran Salon presents <b>Coventry Rudge-Whitworth Ulster four-valve sprinter<\/b>. Four different auction companies participated in the program on the first weekend of March. <b>Auction at the Amelia Island Elegance Contest<\/b>.<b> <\/b>A jubilee was celebrated in Brno \u2013 <b>Septuagint Mi\u010d\u00e1nek<\/b>. The beginning of this year&#039;s season is evident from the extensive auction calendar, which, with advertisements for buying, selling and commercial offers, is the content of the last pages of the April Fool&#039;s Day MJ.<\/p>","protected":false},"excerpt":{"rendered":"<p>Editorial \u2013 One of many little things<br \/>\nFrantisek Proseck\u00fd<br \/>\nExhibition of vintage cars and motorcycles from Laurin &amp; Klement and \u0160koda<br \/>\nBook offer for motorists<br \/>\n\u0160KODA \u2013 cars on posters and brochures (1945\u20132022)<br \/>\nRacer, collector and romantic businessman Jan \u010c\u00ed\u017eek<br \/>\nVeteran Salon \u2013 Four-valve sprinter from Coventry Rudge\u2011Whitworth Ulster<br \/>\nAuction at the Amelia Island Elegance Contest<br \/>\nSeventy-year-old Ji\u0159\u00ed Mi\u010d\u00e1nek<br \/>\nCalendar of events for 2023<br \/>\nCheap for sale<\/p>","protected":false},"featured_media":37937,"template":"","meta":{"kt_blocks_editor_width":"","_kad_blocks_custom_css":"","_kad_blocks_head_custom_js":"","_kad_blocks_body_custom_js":"","_kad_blocks_footer_custom_js":""},"product_brand":[],"product_cat":[656,162],"product_tag":[],"class_list":{"0":"post-37950","1":"product","2":"type-product","3":"status-publish","4":"has-post-thumbnail","6":"product_cat-656","7":"product_cat-casopisy","9":"first","10":"instock","11":"sale","12":"taxable","13":"shipping-taxable","14":"purchasable","15":"product-type-simple"},"supplier_id":null,"supplier_sku":"","barcode":null,"atum_controlled":true,"out_stock_date":null,"out_stock_threshold":null,"inheritable":false,"inbound_stock":0,"stock_on_hold":0,"sold_today":0,"sales_last_days":0,"reserved_stock":0,"customer_returns":0,"warehouse_damage":0,"lost_in_post":0,"other_logs":0,"out_stock_days":0,"lost_sales":0,"has_location":false,"update_date":"2026-04-04T00:05:41","atum_locations":[],"atum_stock_status":"instock","restock_status":false,"low_stock_amount":"","sales_update_date":"2026-04-04T00:05:41","calc_backorders":null,"aioseo_notices":[],"taxonomy_info":{"product_cat":[{"value":656,"label":"2023"},{"value":162,"label":"\u010casopisy"}]},"featured_image_src_large":["https:\/\/www.motorjournal.cz\/wp-content\/uploads\/2023\/03\/MJ_2023_04-1.jpg",595,841,false],"author_info":[],"comment_info":"","_links":{"self":[{"href":"https:\/\/www.motorjournal.cz\/en\/wp-json\/wp\/v2\/product\/37950","targetHints":{"allow":["GET"]}}],"collection":[{"href":"https:\/\/www.motorjournal.cz\/en\/wp-json\/wp\/v2\/product"}],"about":[{"href":"https:\/\/www.motorjournal.cz\/en\/wp-json\/wp\/v2\/types\/product"}],"wp:featuredmedia":[{"embeddable":true,"href":"https:\/\/www.motorjournal.cz\/en\/wp-json\/wp\/v2\/media\/37937"}],"wp:attachment":[{"href":"https:\/\/www.motorjournal.cz\/en\/wp-json\/wp\/v2\/media?parent=37950"}],"wp:term":[{"taxonomy":"product_brand","embeddable":true,"href":"https:\/\/www.motorjournal.cz\/en\/wp-json\/wp\/v2\/product_brand?post=37950"},{"taxonomy":"product_cat","embeddable":true,"href":"https:\/\/www.motorjournal.cz\/en\/wp-json\/wp\/v2\/product_cat?post=37950"},{"taxonomy":"product_tag","embeddable":true,"href":"https:\/\/www.motorjournal.cz\/en\/wp-json\/wp\/v2\/product_tag?post=37950"}],"curies":[{"name":"wp","href":"https:\/\/api.w.org\/{rel}","templated":true}]}}