{"id":38121,"date":"2023-04-13T17:49:29","date_gmt":"2023-04-13T16:49:29","guid":{"rendered":"https:\/\/www.motorjournal.cz\/?post_type=product&#038;p=38121"},"modified":"2025-11-04T15:24:02","modified_gmt":"2025-11-04T14:24:02","slug":"rukovet-pro-ridice-motorovych-vozidel-5","status":"publish","type":"product","link":"https:\/\/www.motorjournal.cz\/en\/product\/rukovet-pro-ridice-motorovych-vozidel-5\/","title":{"rendered":"Handle for motor vehicle drivers"},"content":{"rendered":"<p>A handbook containing everything a motor vehicle driver needs to know, including detailed advice on maintenance and simple repairs. Second revised edition with many illustrations and period advertisements.<\/p>\n<p>Year of publication: 1938<br \/>\nPublisher: Military Scientific Institute<br \/>\nBinding: sewn in hardcover<br \/>\nFormat: 105 x 160 mm<br \/>\nNumber of pages: 768<br \/>\nCondition: good, spine missing<\/p>\n<p>&nbsp;<\/p>\n<p>&nbsp;<\/p>","protected":false},"excerpt":{"rendered":"<p>A handbook containing everything a motor vehicle driver needs to know, including detailed advice on maintenance and simple repairs. Second revised edition with many illustrations and period advertisements. Year of publication: 1938 Publisher: Military Scientific Institute Binding: sewn in hardcover Format: 105 x 160 mm Number of pages: \u2026 <a class=\"kt-excerpt-readmore\" href=\"https:\/\/www.motorjournal.cz\/en\/product\/rukovet-pro-ridice-motorovych-vozidel-5\/\" aria-label=\"Handle for motor vehicle drivers\">Full text<\/a><\/p>","protected":false},"featured_media":38122,"template":"","meta":{"kt_blocks_editor_width":"","_kad_blocks_custom_css":"","_kad_blocks_head_custom_js":"","_kad_blocks_body_custom_js":"","_kad_blocks_footer_custom_js":""},"product_brand":[],"product_cat":[317,347],"product_tag":[221,352,361,224,219,378],"class_list":{"0":"post-38121","1":"product","2":"type-product","3":"status-publish","4":"has-post-thumbnail","6":"product_cat-antikvariat","7":"product_cat-antikvariat-knihy","8":"product_tag-autobusy","9":"product_tag-automobily","10":"product_tag-nakladni-automobily","11":"product_tag-skoda","12":"product_tag-tatra","13":"product_tag-ucebnice","15":"first","16":"instock","17":"sale","18":"taxable","19":"shipping-taxable","20":"purchasable","21":"product-type-simple"},"supplier_id":null,"supplier_sku":"","barcode":null,"atum_controlled":false,"out_stock_date":null,"out_stock_threshold":null,"inheritable":false,"inbound_stock":null,"stock_on_hold":0,"sold_today":0,"sales_last_days":0,"reserved_stock":null,"customer_returns":null,"warehouse_damage":null,"lost_in_post":null,"other_logs":null,"out_stock_days":0,"lost_sales":0,"has_location":false,"update_date":"2026-04-04T00:06:25","atum_locations":[],"atum_stock_status":"instock","restock_status":false,"low_stock_amount":"","sales_update_date":"2026-04-04T00:06:25","calc_backorders":null,"aioseo_notices":[],"taxonomy_info":{"product_cat":[{"value":317,"label":"Antikvari\u00e1t"},{"value":347,"label":"Antikvari\u00e1t knihy"}],"product_tag":[{"value":221,"label":"Autobusy"},{"value":352,"label":"Automobily"},{"value":361,"label":"N\u00e1kladn\u00ed automobily"},{"value":224,"label":"\u0160koda"},{"value":219,"label":"Tatra"},{"value":378,"label":"u\u010debnice"}]},"featured_image_src_large":["https:\/\/www.motorjournal.cz\/wp-content\/uploads\/2023\/04\/A1078_rukovet-1.jpg",428,669,false],"author_info":[],"comment_info":"","_links":{"self":[{"href":"https:\/\/www.motorjournal.cz\/en\/wp-json\/wp\/v2\/product\/38121","targetHints":{"allow":["GET"]}}],"collection":[{"href":"https:\/\/www.motorjournal.cz\/en\/wp-json\/wp\/v2\/product"}],"about":[{"href":"https:\/\/www.motorjournal.cz\/en\/wp-json\/wp\/v2\/types\/product"}],"wp:featuredmedia":[{"embeddable":true,"href":"https:\/\/www.motorjournal.cz\/en\/wp-json\/wp\/v2\/media\/38122"}],"wp:attachment":[{"href":"https:\/\/www.motorjournal.cz\/en\/wp-json\/wp\/v2\/media?parent=38121"}],"wp:term":[{"taxonomy":"product_brand","embeddable":true,"href":"https:\/\/www.motorjournal.cz\/en\/wp-json\/wp\/v2\/product_brand?post=38121"},{"taxonomy":"product_cat","embeddable":true,"href":"https:\/\/www.motorjournal.cz\/en\/wp-json\/wp\/v2\/product_cat?post=38121"},{"taxonomy":"product_tag","embeddable":true,"href":"https:\/\/www.motorjournal.cz\/en\/wp-json\/wp\/v2\/product_tag?post=38121"}],"curies":[{"name":"wp","href":"https:\/\/api.w.org\/{rel}","templated":true}]}}