{"id":38218,"date":"2023-04-27T21:05:07","date_gmt":"2023-04-27T20:05:07","guid":{"rendered":"https:\/\/www.motorjournal.cz\/?post_type=product&#038;p=38218"},"modified":"2023-11-01T00:00:49","modified_gmt":"2023-10-31T23:00:49","slug":"motor-journal-05-2023","status":"publish","type":"product","link":"https:\/\/www.motorjournal.cz\/en\/product\/motor-journal-05-2023\/","title":{"rendered":"Motor Journal 05\/2023"},"content":{"rendered":"<p>May Day <b>Motor Journal <\/b>with serial number 253, XXIII. volume, is published on Friday, May 5, 2023. The cover page is bursting with colors and indicates the published topics. Editorial and photos Za\u0161l\u00e9 \u010dasy are preceded by a several-page <b>Miscellaneous news<\/b>. The first news from May 21, 1903 pleased Czech patriots - V\u00e1clav Vond\u0159ich won the 100 km race in Pr\u00e1tr. The successive dates of the calendar recall the well-known names of record-breaking rides by cyclists, motorcycles and cars, exhibitions, car shows, personal data, successes and unrealizable novelties of designers, inventors, constructors, riders, but also pilots. With gradual steps, readers will reach the road circuit in Lochot\u00edn in March 1953, the automobile circuit in Mlad\u00e1 Boleslav, the road circuit in Rosice, and the May offer of riding and spectator experiences in Sosnov\u00e1 (May 13\u201314, 2023). It is important to remember important personalities - read <b>Forever<\/b> <b>unforgettable Jaroslav Falta<\/b>. A social novelty reminiscent of the rich history of motorcycle brands \u2013 look under the large heading <b>Czechoslovak Motorcycle, Sports and Social Club Sarol\u00e9a in Prague<\/b>. First a racing driver, then a successful author of adventure novels, he was <b>Hans<\/b> <b>R\u00fcesch<\/b>. May <b>Veteran salon <\/b>offers an interesting topic \u2013 <b>Amazon from Sweden<\/b>. Common interests create natural groupings that mature into an organized group, which is <b>Volvoclan<\/b>. It was a horrific massacre, there is no other way to call the event. <b>Monza 20 May 1973<\/b>. Local eyewitnesses like to boast about the history of road motorcycle racing, including famous names - read <b>Motorcycle races in Mora\u0161ice in the years 1973\u20131977<\/b>. More than half a century has passed since the death of an extraordinary perseverer \u2013 <b>Our memory: Half a century without<\/b> <b>Turk<\/b>. The invitation to the May meeting is a reminder of <b>One hundred years since the Junk couple&#039;s first launch<\/b> <b>Shebru<\/b>.<b> <\/b>Aguttes, an auction house from France, is not specialized in cars... What was the success of the auctions held in April, look for <b>April in France<\/b>. Private and commercial advertising and a calendar of events - that&#039;s the end of the news published in MJ 5\/2023.<\/p>","protected":false},"excerpt":{"rendered":"<p>Editorial \u2013 Exhibition Center<br \/>\nMiscellaneous news<br \/>\nAugust Eug\u00e8ne Brilli\u00e9<br \/>\nParis\u2013Madrid 1903<br \/>\nFelice Mario Boano<br \/>\nIndianapolis 500 Miles 1913<br \/>\n57th Targa Florio (1973)<br \/>\nSosnov\u00e1 Classic 2023 in just a few days!<br \/>\nHo\u0159ice Museum of Czech Road Racing \u2013 sixth season<br \/>\nBook offer for motorists<br \/>\nThe forever unforgettable Jaroslav Falta<br \/>\nCzechoslovak motorcycle, sports and social club Sarol\u00e9a in Prague<br \/>\nHans Ruesch<br \/>\nVintage car showroom \u2013 Amazon from Sweden \u2013 Volvo Amazon 121 1970<br \/>\nVolvoclan<br \/>\nMonza 20 May 1973<br \/>\nMotorcycle races in Mora\u0161ice in the years 1973\u20131977<br \/>\nOur memory \u2013 Half a century without a Turk<br \/>\nOne hundred years since the Junk couple&#039;s first start on \u0160\u00e9br with an invitation to a meeting under \u0160\u00e9br<br \/>\nApril in France \u2013 Aguttes Auctions<br \/>\nEvent calendar<br \/>\nCheap for sale<\/p>","protected":false},"featured_media":38197,"template":"","meta":{"kt_blocks_editor_width":"","_kad_blocks_custom_css":"","_kad_blocks_head_custom_js":"","_kad_blocks_body_custom_js":"","_kad_blocks_footer_custom_js":""},"product_brand":[],"product_cat":[656,162],"product_tag":[],"class_list":{"0":"post-38218","1":"product","2":"type-product","3":"status-publish","4":"has-post-thumbnail","6":"product_cat-656","7":"product_cat-casopisy","9":"first","10":"instock","11":"sale","12":"taxable","13":"shipping-taxable","14":"purchasable","15":"product-type-simple"},"supplier_id":null,"supplier_sku":"","barcode":null,"atum_controlled":true,"out_stock_date":null,"out_stock_threshold":null,"inheritable":false,"inbound_stock":0,"stock_on_hold":0,"sold_today":0,"sales_last_days":0,"reserved_stock":0,"customer_returns":0,"warehouse_damage":0,"lost_in_post":0,"other_logs":0,"out_stock_days":0,"lost_sales":0,"has_location":false,"update_date":"2026-04-04T00:06:33","atum_locations":[],"atum_stock_status":"instock","restock_status":false,"low_stock_amount":"","sales_update_date":"2026-04-04T00:06:33","calc_backorders":null,"aioseo_notices":[],"taxonomy_info":{"product_cat":[{"value":656,"label":"2023"},{"value":162,"label":"\u010casopisy"}]},"featured_image_src_large":["https:\/\/www.motorjournal.cz\/wp-content\/uploads\/2023\/04\/MJ_2023_05-1.jpg",595,841,false],"author_info":[],"comment_info":"","_links":{"self":[{"href":"https:\/\/www.motorjournal.cz\/en\/wp-json\/wp\/v2\/product\/38218","targetHints":{"allow":["GET"]}}],"collection":[{"href":"https:\/\/www.motorjournal.cz\/en\/wp-json\/wp\/v2\/product"}],"about":[{"href":"https:\/\/www.motorjournal.cz\/en\/wp-json\/wp\/v2\/types\/product"}],"wp:featuredmedia":[{"embeddable":true,"href":"https:\/\/www.motorjournal.cz\/en\/wp-json\/wp\/v2\/media\/38197"}],"wp:attachment":[{"href":"https:\/\/www.motorjournal.cz\/en\/wp-json\/wp\/v2\/media?parent=38218"}],"wp:term":[{"taxonomy":"product_brand","embeddable":true,"href":"https:\/\/www.motorjournal.cz\/en\/wp-json\/wp\/v2\/product_brand?post=38218"},{"taxonomy":"product_cat","embeddable":true,"href":"https:\/\/www.motorjournal.cz\/en\/wp-json\/wp\/v2\/product_cat?post=38218"},{"taxonomy":"product_tag","embeddable":true,"href":"https:\/\/www.motorjournal.cz\/en\/wp-json\/wp\/v2\/product_tag?post=38218"}],"curies":[{"name":"wp","href":"https:\/\/api.w.org\/{rel}","templated":true}]}}