{"id":38366,"date":"2023-07-07T11:08:52","date_gmt":"2023-07-07T10:08:52","guid":{"rendered":"https:\/\/www.motorjournal.cz\/?post_type=product&#038;p=38366"},"modified":"2024-01-17T00:00:04","modified_gmt":"2024-01-16T23:00:04","slug":"motor-journal-7-2023","status":"publish","type":"product","link":"https:\/\/www.motorjournal.cz\/en\/product\/motor-journal-7-2023\/","title":{"rendered":"Motor Journal 7\/2023"},"content":{"rendered":"<p><b>Motor Journal<\/b> Issue 255 \/ XXIII. year is published on Friday, July 7, 2023. Even an ignorant reader will not pass by the cover page, graphically designed for quick information. Editorial, memory of the \u010cAMS event, and the following pages <b>Miscellaneous news<\/b>. The kaleidoscope begins on July 30, 1963, when Henry Ford was born. And then follows an avalanche of anniversaries: the birth of other important personalities, design innovations, especially in the pre-war years there were numerous motorcycle and car races on long distances with winners and victims, car shows, exhibitions, full-page memories of domestic races in the streets of cities already push the dates back to the post-war years to the present, including the action weekends of last month. He had a rich sporting life <b>Arnost Zemen,<\/b> <b>competitor and FIM official<\/b>. The authentic report is from a direct participant in this year&#039;s <b>A thousand miles<\/b> <b>Czechoslovak<\/b>. At the beginning of a rich life, there was a love for mechanics \u2013 read <b>Henry Ford<\/b>. Peek under the hands that save the highest values, read <b>In the workshop with the duo \u010c\u00e1p\u2013Rambousek<\/b>. <b>Veteran salon<\/b> July MJ is dedicated to a higher class of car, look for the title <b>Seagull wings<\/b> <b>or Mercedes-Benz 300 SL<\/b>. Read the report on probably the most prestigious European elegance competition <b>Villa d&#039;Este 2023<\/b>. The participants celebrated the twenty years of the brand motorcycle association with a meeting \u2013 <b>XX. Rally of the Czech Ariel Club<\/b>. Advertisements, buying, selling, commercial full-page advertisements and a calendar for the coming weekends \u2013 these are the last pages of the July issue. <b>Journal Engine<\/b>.<\/p>","protected":false},"excerpt":{"rendered":"<p>Editorial \u2013 A book is a constant reason for joy<br \/>\nHeinrich B\u00fcssing<br \/>\nMorris Markin<br \/>\nGordon Bennett Cup 1903<br \/>\nGlidden&#039;s Ride 1913<br \/>\nFrench Grand Prix 1913<br \/>\nFrench Grand Prix 1923<br \/>\nThe first automobile race in Hradec Kr\u00e1lov\u00e9 1933<br \/>\nI. circuit through Zl\u00edn 1933<br \/>\nPrachovsk\u00e9 Rocks Award 1963<br \/>\nVltava Rally 1973<br \/>\nCzechoslovakian Grand Prix 1973<br \/>\nOn Ogar in the footsteps of the Little Agreement<br \/>\nJawa 500 0HC, fifteenth meeting<br \/>\nMora\u0161ice Triangle 2013<br \/>\nRenewed premiere of the Tatra 80 convertible<br \/>\nLeaf plant<br \/>\nContestant Arno\u0161t Zemen<br \/>\nBook offer for motorists<br \/>\nA Thousand Czechoslovak Miles 2023<br \/>\nHenry Ford<br \/>\nV&nbsp;d\u00edln\u011b s&nbsp;duem \u010c\u00e1p\u2013Rambousek<br \/>\nVeteran Salon \u2013 Gullwings or the Mercedes-Benz 300 SL<br \/>\nVilla d&#039;Este 2023 \u2013 speed and elegance<br \/>\nXX. Rally of the Czech Ariel Club 2023<br \/>\nEvent calendar<br \/>\nCheap for sale<\/p>","protected":false},"featured_media":38353,"template":"","meta":{"kt_blocks_editor_width":"","_kad_blocks_custom_css":"","_kad_blocks_head_custom_js":"","_kad_blocks_body_custom_js":"","_kad_blocks_footer_custom_js":""},"product_brand":[],"product_cat":[656,162],"product_tag":[],"class_list":{"0":"post-38366","1":"product","2":"type-product","3":"status-publish","4":"has-post-thumbnail","6":"product_cat-656","7":"product_cat-casopisy","9":"first","10":"instock","11":"sale","12":"taxable","13":"shipping-taxable","14":"purchasable","15":"product-type-simple"},"supplier_id":null,"supplier_sku":"","barcode":null,"atum_controlled":true,"out_stock_date":null,"out_stock_threshold":null,"inheritable":false,"inbound_stock":0,"stock_on_hold":0,"sold_today":0,"sales_last_days":0,"reserved_stock":0,"customer_returns":0,"warehouse_damage":0,"lost_in_post":0,"other_logs":0,"out_stock_days":0,"lost_sales":0,"has_location":false,"update_date":"2026-04-04T00:06:36","atum_locations":[],"atum_stock_status":"instock","restock_status":false,"low_stock_amount":"","sales_update_date":"2026-04-04T00:06:36","calc_backorders":null,"aioseo_notices":[],"taxonomy_info":{"product_cat":[{"value":656,"label":"2023"},{"value":162,"label":"\u010casopisy"}]},"featured_image_src_large":["https:\/\/www.motorjournal.cz\/wp-content\/uploads\/2023\/07\/MJ_2023_07-1.jpg",595,841,false],"author_info":[],"comment_info":"","_links":{"self":[{"href":"https:\/\/www.motorjournal.cz\/en\/wp-json\/wp\/v2\/product\/38366","targetHints":{"allow":["GET"]}}],"collection":[{"href":"https:\/\/www.motorjournal.cz\/en\/wp-json\/wp\/v2\/product"}],"about":[{"href":"https:\/\/www.motorjournal.cz\/en\/wp-json\/wp\/v2\/types\/product"}],"wp:featuredmedia":[{"embeddable":true,"href":"https:\/\/www.motorjournal.cz\/en\/wp-json\/wp\/v2\/media\/38353"}],"wp:attachment":[{"href":"https:\/\/www.motorjournal.cz\/en\/wp-json\/wp\/v2\/media?parent=38366"}],"wp:term":[{"taxonomy":"product_brand","embeddable":true,"href":"https:\/\/www.motorjournal.cz\/en\/wp-json\/wp\/v2\/product_brand?post=38366"},{"taxonomy":"product_cat","embeddable":true,"href":"https:\/\/www.motorjournal.cz\/en\/wp-json\/wp\/v2\/product_cat?post=38366"},{"taxonomy":"product_tag","embeddable":true,"href":"https:\/\/www.motorjournal.cz\/en\/wp-json\/wp\/v2\/product_tag?post=38366"}],"curies":[{"name":"wp","href":"https:\/\/api.w.org\/{rel}","templated":true}]}}