{"id":38411,"date":"2023-08-03T20:54:40","date_gmt":"2023-08-03T19:54:40","guid":{"rendered":"https:\/\/www.motorjournal.cz\/?post_type=product&#038;p=38411"},"modified":"2024-01-17T00:00:05","modified_gmt":"2024-01-16T23:00:05","slug":"motor-journal-8-2023","status":"publish","type":"product","link":"https:\/\/www.motorjournal.cz\/en\/product\/motor-journal-8-2023\/","title":{"rendered":"Motor Journal 8\/2023"},"content":{"rendered":"<p>Motor Journal issue 256, 23rd edition, is published on Friday, August 4, 2023. The cover page indicates some of the topics covered in the August issue. After the introduction and a photo of bygone times, the pages of the section follow. <b>Miscellaneous news<\/b>. The oldest report is from August 1903, when CK officers and non-commissioned officers were sent to Mlad\u00e1 Boleslav to learn how to operate L &amp; K motorcycles. And other period information follows \u2013 traffic accidents, filming of a promotional film about our republic, motorcycle races in Slan\u00fd, birth dates and anniversaries of designers, long-distance automobile drives and other sporting events in the years before 1914. The interwar years were equally active in the dates of car shows and motorcycle hillclimbs. The post-war years are essentially the beginning of the present \u2013 Formula 1 and 2 races, road motorcycle races at home and abroad, speed records. For those who remember, there is a touching page dedicated to the domestic super event \u2013<b> The Czechoslovakian Grand Prix of August 1963<\/b>. We will also monitor the current event. <b>On Ogar in the footsteps of the Little Agreement<\/b>. Read the rich history <b>The term &quot;Lochot\u00edn&quot; was<\/b>. The architect of the development of racing engines <b>Keith Duckworth<\/b> has been behind many years of success in GP races. The traditional event took place in Tel\u010d <b>Between two gates for the eighth time, 7th to 9th.<\/b> <b>July 2023<\/b>. A memorial ride to <b>Spa resort race<\/b> took place in the vicinity of Mari\u00e1nsk\u00e9 L\u00e1zn\u011b. The veteran salon of the August MJ occupied <b>The largest of the Norton 750 Atlas vertical twins<\/b>.<b> <\/b>Ideas, skillful hands, patience and enough material for complex production are crowned with the result - read <b>Wood in times of energy crisis not only for heating<\/b>. It was a great career, one he shared his memories of. <b>Bedrich Fendrich 80<\/b>.<b> <\/b>The Australian Donington Auctions held an auction \u2013 <b>Reserved for Bugatti<\/b>. The motorcycle auction was organized by H &amp; H Classics \u2013 <b>Auction in Solihull<\/b>. A total of 92 items were auctioned off by the company. <b>Sunbathing in Fontainebleau<\/b>.<b> <\/b>Next are the calendar pages, ads for sale, buy and sell, and commercials. That&#039;s a quick rundown of the August MJ&#039;s content.<\/p>","protected":false},"excerpt":{"rendered":"<div>Editorial \u2013 Thirst for knowledge?<\/div>\n<div>Changes in testing and registration of historic vehicles for special registration plates<\/div>\n<div>Henry Walker<\/div>\n<div>Racing on a circuit near Le Mans 1913<\/div>\n<div>Nonstop race across Moravia 1913<\/div>\n<div>Czechoslovakian Grand Prix 1963<\/div>\n<div>Li\u00e8ge\u2013Sofia\u2013Li\u00e8ge 1963<\/div>\n<div>George Cerva 80<\/div>\n<div>XX year of the Okolo Eli\u0161ka regularity race<\/div>\n<div>On Ogar in the footsteps of the Little Agreement<\/div>\n<div>Lochot\u00edn was a term<\/div>\n<div>Keith Duckworth<\/div>\n<div>Between two gates for the eighth time<\/div>\n<div>Commemorative ride to the Spa Race<\/div>\n<div>Veteran Salon \u2013 The largest of the vertical twins \u2013 Norton 750 Atlas<\/div>\n<div>Wood in times of energy crisis not only for heating \u2013 Pavol Svoboda&#039;s Jawa 550 from Horn\u00ed Cerekva<\/div>\n<div>Bedrich Fendrich 80<\/div>\n<div>Donington Auctions \u2013 Dedicated to Bugatti<\/div>\n<div>H &amp; H Classics \u2013 Solihull Auction<\/div>\n<div>Osenat Auction in Fontainebleau<br \/>\nEvent calendar<br \/>\nCheap for sale<\/div>","protected":false},"featured_media":38396,"template":"","meta":{"kt_blocks_editor_width":"","_kad_blocks_custom_css":"","_kad_blocks_head_custom_js":"","_kad_blocks_body_custom_js":"","_kad_blocks_footer_custom_js":""},"product_brand":[],"product_cat":[656,162],"product_tag":[],"class_list":{"0":"post-38411","1":"product","2":"type-product","3":"status-publish","4":"has-post-thumbnail","6":"product_cat-656","7":"product_cat-casopisy","9":"first","10":"instock","11":"sale","12":"taxable","13":"shipping-taxable","14":"purchasable","15":"product-type-simple"},"supplier_id":null,"supplier_sku":"","barcode":null,"atum_controlled":true,"out_stock_date":null,"out_stock_threshold":null,"inheritable":false,"inbound_stock":0,"stock_on_hold":0,"sold_today":0,"sales_last_days":0,"reserved_stock":0,"customer_returns":0,"warehouse_damage":0,"lost_in_post":0,"other_logs":0,"out_stock_days":0,"lost_sales":0,"has_location":false,"update_date":"2026-04-05T00:06:42","atum_locations":[],"atum_stock_status":"instock","restock_status":false,"low_stock_amount":"","sales_update_date":"2026-04-05T00:06:42","calc_backorders":null,"aioseo_notices":[],"taxonomy_info":{"product_cat":[{"value":656,"label":"2023"},{"value":162,"label":"\u010casopisy"}]},"featured_image_src_large":["https:\/\/www.motorjournal.cz\/wp-content\/uploads\/2023\/08\/MJ_2023_08-1.jpg",595,841,false],"author_info":[],"comment_info":"","_links":{"self":[{"href":"https:\/\/www.motorjournal.cz\/en\/wp-json\/wp\/v2\/product\/38411","targetHints":{"allow":["GET"]}}],"collection":[{"href":"https:\/\/www.motorjournal.cz\/en\/wp-json\/wp\/v2\/product"}],"about":[{"href":"https:\/\/www.motorjournal.cz\/en\/wp-json\/wp\/v2\/types\/product"}],"wp:featuredmedia":[{"embeddable":true,"href":"https:\/\/www.motorjournal.cz\/en\/wp-json\/wp\/v2\/media\/38396"}],"wp:attachment":[{"href":"https:\/\/www.motorjournal.cz\/en\/wp-json\/wp\/v2\/media?parent=38411"}],"wp:term":[{"taxonomy":"product_brand","embeddable":true,"href":"https:\/\/www.motorjournal.cz\/en\/wp-json\/wp\/v2\/product_brand?post=38411"},{"taxonomy":"product_cat","embeddable":true,"href":"https:\/\/www.motorjournal.cz\/en\/wp-json\/wp\/v2\/product_cat?post=38411"},{"taxonomy":"product_tag","embeddable":true,"href":"https:\/\/www.motorjournal.cz\/en\/wp-json\/wp\/v2\/product_tag?post=38411"}],"curies":[{"name":"wp","href":"https:\/\/api.w.org\/{rel}","templated":true}]}}