{"id":38577,"date":"2023-11-01T19:10:27","date_gmt":"2023-11-01T18:10:27","guid":{"rendered":"https:\/\/www.motorjournal.cz\/?post_type=product&#038;p=38577"},"modified":"2024-04-01T00:00:42","modified_gmt":"2024-03-31T23:00:42","slug":"motor-journal-11-2023","status":"publish","type":"product","link":"https:\/\/www.motorjournal.cz\/en\/product\/motor-journal-11-2023\/","title":{"rendered":"Motor Journal 11\/2023"},"content":{"rendered":"<p>This year&#039;s penultimate <b>Motor Journal<\/b> with serial number 259, XXIII. volume, is published on Friday, November 3. The largest scope is <b>Miscellaneous news <\/b>with the beginnings of organizing car drivers, endurance races, with the dates of birth of prominent personalities, sections of the history of car companies, car showrooms with custom-made bodies, up to the incredibly strange II. truck building competition from November 1953. Car and motorcycle competitions, the first kart races, but also bans on driving private vehicles in Switzerland and the last events of historians to end the season - this is an almost contemporary reminder. Interesting pages are about the renovation of a car, which was worth devoting most of an active life to - read <b>Premiere of Faust&#039;s Tatra film<\/b>. Graceful shapes of open bodies, that is <b>Battista Pininfarina<\/b>. Let&#039;s remember the forgotten luxury car brand Sizaire-Berwick. The November Veterans&#039; Show will showcase a domestically produced car <b>Walter P Super Sport<\/b>. Ing. Zden\u011bk Tich\u00fd is rightly included in the gallery <b>Big characters<\/b> <b>Jawa brands<\/b>. A round anniversary is a good reason to look back, remember with\u00a0<b>I<\/b><b>ng.<\/b> <b>Stanislav Gregora<\/b>.<b> <\/b>See how a part of Pilsen has changed over the years \u2013 <b>Postcard<\/b> <b>gasoline-soaked XXVI<\/b>. One more memory of the jubilarian who is no longer with us \u2013 <b>Anniversary<\/b> <b>motorcycle racer Josef Bare\u0161 from Ho\u0159ice<\/b>. The expert&#039;s view on road signs and markings is specific - read<b> (Un)Brands<\/b>. In addition to motorcycles, the offer included <b>Bonhams on Classic Bike<\/b> <b>Show<\/b> Parts for historic motorcycles are in great shortage. Private and commercial advertising, buying, selling, event calendar and posters for attractive events for the next season, these are the last pages of the November issue.<b> Journal Engine<\/b>.<\/p>","protected":false},"excerpt":{"rendered":"<div>\n<div>James Ward Packard<br \/>\nThomas W. Milton<br \/>\nKilometr v\u00a0Dourdanu 1903<br \/>\nZ\u00e1vody do vrchu Gaillon 1903<br \/>\nZden\u011bk K\u0159ivohlav\u00fd<br \/>\nCarrera Panamericana 1953<br \/>\nZbraslav\u2013J\u00edlovi\u0161t\u011b 1963<br \/>\nDaily Mirror RAC Rally 1973<br \/>\nEva Florence Marchand\u00ad\u2011Han\u00e1kov\u00e1<br \/>\nNe\u017e vypust\u00edme vodu z\u00a0chladi\u010de 2023<br \/>\nNab\u00eddka knih pro motoristy<br \/>\nPremi\u00e9ra Faustovy tatrovky \u2013 Tatra 75 Franti\u0161ka B\u00e1rt\u00edka<br \/>\nP\u0159\u00edb\u011bh designera: Battista Pininfarina<br \/>\nSizaire\u00ad\u2011Berwick<br \/>\nVeter\u00e1nsalon: Walter P Super Sport<br \/>\nIng.\u00a0Zden\u011bk Tich\u00fd \u2013 velk\u00e1 postava zna\u010dky Jawa<br \/>\nIng.\u00a0Stanislav Gregora<br \/>\nPohlednice benzinem nas\u00e1kl\u00e9 XXVI. \u2013 hlavn\u00ed n\u00e1dra\u017e\u00ed v&nbsp;Plzni<br \/>\nV\u00fdro\u010d\u00ed ho\u0159ick\u00e9ho motocyklov\u00e9ho z\u00e1vodn\u00edka Josefa Bare\u0161e<br \/>\n(Ne)Zna\u010dky<br \/>\nBonhams na Classic Bike Show<br \/>\nKalend\u00e1\u0159 akc\u00ed<br \/>\nLevn\u011b na prodej<\/div>\n<\/div>\n<div id=\"WidgetFloaterPanels\" class=\"LTRStyle\" style=\"display: none; text-align: left; direction: ltr; visibility: hidden;\" translate=\"no\">\n<div id=\"WidgetFloater\" style=\"display: none;\">\n<div id=\"WidgetLogoPanel\"><span id=\"WidgetTranslateWithSpan\">TRANSLATE with <img id=\"FloaterLogo\" \/><\/span> <span id=\"WidgetCloseButton\" title=\"Exit Translation\">x<\/span><\/div>\n<div id=\"LanguageMenuPanel\">\n<div class=\"DDStyle_outer\">\n<p><input id=\"LanguageMenu_svid\" style=\"display: none;\" autocomplete=\"on\" name=\"LanguageMenu_svid\" type=\"text\" value=\"en\" \/> <input id=\"LanguageMenu_textid\" style=\"display: none;\" autocomplete=\"on\" name=\"LanguageMenu_textid\" type=\"text\" \/> <span id=\"__LanguageMenu_header\" class=\"DDStyle\" tabindex=\"0\">English<\/span><\/p>\n<div style=\"position: relative; text-align: left; left: 0;\">\n<div style=\"position: absolute; ;left: 0px;\">\n<div id=\"__LanguageMenu_popup\" class=\"DDStyle\" style=\"display: none;\">\n<table id=\"LanguageMenu\" border=\"0\">\n<tbody>\n<tr>\n<td><a tabindex=\"-1\" href=\"#ar\">Arabic<\/a><\/td>\n<td><a tabindex=\"-1\" href=\"#he\">Hebrew<\/a><\/td>\n<td><a tabindex=\"-1\" href=\"#pl\">Polish<\/a><\/td>\n<\/tr>\n<tr>\n<td><a tabindex=\"-1\" href=\"#bg\">Bulgarian<\/a><\/td>\n<td><a tabindex=\"-1\" href=\"#hi\">Hindi<\/a><\/td>\n<td><a tabindex=\"-1\" href=\"#pt\">Portuguese<\/a><\/td>\n<\/tr>\n<tr>\n<td><a tabindex=\"-1\" href=\"#ca\">Catalan<\/a><\/td>\n<td><a tabindex=\"-1\" href=\"#mww\">Hmong Daw<\/a><\/td>\n<td><a tabindex=\"-1\" href=\"#ro\">Romanian<\/a><\/td>\n<\/tr>\n<tr>\n<td><a tabindex=\"-1\" href=\"#zh-CHS\">Chinese Simplified<\/a><\/td>\n<td><a tabindex=\"-1\" href=\"#hu\">Hungarian<\/a><\/td>\n<td><a tabindex=\"-1\" href=\"#ru\">Russian<\/a><\/td>\n<\/tr>\n<tr>\n<td><a tabindex=\"-1\" href=\"#zh-CHT\">Chinese Traditional<\/a><\/td>\n<td><a tabindex=\"-1\" href=\"#id\">Indonesian<\/a><\/td>\n<td><a tabindex=\"-1\" href=\"#sk\">Slovak<\/a><\/td>\n<\/tr>\n<tr>\n<td><a tabindex=\"-1\" href=\"#cs\">Czech<\/a><\/td>\n<td><a tabindex=\"-1\" href=\"#it\">Italian<\/a><\/td>\n<td><a tabindex=\"-1\" href=\"#sl\">Slovenian<\/a><\/td>\n<\/tr>\n<tr>\n<td><a tabindex=\"-1\" href=\"#da\">Danish<\/a><\/td>\n<td><a tabindex=\"-1\" href=\"#ja\">Japanese<\/a><\/td>\n<td><a tabindex=\"-1\" href=\"#es\">Spanish<\/a><\/td>\n<\/tr>\n<tr>\n<td><a tabindex=\"-1\" href=\"#nl\">Dutch<\/a><\/td>\n<td><a tabindex=\"-1\" href=\"#tlh\">Klingon<\/a><\/td>\n<td><a tabindex=\"-1\" href=\"#sv\">Swedish<\/a><\/td>\n<\/tr>\n<tr>\n<td><a tabindex=\"-1\" href=\"#en\">English<\/a><\/td>\n<td><a tabindex=\"-1\" href=\"#ko\">Korean<\/a><\/td>\n<td><a tabindex=\"-1\" href=\"#th\">Thai<\/a><\/td>\n<\/tr>\n<tr>\n<td><a tabindex=\"-1\" href=\"#et\">Estonian<\/a><\/td>\n<td><a tabindex=\"-1\" href=\"#lv\">Latvian<\/a><\/td>\n<td><a tabindex=\"-1\" href=\"#tr\">Turkish<\/a><\/td>\n<\/tr>\n<tr>\n<td><a tabindex=\"-1\" href=\"#fi\">Finnish<\/a><\/td>\n<td><a tabindex=\"-1\" href=\"#lt\">Lithuanian<\/a><\/td>\n<td><a tabindex=\"-1\" href=\"#uk\">Ukrainian<\/a><\/td>\n<\/tr>\n<tr>\n<td><a tabindex=\"-1\" href=\"#fr\">French<\/a><\/td>\n<td><a tabindex=\"-1\" href=\"#ms\">Malay<\/a><\/td>\n<td><a tabindex=\"-1\" href=\"#ur\">Urdu<\/a><\/td>\n<\/tr>\n<tr>\n<td><a tabindex=\"-1\" href=\"#de\">German<\/a><\/td>\n<td><a tabindex=\"-1\" href=\"#mt\">Maltese<\/a><\/td>\n<td><a tabindex=\"-1\" href=\"#vi\">Vietnamese<\/a><\/td>\n<\/tr>\n<tr>\n<td><a tabindex=\"-1\" href=\"#el\">Greek<\/a><\/td>\n<td><a tabindex=\"-1\" href=\"#no\">Norwegian<\/a><\/td>\n<td><a tabindex=\"-1\" href=\"#cy\">Welsh<\/a><\/td>\n<\/tr>\n<tr>\n<td><a tabindex=\"-1\" href=\"#ht\">Haitian Creole<\/a><\/td>\n<td><a tabindex=\"-1\" href=\"#fa\">Persian<\/a><\/td>\n<td><\/td>\n<\/tr>\n<\/tbody>\n<\/table>\n<p><img style=\"height: 7px; width: 17px; border-width: 0px; left: 20px;\" alt=\"\" \/><\/p>\n<\/div>\n<\/div>\n<\/div>\n<\/div>\n<p><script type=\"text\/javascript\"> var LanguageMenu; var LanguageMenu_keys=[\"ar\",\"bg\",\"ca\",\"zh-CHS\",\"zh-CHT\",\"cs\",\"da\",\"nl\",\"en\",\"et\",\"fi\",\"fr\",\"de\",\"el\",\"ht\",\"he\",\"hi\",\"mww\",\"hu\",\"id\",\"it\",\"ja\",\"tlh\",\"ko\",\"lv\",\"lt\",\"ms\",\"mt\",\"no\",\"fa\",\"pl\",\"pt\",\"ro\",\"ru\",\"sk\",\"sl\",\"es\",\"sv\",\"th\",\"tr\",\"uk\",\"ur\",\"vi\",\"cy\"]; var LanguageMenu_values=[\"Arabic\",\"Bulgarian\",\"Catalan\",\"Chinese Simplified\",\"Chinese Traditional\",\"Czech\",\"Danish\",\"Dutch\",\"English\",\"Estonian\",\"Finnish\",\"French\",\"German\",\"Greek\",\"Haitian Creole\",\"Hebrew\",\"Hindi\",\"Hmong Daw\",\"Hungarian\",\"Indonesian\",\"Italian\",\"Japanese\",\"Klingon\",\"Korean\",\"Latvian\",\"Lithuanian\",\"Malay\",\"Maltese\",\"Norwegian\",\"Persian\",\"Polish\",\"Portuguese\",\"Romanian\",\"Russian\",\"Slovak\",\"Slovenian\",\"Spanish\",\"Swedish\",\"Thai\",\"Turkish\",\"Ukrainian\",\"Urdu\",\"Vietnamese\",\"Welsh\"]; var LanguageMenu_callback=function(){ }; var LanguageMenu_popupid='__LanguageMenu_popup'; <\/script><\/p>\n<\/div>\n<div id=\"CTFLinksPanel\"><span id=\"ExternalLinksPanel\"><a id=\"HelpLink\" title=\"Help\" href=\"https:\/\/go.microsoft.com\/?linkid=9722454\" target=\"_blank\" rel=\"noopener\"> <img id=\"HelpImg\" \/><\/a> <a id=\"EmbedLink\" title=\"Get this widget for your own site\"><\/a> <img id=\"EmbedImg\" \/> <a id=\"ShareLink\" title=\"Share translated page with friends\"><\/a> <img id=\"ShareImg\" \/> <\/span><\/div>\n<div id=\"FloaterProgressBar\"><\/div>\n<\/div>\n<div id=\"WidgetFloaterCollapsed\" style=\"display: none;\">TRANSLATE with <img id=\"CollapsedLogoImg\" \/><\/div>\n<div id=\"FloaterSharePanel\" style=\"display: none;\">\n<div id=\"ShareTextDiv\"><span id=\"ShareTextSpan\"> COPY THE URL BELOW <\/span><\/div>\n<div id=\"ShareTextboxDiv\"><input id=\"ShareTextbox\" name=\"ShareTextbox\" readonly=\"readonly\" type=\"text\" \/> <!--a id=\"TwitterLink\" title=\"Share on Twitter\"> <img id=\"TwitterImg\" \/><\/a> <a-- id=\"FacebookLink\" title=\"Share on Facebook\"> <img id=\"FacebookImg\" \/><\/a--> <a id=\"EmailLink\" title=\"Email this translation\"><\/a> <img id=\"EmailImg\" \/><\/div>\n<div id=\"ShareFooter\"><span id=\"ShareHelpSpan\"><a id=\"ShareHelpLink\"><\/a> <img id=\"ShareHelpImg\" \/><\/span> <span id=\"ShareBackSpan\"><a id=\"ShareBack\" title=\"Back To Translation\"><\/a> Back<\/span><\/div>\n<p><input id=\"EmailSubject\" name=\"EmailSubject\" type=\"hidden\" value=\"Check out this page in {0} translated from {1}\" \/> <input id=\"EmailBody\" name=\"EmailBody\" type=\"hidden\" value=\"Translated: {0}%0d%0aOriginal: {1}%0d%0a%0d%0aAutomatic translation powered by Microsoft\u00ae Translator%0d%0ahttp:\/\/www.bing.com\/translator?ref=MSTWidget\" \/> <input id=\"ShareHelpText\" type=\"hidden\" value=\"This link allows visitors to launch this page and automatically translate it to {0}.\" \/><\/p>\n<\/div>\n<div id=\"FloaterEmbed\" style=\"display: none;\">\n<div id=\"EmbedTextDiv\"><span id=\"EmbedTextSpan\">EMBED THE SNIPPET BELOW IN YOUR SITE<\/span> <a id=\"EmbedHelpLink\" title=\"Copy this code and place it into your HTML.\"><\/a> <img id=\"EmbedHelpImg\" \/><\/div>\n<div id=\"EmbedTextboxDiv\"><input id=\"EmbedSnippetTextBox\" name=\"EmbedSnippetTextBox\" readonly=\"readonly\" type=\"text\" value=\"&lt;div id='MicrosoftTranslatorWidget' class='Dark' style='color:white;background-color:#555555'&gt;&lt;\/div&gt;&lt;script type='text\/javascript'&gt;setTimeout(function(){var s=document.createElement('script');s.type='text\/javascript';s.charset='UTF-8';s.src=((location &amp;&amp; location.href &amp;&amp; location.href.indexOf('https') == 0)?'https:\/\/ssl.microsofttranslator.com':'http:\/\/www.microsofttranslator.com')+'\/ajax\/v3\/WidgetV3.ashx?siteData=ueOIGRSKkd965FeEGM5JtQ**&amp;ctf=true&amp;ui=true&amp;settings=manual&amp;from=en';var p=document.getElementsByTagName('head')[0]||document.documentElement;p.insertBefore(s,p.firstChild); },0);&lt;\/script&gt;\" \/><\/div>\n<div id=\"EmbedNoticeDiv\"><span id=\"EmbedNoticeSpan\">Enable collaborative features and customize widget: <a href=\"http:\/\/www.bing.com\/widget\/translator\" target=\"_blank\" rel=\"noopener\">Bing Webmaster Portal<\/a><\/span><\/div>\n<div id=\"EmbedFooterDiv\"><span id=\"EmbedBackSpan\"><a title=\"Back To Translation\">Back<\/a><\/span><\/div>\n<\/div>\n<p><script type=\"text\/javascript\"> var intervalId = setInterval(function () { if (MtPopUpList) { LanguageMenu = new MtPopUpList(); var langMenu = document.getElementById(LanguageMenu_popupid); var origLangDiv = document.createElement(\"div\"); origLangDiv.id = \"OriginalLanguageDiv\"; origLangDiv.innerHTML = \"<span id='OriginalTextSpan'>ORIGINAL: <\/span><span id='OriginalLanguageSpan'><\/span>\"; langMenu.appendChild(origLangDiv); LanguageMenu.Init('LanguageMenu', LanguageMenu_keys, LanguageMenu_values, LanguageMenu_callback, LanguageMenu_popupid); window[\"LanguageMenu\"] = LanguageMenu; clearInterval(intervalId); } }, 1); <\/script><\/p>\n<\/div>\n","protected":false},"featured_media":38562,"template":"","meta":{"kt_blocks_editor_width":"","_kad_blocks_custom_css":"","_kad_blocks_head_custom_js":"","_kad_blocks_body_custom_js":"","_kad_blocks_footer_custom_js":""},"product_brand":[],"product_cat":[656,162],"product_tag":[],"class_list":{"0":"post-38577","1":"product","2":"type-product","3":"status-publish","4":"has-post-thumbnail","6":"product_cat-656","7":"product_cat-casopisy","9":"first","10":"instock","11":"sale","12":"taxable","13":"shipping-taxable","14":"purchasable","15":"product-type-simple"},"supplier_id":null,"supplier_sku":"","barcode":null,"atum_controlled":true,"out_stock_date":null,"out_stock_threshold":null,"inheritable":false,"inbound_stock":0,"stock_on_hold":0,"sold_today":0,"sales_last_days":0,"reserved_stock":0,"customer_returns":0,"warehouse_damage":0,"lost_in_post":0,"other_logs":0,"out_stock_days":0,"lost_sales":0,"has_location":false,"update_date":"2026-04-04T00:05:08","atum_locations":[],"atum_stock_status":"instock","restock_status":false,"low_stock_amount":"","sales_update_date":"2026-04-04T00:05:08","calc_backorders":null,"aioseo_notices":[],"taxonomy_info":{"product_cat":[{"value":656,"label":"2023"},{"value":162,"label":"\u010casopisy"}]},"featured_image_src_large":["https:\/\/www.motorjournal.cz\/wp-content\/uploads\/2023\/11\/MJ_2023_11-1.jpg",595,841,false],"author_info":[],"comment_info":"","_links":{"self":[{"href":"https:\/\/www.motorjournal.cz\/en\/wp-json\/wp\/v2\/product\/38577","targetHints":{"allow":["GET"]}}],"collection":[{"href":"https:\/\/www.motorjournal.cz\/en\/wp-json\/wp\/v2\/product"}],"about":[{"href":"https:\/\/www.motorjournal.cz\/en\/wp-json\/wp\/v2\/types\/product"}],"wp:featuredmedia":[{"embeddable":true,"href":"https:\/\/www.motorjournal.cz\/en\/wp-json\/wp\/v2\/media\/38562"}],"wp:attachment":[{"href":"https:\/\/www.motorjournal.cz\/en\/wp-json\/wp\/v2\/media?parent=38577"}],"wp:term":[{"taxonomy":"product_brand","embeddable":true,"href":"https:\/\/www.motorjournal.cz\/en\/wp-json\/wp\/v2\/product_brand?post=38577"},{"taxonomy":"product_cat","embeddable":true,"href":"https:\/\/www.motorjournal.cz\/en\/wp-json\/wp\/v2\/product_cat?post=38577"},{"taxonomy":"product_tag","embeddable":true,"href":"https:\/\/www.motorjournal.cz\/en\/wp-json\/wp\/v2\/product_tag?post=38577"}],"curies":[{"name":"wp","href":"https:\/\/api.w.org\/{rel}","templated":true}]}}