{"id":38621,"date":"2023-11-26T10:03:44","date_gmt":"2023-11-26T09:03:44","guid":{"rendered":"https:\/\/www.motorjournal.cz\/?post_type=product&#038;p=38621"},"modified":"2026-01-30T10:46:05","modified_gmt":"2026-01-30T09:46:05","slug":"skoda-motorsport-soutezni-a-zavodni-vozy-na-plakatech-a-v-prospektech-1945-2023-michal-velebny-martin-kupec","status":"publish","type":"product","link":"https:\/\/www.motorjournal.cz\/en\/product\/skoda-motorsport-soutezni-a-zavodni-vozy-na-plakatech-a-v-prospektech-1945-2023-michal-velebny-martin-kupec\/","title":{"rendered":"\u0160koda Motorsport \u2013 competition and racing cars on posters and in brochures, 1945-2023, Michal Velebn\u00fd, Martin Kupec"},"content":{"rendered":"<p>The book \u0160koda Motorsport is dedicated to the colorful world of \u0160koda competition and racing cars. It maps the history and present of these cars through printed advertising - period posters, brochures and sports event programs. It can appeal to all those interested in motorsport of the post-war era. The larger part of the book consists of rally cars, a smaller part is dedicated to circuit specials. It will remind the reader of the \u0160koda and Bohemia Rally, as well as other important competition events that have maintained their existence to this day, such as the Barum Rally, the Vala\u0161sk\u00e1 Rally, the \u010cesk\u00fd Krumlov Rally or the Tatry Rally.<\/p>\n<p>&nbsp;<\/p>\n<p>&nbsp;<\/p>","protected":false},"excerpt":{"rendered":"<p>The book \u0160koda Motorsport is dedicated to the colorful world of \u0160koda competition and racing cars. It maps the history and present of these cars through printed advertising - period posters, brochures and sports event programs. It can appeal to all those interested in motorsport of the post-war era. The larger part of the book consists of rally cars, a smaller part is dedicated to circuit specials. It will remind the reader of the \u0160koda and Bohemia Rally, as well as other important competition events that have maintained their existence to this day, such as the Barum Rally, the Vala\u0161sk\u00e1 Rally, the \u010cesk\u00fd Krumlov Rally or the Tatry Rally.<\/p>\n<p>&nbsp;<\/p>\n<p>Published by Moto Public, hardcover, format 21 x 27 cm, 330 pages.<\/p>\n<p>IBAN: 978-80-908402-5-6<\/p>","protected":false},"featured_media":38622,"template":"","meta":{"kt_blocks_editor_width":"","_kad_blocks_custom_css":"","_kad_blocks_head_custom_js":"","_kad_blocks_body_custom_js":"","_kad_blocks_footer_custom_js":""},"product_brand":[],"product_cat":[175,161],"product_tag":[369,224,751,750],"class_list":{"0":"post-38621","1":"product","2":"type-product","3":"status-publish","4":"has-post-thumbnail","6":"product_cat-auto","7":"product_cat-knihy","8":"product_tag-rallye","9":"product_tag-skoda","10":"product_tag-soutezni-vozy","11":"product_tag-zavodni-vozy","13":"first","14":"instock","15":"sale","16":"taxable","17":"shipping-taxable","18":"purchasable","19":"product-type-simple"},"supplier_id":null,"supplier_sku":"","barcode":null,"atum_controlled":true,"out_stock_date":null,"out_stock_threshold":null,"inheritable":false,"inbound_stock":0,"stock_on_hold":0,"sold_today":0,"sales_last_days":0,"reserved_stock":0,"customer_returns":0,"warehouse_damage":0,"lost_in_post":0,"other_logs":0,"out_stock_days":0,"lost_sales":0,"has_location":false,"update_date":"2026-04-04T00:06:53","atum_locations":[],"atum_stock_status":"instock","restock_status":false,"low_stock_amount":"","sales_update_date":"2026-04-04T00:06:53","calc_backorders":null,"aioseo_notices":[],"taxonomy_info":{"product_cat":[{"value":175,"label":"Auto"},{"value":161,"label":"Knihy"}],"product_tag":[{"value":369,"label":"Rallye"},{"value":224,"label":"\u0160koda"},{"value":751,"label":"sout\u011b\u017en\u00ed vozy"},{"value":750,"label":"z\u00e1vodn\u00ed vozy"}]},"featured_image_src_large":["https:\/\/www.motorjournal.cz\/wp-content\/uploads\/2023\/11\/skoda-motorsport-soutezni-a-zavodni-vozy-na-plakatech-a-v-prospektech-1945-2023_01.jpg",333,410,false],"author_info":[],"comment_info":"","_links":{"self":[{"href":"https:\/\/www.motorjournal.cz\/en\/wp-json\/wp\/v2\/product\/38621","targetHints":{"allow":["GET"]}}],"collection":[{"href":"https:\/\/www.motorjournal.cz\/en\/wp-json\/wp\/v2\/product"}],"about":[{"href":"https:\/\/www.motorjournal.cz\/en\/wp-json\/wp\/v2\/types\/product"}],"wp:featuredmedia":[{"embeddable":true,"href":"https:\/\/www.motorjournal.cz\/en\/wp-json\/wp\/v2\/media\/38622"}],"wp:attachment":[{"href":"https:\/\/www.motorjournal.cz\/en\/wp-json\/wp\/v2\/media?parent=38621"}],"wp:term":[{"taxonomy":"product_brand","embeddable":true,"href":"https:\/\/www.motorjournal.cz\/en\/wp-json\/wp\/v2\/product_brand?post=38621"},{"taxonomy":"product_cat","embeddable":true,"href":"https:\/\/www.motorjournal.cz\/en\/wp-json\/wp\/v2\/product_cat?post=38621"},{"taxonomy":"product_tag","embeddable":true,"href":"https:\/\/www.motorjournal.cz\/en\/wp-json\/wp\/v2\/product_tag?post=38621"}],"curies":[{"name":"wp","href":"https:\/\/api.w.org\/{rel}","templated":true}]}}