{"id":38623,"date":"2023-11-26T10:18:55","date_gmt":"2023-11-26T09:18:55","guid":{"rendered":"https:\/\/www.motorjournal.cz\/?post_type=product&#038;p=38623"},"modified":"2026-03-18T13:13:48","modified_gmt":"2026-03-18T12:13:48","slug":"se-znackou-cz-na-letacich-a-v-prospektech-miloslav-straka","status":"publish","type":"product","link":"https:\/\/www.motorjournal.cz\/en\/product\/se-znackou-cz-na-letacich-a-v-prospektech-miloslav-straka\/","title":{"rendered":"With the \u010cZ brand... on leaflets and brochures, Miloslav Straka"},"content":{"rendered":"<p>\u010cesk\u00e1 zbrojovka was one of the pillars of Czechoslovak industry. In addition to arms production in the interwar period, it became famous as the Czech Motorcycle Works for the production of touring and sports motorcycles and scooters. The publication With the \u010cZ brand on leaflets and brochures introduces the reader to the production program of this famous brand, practically all manufactured models, through unique promotional prints and rare photographs. The story of the \u010cZ motorcycle brand, which spans almost three quarters of the twentieth century, is interwoven with many sporting successes, including seven firsts in the World Motocross Championship and valuable victories in the Six Days. In addition to their primary mission, these prints are valuable evidence of period graphic work and reproduction technology. The book will certainly delight not only experts in motorcycle history, but we believe that it will also appeal to the younger generation by learning about the respectable work and abilities of our ancestors, thanks to whom Czechoslovakia was among the most industrially advanced countries in the world before the war.<\/p>\n<p>Published by Moto Public, hardcover, format 21 x 26 cm, 380 pages.<\/p>\n<p>&nbsp;<\/p>","protected":false},"excerpt":{"rendered":"<p>\u010cesk\u00e1 zbrojovka was one of the pillars of Czechoslovak industry. In addition to arms production in the interwar period, it became famous as the Czech Motorcycle Works for the production of touring and sports motorcycles and scooters. The publication With the \u010cZ brand on leaflets and brochures introduces the reader to the production program of this famous brand, practically all manufactured models, through unique promotional prints and rare photographs. The story of the \u010cZ motorcycle brand, which spans almost three quarters of the twentieth century, is interwoven with many sporting successes, including seven firsts in the World Motocross Championship and valuable victories in the Six Days. In addition to their primary mission, these prints are valuable evidence of period graphic work and reproduction technology. The book will certainly delight not only experts in motorcycle history, but we believe that it will also appeal to the younger generation by learning about the respectable work and abilities of our ancestors, thanks to whom Czechoslovakia was among the most industrially advanced countries in the world before the war.<\/p>\n<p>&nbsp;<\/p>\n<p>Published by Moto Public, hardcover, format 21 x 25.5 cm, 380 pages.<\/p>\n<p>IBAN: 978-80-908402-8-7<\/p>","protected":false},"featured_media":38624,"template":"","meta":{"kt_blocks_editor_width":"","_kad_blocks_custom_css":"","_kad_blocks_head_custom_js":"","_kad_blocks_body_custom_js":"","_kad_blocks_footer_custom_js":""},"product_brand":[],"product_cat":[161,176],"product_tag":[225,752,753],"class_list":{"0":"post-38623","1":"product","2":"type-product","3":"status-publish","4":"has-post-thumbnail","6":"product_cat-knihy","7":"product_cat-moto","8":"product_tag-cz","9":"product_tag-plakaty","10":"product_tag-prospekty","12":"first","13":"instock","14":"sale","15":"taxable","16":"shipping-taxable","17":"purchasable","18":"product-type-simple"},"supplier_id":null,"supplier_sku":"","barcode":null,"atum_controlled":true,"out_stock_date":null,"out_stock_threshold":null,"inheritable":false,"inbound_stock":0,"stock_on_hold":0,"sold_today":0,"sales_last_days":0,"reserved_stock":0,"customer_returns":0,"warehouse_damage":0,"lost_in_post":0,"other_logs":0,"out_stock_days":0,"lost_sales":0,"has_location":false,"update_date":"2026-04-04T00:06:53","atum_locations":[],"atum_stock_status":"instock","restock_status":false,"low_stock_amount":"","sales_update_date":"2026-04-04T00:06:53","calc_backorders":null,"aioseo_notices":[],"taxonomy_info":{"product_cat":[{"value":161,"label":"Knihy"},{"value":176,"label":"Moto"}],"product_tag":[{"value":225,"label":"\u010cZ"},{"value":752,"label":"plak\u00e1ty"},{"value":753,"label":"prospekty"}]},"featured_image_src_large":["https:\/\/www.motorjournal.cz\/wp-content\/uploads\/2023\/11\/Se-znackou-CZ-na-letacich-a-v-prospektech.jpg",195,232,false],"author_info":[],"comment_info":"","_links":{"self":[{"href":"https:\/\/www.motorjournal.cz\/en\/wp-json\/wp\/v2\/product\/38623","targetHints":{"allow":["GET"]}}],"collection":[{"href":"https:\/\/www.motorjournal.cz\/en\/wp-json\/wp\/v2\/product"}],"about":[{"href":"https:\/\/www.motorjournal.cz\/en\/wp-json\/wp\/v2\/types\/product"}],"wp:featuredmedia":[{"embeddable":true,"href":"https:\/\/www.motorjournal.cz\/en\/wp-json\/wp\/v2\/media\/38624"}],"wp:attachment":[{"href":"https:\/\/www.motorjournal.cz\/en\/wp-json\/wp\/v2\/media?parent=38623"}],"wp:term":[{"taxonomy":"product_brand","embeddable":true,"href":"https:\/\/www.motorjournal.cz\/en\/wp-json\/wp\/v2\/product_brand?post=38623"},{"taxonomy":"product_cat","embeddable":true,"href":"https:\/\/www.motorjournal.cz\/en\/wp-json\/wp\/v2\/product_cat?post=38623"},{"taxonomy":"product_tag","embeddable":true,"href":"https:\/\/www.motorjournal.cz\/en\/wp-json\/wp\/v2\/product_tag?post=38623"}],"curies":[{"name":"wp","href":"https:\/\/api.w.org\/{rel}","templated":true}]}}