{"id":38696,"date":"2023-12-04T18:21:48","date_gmt":"2023-12-04T17:21:48","guid":{"rendered":"https:\/\/www.motorjournal.cz\/?post_type=product&#038;p=38696"},"modified":"2025-11-04T15:24:01","modified_gmt":"2025-11-04T14:24:01","slug":"encyklopedie-motocyklu","status":"publish","type":"product","link":"https:\/\/www.motorjournal.cz\/en\/product\/encyklopedie-motocyklu\/","title":{"rendered":"Motorcycle Encyclopedia"},"content":{"rendered":"<p>The book provides a complete encyclopedic overview of brands, designers and manufacturers of two-wheeled machines, in alphabetical order. The text is complemented by hundreds of archival and specially taken photographs.<\/p>\n<p>Year of release: 2004<br \/>\nPublisher: Otto Publishing House<br \/>\nBinding: sewn in hardcover<br \/>\nFormat: 305 x 240 mm<br \/>\nNumber of pages: 448<br \/>\nCondition: very good<\/p>\n<p>&nbsp;<\/p>\n<p>&nbsp;<\/p>","protected":false},"excerpt":{"rendered":"<p>Author: Peter Henshaw<\/p>","protected":false},"featured_media":38697,"template":"","meta":{"kt_blocks_editor_width":"","_kad_blocks_custom_css":"","_kad_blocks_head_custom_js":"","_kad_blocks_body_custom_js":"","_kad_blocks_footer_custom_js":""},"product_brand":[],"product_cat":[317,347],"product_tag":[411,225,501,227,228,353,355,427,229],"class_list":{"0":"post-38696","1":"product","2":"type-product","3":"status-publish","4":"has-post-thumbnail","6":"product_cat-antikvariat","7":"product_cat-antikvariat-knihy","8":"product_tag-bmw","9":"product_tag-cz","10":"product_tag-dkw","11":"product_tag-jawa","12":"product_tag-lk","13":"product_tag-motocykly","14":"product_tag-peugeot","15":"product_tag-wanderer","16":"product_tag-zavody","18":"first","19":"instock","20":"sale","21":"taxable","22":"shipping-taxable","23":"purchasable","24":"product-type-simple"},"supplier_id":null,"supplier_sku":"","barcode":null,"atum_controlled":false,"out_stock_date":"2023-12-04 17:21:50","out_stock_threshold":null,"inheritable":false,"inbound_stock":null,"stock_on_hold":0,"sold_today":0,"sales_last_days":0,"reserved_stock":null,"customer_returns":null,"warehouse_damage":null,"lost_in_post":null,"other_logs":null,"out_stock_days":852,"lost_sales":0,"has_location":false,"update_date":"2026-04-05T00:06:40","atum_locations":[],"atum_stock_status":"instock","restock_status":false,"low_stock_amount":"","sales_update_date":"2026-04-05T00:06:40","calc_backorders":null,"aioseo_notices":[],"taxonomy_info":{"product_cat":[{"value":317,"label":"Antikvari\u00e1t"},{"value":347,"label":"Antikvari\u00e1t knihy"}],"product_tag":[{"value":411,"label":"BMW"},{"value":225,"label":"\u010cZ"},{"value":501,"label":"DKW"},{"value":227,"label":"Jawa"},{"value":228,"label":"L&amp;K"},{"value":353,"label":"Motocykly"},{"value":355,"label":"Peugeot"},{"value":427,"label":"Wanderer"},{"value":229,"label":"z\u00e1vody"}]},"featured_image_src_large":["https:\/\/www.motorjournal.cz\/wp-content\/uploads\/2023\/12\/A1081_encyklopediemoto-1.jpg",800,631,false],"author_info":[],"comment_info":"","_links":{"self":[{"href":"https:\/\/www.motorjournal.cz\/en\/wp-json\/wp\/v2\/product\/38696","targetHints":{"allow":["GET"]}}],"collection":[{"href":"https:\/\/www.motorjournal.cz\/en\/wp-json\/wp\/v2\/product"}],"about":[{"href":"https:\/\/www.motorjournal.cz\/en\/wp-json\/wp\/v2\/types\/product"}],"wp:featuredmedia":[{"embeddable":true,"href":"https:\/\/www.motorjournal.cz\/en\/wp-json\/wp\/v2\/media\/38697"}],"wp:attachment":[{"href":"https:\/\/www.motorjournal.cz\/en\/wp-json\/wp\/v2\/media?parent=38696"}],"wp:term":[{"taxonomy":"product_brand","embeddable":true,"href":"https:\/\/www.motorjournal.cz\/en\/wp-json\/wp\/v2\/product_brand?post=38696"},{"taxonomy":"product_cat","embeddable":true,"href":"https:\/\/www.motorjournal.cz\/en\/wp-json\/wp\/v2\/product_cat?post=38696"},{"taxonomy":"product_tag","embeddable":true,"href":"https:\/\/www.motorjournal.cz\/en\/wp-json\/wp\/v2\/product_tag?post=38696"}],"curies":[{"name":"wp","href":"https:\/\/api.w.org\/{rel}","templated":true}]}}