{"id":38902,"date":"2024-01-07T16:05:13","date_gmt":"2024-01-07T15:05:13","guid":{"rendered":"https:\/\/www.motorjournal.cz\/?post_type=product&#038;p=38902"},"modified":"2024-08-01T00:00:32","modified_gmt":"2024-07-31T23:00:32","slug":"motor-journal-01-2024","status":"publish","type":"product","link":"https:\/\/www.motorjournal.cz\/en\/product\/motor-journal-01-2024\/","title":{"rendered":"Motor Journal 1\/2024"},"content":{"rendered":"<p><b>Motor Journal <\/b>Issue 261, XXIV. year, with the distinctive marking 1\/2024 is on its way to readers. The six-wheeled monster with origins in the TATRA company dominates the cover page. We have filled all pages with a lot of interesting information this time too. <b>Miscellaneous news<\/b> illuminates the years ending in four. Birth dates of important personalities, hill climbs, long-distance races, endurance races, car shows and design news have filled the first regular column up to the present day. A segment from the years spent on road circuits \u2013 this is a memory of <b>Ji\u0159\u00ed Podskalsk\u00fd<\/b>. What excited the people of Paris in 1875? Read <b>Am\u00e9d\u00e9e Boll\u00e9e \u2013 full steam ahead!<\/b> Hans Ledwinka was the initiator of the use of a central beam instead of a classic frame. What was the design development, is under the heading <b>The first Tatra commercial vehicles with a new chassis design<\/b>. Even such an event as this gets lost in the anniversaries <b>The forgotten history of the JAWA brand at Manu<\/b>. The January Veterans Salon was occupied by a product from Renault. A few-page monograph opens <b>The story of the Renault Juvaquatre<\/b>. He was able to drive special vehicles with the precision of a clockwork machine \u2013 that was <b>Oliver Gendebien<\/b>. The development of the company logo is captured in the text <b>The birth and flight of the winged arrow<\/b>. What Hutchinson Scott Auction House offered at the auction \u2013 read <b>Bugatti in Yorkshire<\/b>. And the second attractive offer was from Bonhams auction house \u2013 <b>Bugatti in central London<\/b>. Private and commercial advertising, service offers, event calendar, large selection of professional literature \u2013 these are the last pages of the first issue <b>Engine<\/b> <b>Journal <\/b>year 2024.<\/p>","protected":false},"excerpt":{"rendered":"<p>Editorial \u2013 Nicotine accompanies us through life<br \/>\nMiscellaneous news<br \/>\nHildebrandt &amp; Wolfm\u00fcller<br \/>\nOrmond Beach Races in Daytona 1904<br \/>\nRAF with Knight system four-cylinder reciprocating engine<br \/>\nMonte Carlo Rally 1934<br \/>\nMonte Carlo Rally 1954<br \/>\nMonte Carlo Rally 1964<br \/>\nWallachian Winter 1984<br \/>\nPrague Rallysprint 2023<br \/>\nNew motoring museum in Lu\u010dany nad Nisou<br \/>\nMille Miglia in the United Arab Emirates<br \/>\nBentley Blower Continuation Series<br \/>\nGeorge Podskalsky<br \/>\nLeaf plant<br \/>\nBook offer for motorists<br \/>\nAm\u00e9d\u00e9e Boll\u00e9e \u2013 full steam ahead!<br \/>\nThe first Tatra commercial vehicles with a new chassis concept<br \/>\nThe unforgettable history of the JAWA brand at Manu<br \/>\nVeteran Salon The Story of the Renault Juvaquatre<br \/>\nOlivier Gendebien<br \/>\nThe birth and flight of the winged arrow<br \/>\nHutchinson Scott Auction \u2013 Bugatti in Yorkshire<br \/>\nBonhams Auction \u2013 Bugatti in Central London<br \/>\nCheap for sale<\/p>","protected":false},"featured_media":38894,"template":"","meta":{"kt_blocks_editor_width":"","_kad_blocks_custom_css":"","_kad_blocks_head_custom_js":"","_kad_blocks_body_custom_js":"","_kad_blocks_footer_custom_js":""},"product_brand":[],"product_cat":[754,162],"product_tag":[],"class_list":{"0":"post-38902","1":"product","2":"type-product","3":"status-publish","4":"has-post-thumbnail","6":"product_cat-754","7":"product_cat-casopisy","9":"first","10":"instock","11":"sale","12":"taxable","13":"shipping-taxable","14":"purchasable","15":"product-type-simple"},"supplier_id":null,"supplier_sku":"","barcode":null,"atum_controlled":true,"out_stock_date":null,"out_stock_threshold":null,"inheritable":false,"inbound_stock":0,"stock_on_hold":0,"sold_today":0,"sales_last_days":0,"reserved_stock":0,"customer_returns":0,"warehouse_damage":0,"lost_in_post":0,"other_logs":0,"out_stock_days":0,"lost_sales":0,"has_location":false,"update_date":"2026-04-05T00:07:04","atum_locations":[],"atum_stock_status":"instock","restock_status":false,"low_stock_amount":"","sales_update_date":"2026-04-05T00:07:04","calc_backorders":null,"aioseo_notices":[],"taxonomy_info":{"product_cat":[{"value":754,"label":"2024"},{"value":162,"label":"\u010casopisy"}]},"featured_image_src_large":["https:\/\/www.motorjournal.cz\/wp-content\/uploads\/2024\/01\/MJ_2024_01-1-e1704484180171.jpg",300,424,false],"author_info":[],"comment_info":"","_links":{"self":[{"href":"https:\/\/www.motorjournal.cz\/en\/wp-json\/wp\/v2\/product\/38902","targetHints":{"allow":["GET"]}}],"collection":[{"href":"https:\/\/www.motorjournal.cz\/en\/wp-json\/wp\/v2\/product"}],"about":[{"href":"https:\/\/www.motorjournal.cz\/en\/wp-json\/wp\/v2\/types\/product"}],"wp:featuredmedia":[{"embeddable":true,"href":"https:\/\/www.motorjournal.cz\/en\/wp-json\/wp\/v2\/media\/38894"}],"wp:attachment":[{"href":"https:\/\/www.motorjournal.cz\/en\/wp-json\/wp\/v2\/media?parent=38902"}],"wp:term":[{"taxonomy":"product_brand","embeddable":true,"href":"https:\/\/www.motorjournal.cz\/en\/wp-json\/wp\/v2\/product_brand?post=38902"},{"taxonomy":"product_cat","embeddable":true,"href":"https:\/\/www.motorjournal.cz\/en\/wp-json\/wp\/v2\/product_cat?post=38902"},{"taxonomy":"product_tag","embeddable":true,"href":"https:\/\/www.motorjournal.cz\/en\/wp-json\/wp\/v2\/product_tag?post=38902"}],"curies":[{"name":"wp","href":"https:\/\/api.w.org\/{rel}","templated":true}]}}