{"id":39030,"date":"2024-03-21T11:15:13","date_gmt":"2024-03-21T10:15:13","guid":{"rendered":"https:\/\/www.motorjournal.cz\/?post_type=product&#038;p=39030"},"modified":"2024-10-01T00:00:20","modified_gmt":"2024-09-30T23:00:20","slug":"motor-journal-3-2024","status":"publish","type":"product","link":"https:\/\/www.motorjournal.cz\/en\/product\/motor-journal-3-2024\/","title":{"rendered":"Motor Journal 3\/2024"},"content":{"rendered":"<p>March <b>Motor Journal<\/b> Issue 263, XXIV. volume, is published on Friday, March 1, 2024. The tempting content of the pages will be indicated by the cover page. And the established system follows \u2013 editorial, period photograph <b>Bygone times<\/b> and a mosaic of events starting in 1904. Constituent meetings of motor vehicle owners, competitions, long-distance rides, exhibitions, births and deaths of designers, politicians, racers and the incredible numbers of starters as in 1904 (41), but also the corruption scandal of officers from the Czechoslovak Ministry of Defense in 1924, the founding of SKAM in Olomouc and the premiere of the new aerodynamic car Tatra 77 in Kop\u0159ivnice. This is a partial content of the events, the record of which continues to the present day. <b>Ariel in the Czech lands<\/b> is the name of the exhibition at the Technical Museum Brno, which opened with a vernissage on January 22 and will be open until the end of March this year. We were all looking forward to the long-promised novelty at the time - read <b>Skoda 1000 MB 60th anniversary<\/b>. On the last Saturday in April, readers are invited to <b>Automotive jewels \u2013 the Czech Pebble Beach in Prague<\/b> <b>Hostivars<\/b>. The Bobka family in connection with the \u0160koda can be identified as <b>Mladoboleslav<\/b> <b>steering wheel workers<\/b>. <b>Veteran salon <\/b>March MJ occupied the car <b>MGA<\/b>. The tempting idea arose after the participation was discovered. <b>Winter Trial Rally<\/b> on the territory of our republic. Read the report from the special correspondent. <b>Bremen Classic Motor Show<\/b> was the first sales exhibition of this season. An amazing 690 exhibits on display \u2013 that was the content of the exhibition <b>Retromobile 2024<\/b>. Visitors, interested parties and representatives of auction companies regularly meet at <b>February auctions in Paris<\/b>. Private and commercial advertising, a richer calendar, a full-page offer of books with a motoring theme, that&#039;s the content of the March issue. <b>Journal Engine<\/b>.<\/p>","protected":false},"excerpt":{"rendered":"<p>Editorial: Shared experiences<br \/>\nMiscellaneous news<br \/>\nTour de France Automobile 1914<br \/>\nSt\u0159edomoravsk\u00fd Klub Automobilist\u016f a&nbsp;Motocyklist\u016f (SKAM) 1924<br \/>\nVienna Spring Fair 1924<br \/>\n50\u2009000\u2008km s&nbsp;vozem Walter Junior<br \/>\nNew Tatra 77 (1934)<br \/>\nMezin\u00e1rodn\u00ed autosalon v&nbsp;Berl\u00edn\u011b 1934<br \/>\nWonderful men on two wheels<br \/>\nTatra v&nbsp;\u010cesk\u00fdch Bud\u011bjovic\u00edch<br \/>\nBook offer for motorists<br \/>\nAriel in the Czech lands<br \/>\nSkoda 1000 MB 60th anniversary<br \/>\nAutomobilov\u00e9 klenoty \u2013 \u010desk\u00e9 Pebble Beach v&nbsp;pra\u017esk\u00e9 Hostiva\u0159i<br \/>\n110 + 80 = 190 \u2013 Mlad\u00e1 Boleslav steering wheel workers \u2013 V\u00e1clav Bobek Sr. + V\u00e1clav Bobek Jr.<br \/>\nVeteran Salon \u2013 MGA<br \/>\nThree days at the Winter Trial Rally<br \/>\n22nd Bremen Classic Motor Show<br \/>\nJewelry box \u2013 R\u00e9tromobile 2024<br \/>\n\u00danorov\u00e9 aukce v&nbsp;Pa\u0159\u00ed\u017ei<br \/>\nCheap for sale<\/p>","protected":false},"featured_media":39001,"template":"","meta":{"kt_blocks_editor_width":"","_kad_blocks_custom_css":"","_kad_blocks_head_custom_js":"","_kad_blocks_body_custom_js":"","_kad_blocks_footer_custom_js":""},"product_brand":[],"product_cat":[754,162],"product_tag":[],"class_list":{"0":"post-39030","1":"product","2":"type-product","3":"status-publish","4":"has-post-thumbnail","6":"product_cat-754","7":"product_cat-casopisy","9":"first","10":"instock","11":"sale","12":"taxable","13":"shipping-taxable","14":"purchasable","15":"product-type-simple"},"supplier_id":null,"supplier_sku":"","barcode":null,"atum_controlled":true,"out_stock_date":null,"out_stock_threshold":null,"inheritable":false,"inbound_stock":0,"stock_on_hold":0,"sold_today":0,"sales_last_days":0,"reserved_stock":0,"customer_returns":0,"warehouse_damage":0,"lost_in_post":0,"other_logs":0,"out_stock_days":0,"lost_sales":0,"has_location":false,"update_date":"2026-04-05T00:07:06","atum_locations":[],"atum_stock_status":"instock","restock_status":false,"low_stock_amount":"","sales_update_date":"2026-04-05T00:07:06","calc_backorders":null,"aioseo_notices":[],"taxonomy_info":{"product_cat":[{"value":754,"label":"2024"},{"value":162,"label":"\u010casopisy"}]},"featured_image_src_large":["https:\/\/www.motorjournal.cz\/wp-content\/uploads\/2024\/02\/MJ_2024_03-1.jpg",595,841,false],"author_info":[],"comment_info":"","_links":{"self":[{"href":"https:\/\/www.motorjournal.cz\/en\/wp-json\/wp\/v2\/product\/39030","targetHints":{"allow":["GET"]}}],"collection":[{"href":"https:\/\/www.motorjournal.cz\/en\/wp-json\/wp\/v2\/product"}],"about":[{"href":"https:\/\/www.motorjournal.cz\/en\/wp-json\/wp\/v2\/types\/product"}],"wp:featuredmedia":[{"embeddable":true,"href":"https:\/\/www.motorjournal.cz\/en\/wp-json\/wp\/v2\/media\/39001"}],"wp:attachment":[{"href":"https:\/\/www.motorjournal.cz\/en\/wp-json\/wp\/v2\/media?parent=39030"}],"wp:term":[{"taxonomy":"product_brand","embeddable":true,"href":"https:\/\/www.motorjournal.cz\/en\/wp-json\/wp\/v2\/product_brand?post=39030"},{"taxonomy":"product_cat","embeddable":true,"href":"https:\/\/www.motorjournal.cz\/en\/wp-json\/wp\/v2\/product_cat?post=39030"},{"taxonomy":"product_tag","embeddable":true,"href":"https:\/\/www.motorjournal.cz\/en\/wp-json\/wp\/v2\/product_tag?post=39030"}],"curies":[{"name":"wp","href":"https:\/\/api.w.org\/{rel}","templated":true}]}}