{"id":39074,"date":"2024-04-17T12:38:30","date_gmt":"2024-04-17T11:38:30","guid":{"rendered":"https:\/\/www.motorjournal.cz\/?post_type=product&#038;p=39074"},"modified":"2025-04-10T09:49:27","modified_gmt":"2025-04-10T08:49:27","slug":"obrazy-vaclav-zapadlik","status":"publish","type":"product","link":"https:\/\/www.motorjournal.cz\/en\/product\/obrazy-vaclav-zapadlik\/","title":{"rendered":"Paintings \u2013 V\u00e1clav Zapadl\u00edk"},"content":{"rendered":"<p>A book publication of 100 full-color pages, which captures vintage car racing from 1900 to the present day. The publication contains very little-known and previously unpublished drawings by the master. It is oriented in landscape format, A4, and has a black glossy laminated soft cover.<\/p>\n<p>Reprom Publishing House, paperback, format 29 x 21 cm, 100 pages.<\/p>\n<p>&nbsp;<\/p>","protected":false},"excerpt":{"rendered":"<p>Kni\u017en\u00ed publikace o&nbsp;100 plnobarevn\u00fdch stran\u00e1ch, kter\u00e1 zachycuje z\u00e1vody veter\u00e1nsk\u00fdch automobil\u016f od roku 1900 a\u017e po&nbsp;sou\u010dastnost, publikace obsahuje velmi m\u00e1lo zn\u00e1m\u00e9 i&nbsp;dosud nezve\u0159ejn\u011bn\u00e9 mistrovy kresby, je orientov\u00e1na na \u0161\u00ed\u0159ku o&nbsp;form\u00e1tu A4, jako p\u0159ebal byla pou\u017eita \u010dern\u00e1 leskl\u00e1 laminovan\u00e1 m\u011bkk\u00e1 vazba<\/p>","protected":false},"featured_media":39075,"template":"","meta":{"kt_blocks_editor_width":"","_kad_blocks_custom_css":"","_kad_blocks_head_custom_js":"","_kad_blocks_body_custom_js":"","_kad_blocks_footer_custom_js":""},"product_brand":[],"product_cat":[175,161,179,178],"product_tag":[194],"class_list":{"0":"post-39074","1":"product","2":"type-product","3":"status-publish","4":"has-post-thumbnail","6":"product_cat-auto","7":"product_cat-knihy","8":"product_cat-motorismus-a-umeni","9":"product_cat-osobnosti","10":"product_tag-zapadlik","12":"first","13":"instock","14":"sale","15":"taxable","16":"shipping-taxable","17":"purchasable","18":"product-type-simple"},"supplier_id":null,"supplier_sku":"","barcode":null,"atum_controlled":true,"out_stock_date":null,"out_stock_threshold":null,"inheritable":false,"inbound_stock":0,"stock_on_hold":0,"sold_today":0,"sales_last_days":0,"reserved_stock":0,"customer_returns":0,"warehouse_damage":0,"lost_in_post":0,"other_logs":0,"out_stock_days":0,"lost_sales":0,"has_location":false,"update_date":"2026-04-04T00:06:10","atum_locations":[],"atum_stock_status":"instock","restock_status":false,"low_stock_amount":0,"sales_update_date":"2026-04-04T00:06:10","calc_backorders":null,"aioseo_notices":[],"taxonomy_info":{"product_cat":[{"value":175,"label":"Auto"},{"value":161,"label":"Knihy"},{"value":179,"label":"Motorismus a um\u011bn\u00ed"},{"value":178,"label":"Osobnosti"}],"product_tag":[{"value":194,"label":"Zapadl\u00edk"}]},"featured_image_src_large":["https:\/\/www.motorjournal.cz\/wp-content\/uploads\/2024\/04\/Zapadlik_obrazy.png",315,242,false],"author_info":[],"comment_info":"","_links":{"self":[{"href":"https:\/\/www.motorjournal.cz\/en\/wp-json\/wp\/v2\/product\/39074","targetHints":{"allow":["GET"]}}],"collection":[{"href":"https:\/\/www.motorjournal.cz\/en\/wp-json\/wp\/v2\/product"}],"about":[{"href":"https:\/\/www.motorjournal.cz\/en\/wp-json\/wp\/v2\/types\/product"}],"wp:featuredmedia":[{"embeddable":true,"href":"https:\/\/www.motorjournal.cz\/en\/wp-json\/wp\/v2\/media\/39075"}],"wp:attachment":[{"href":"https:\/\/www.motorjournal.cz\/en\/wp-json\/wp\/v2\/media?parent=39074"}],"wp:term":[{"taxonomy":"product_brand","embeddable":true,"href":"https:\/\/www.motorjournal.cz\/en\/wp-json\/wp\/v2\/product_brand?post=39074"},{"taxonomy":"product_cat","embeddable":true,"href":"https:\/\/www.motorjournal.cz\/en\/wp-json\/wp\/v2\/product_cat?post=39074"},{"taxonomy":"product_tag","embeddable":true,"href":"https:\/\/www.motorjournal.cz\/en\/wp-json\/wp\/v2\/product_tag?post=39074"}],"curies":[{"name":"wp","href":"https:\/\/api.w.org\/{rel}","templated":true}]}}