{"id":39100,"date":"2024-05-01T21:34:24","date_gmt":"2024-05-01T20:34:24","guid":{"rendered":"https:\/\/www.motorjournal.cz\/?post_type=product&#038;p=39100"},"modified":"2024-12-01T00:00:01","modified_gmt":"2024-11-30T23:00:01","slug":"motor-journal-5-2024","status":"publish","type":"product","link":"https:\/\/www.motorjournal.cz\/en\/product\/motor-journal-5-2024\/","title":{"rendered":"Motor Journal 5\/2024"},"content":{"rendered":"<p>May <b>Motor Journal<\/b> Issue 265, XXIV. volume, is published on Friday, May 3, 2024. The cover page invites you to reminisce not only about the designer, but also about the narrow-handlebar matador, the owner of a British-made motorcycle, and the Kolozv\u011bdn\u00e1 expedition. After the editorial and photo <b>Bygone times<\/b> pages are opening <b>Miscellaneous news<\/b> from years ending with the number 4. Hill climb races, long-distance races, car and motorcycle competitions, design innovations at car shows are detailed on the pages up to the present day. About the preparations for the weekend events <b>Brno Grand Prix Revival <\/b>read on the following pages. How the AZNP Mlad\u00e1 Boleslav was formed in the development, look under the heading <b>Memories of the designer Anton\u00edn<\/b> <b>Butcher (April 16, 1933 \u2013 December 22, 2022)<\/b>. The author shared his experiences from domestic trips. <b>Wheeled reconnaissance expeditions 2024<\/b>. May <b>Veteran salon<\/b> occupied <b>A sporty derivative of the quirky OHC<\/b> <b>twin Sunbeam 8 S<\/b>. There is no need to add anything to the following title of the article \u2013 Bohumil Sta\u0161a \u2013 not yet eighty. Only those who have seen it can remember the number of road circuits held on Sundays on the same dates, one of the places was Vrchlab\u00ed \u2013 read <b>There was a race there<\/b> <b>just once<\/b>. A short title will introduce the reader to this year&#039;s International Concours of Elegance in St. Moritz <b>Once upon a time<\/b>. Read the contents of the auction offer from this year&#039;s meeting of the sports club members in Goodwood under the heading <b>Bonhams at Goodwood<\/b>. The following pages of MJ offer an expanded calendar of events, private and commercial advertising texts, and a full-page offer of professional literature from the Motor Journal editorial staff. A full-page poster commemorates the date <b>BRNO<\/b> <b>REVIVAL Grand Prix<\/b><\/p>","protected":false},"excerpt":{"rendered":"<p>It was a barter, according to all the rules...<br \/>\nPaul Piccard<br \/>\nHenri Farman<br \/>\nTourist Trophy 1914<br \/>\nCarpathian Cavalry 1914<br \/>\nIndianapolis 500 Miles 1914<br \/>\nBrno\u2013Sobesice 1924<br \/>\nRies Hill Race 1924<br \/>\nAvus car race 1934<br \/>\nMille Miglia 1954<br \/>\nVeteran car club Doma\u017elice \u2013 a tradition spanning half a century<br \/>\nF3 from designer and racer Jan \u00d6hm<br \/>\nPreparations for the Brno Grand Prix Revival<br \/>\nMemories of the designer Anton\u00edn \u0158ezn\u00ed\u010dek<br \/>\nWheeled reconnaissance expedition 2024<br \/>\nVeteran Salon \u2013 A sports derivative of the unique OHC twin Sunbeam S 8<br \/>\nBohumil Sta\u0161a \u2013 not yet eighty<br \/>\nVrchlab\u00ed Road \u2013 there was only one race there<br \/>\nOnce upon a time \u2013 The ICE or What was this year&#039;s International Concours of Elegance in St. Moritz, Switzerland?<br \/>\nBonhams Goodwood Auction<br \/>\nEvent calendar<br \/>\nCheap for sale<\/p>","protected":false},"featured_media":39086,"template":"","meta":{"kt_blocks_editor_width":"","_kad_blocks_custom_css":"","_kad_blocks_head_custom_js":"","_kad_blocks_body_custom_js":"","_kad_blocks_footer_custom_js":""},"product_brand":[],"product_cat":[754,162],"product_tag":[],"class_list":{"0":"post-39100","1":"product","2":"type-product","3":"status-publish","4":"has-post-thumbnail","6":"product_cat-754","7":"product_cat-casopisy","9":"first","10":"instock","11":"sale","12":"taxable","13":"shipping-taxable","14":"purchasable","15":"product-type-simple"},"supplier_id":null,"supplier_sku":"","barcode":null,"atum_controlled":true,"out_stock_date":null,"out_stock_threshold":null,"inheritable":false,"inbound_stock":0,"stock_on_hold":0,"sold_today":0,"sales_last_days":0,"reserved_stock":0,"customer_returns":0,"warehouse_damage":0,"lost_in_post":0,"other_logs":0,"out_stock_days":0,"lost_sales":0,"has_location":false,"update_date":"2026-04-05T00:07:07","atum_locations":[],"atum_stock_status":"instock","restock_status":false,"low_stock_amount":"","sales_update_date":"2026-04-05T00:07:07","calc_backorders":null,"aioseo_notices":[],"taxonomy_info":{"product_cat":[{"value":754,"label":"2024"},{"value":162,"label":"\u010casopisy"}]},"featured_image_src_large":["https:\/\/www.motorjournal.cz\/wp-content\/uploads\/2024\/05\/MJ_2024_05-1.jpg",595,841,false],"author_info":[],"comment_info":"","_links":{"self":[{"href":"https:\/\/www.motorjournal.cz\/en\/wp-json\/wp\/v2\/product\/39100","targetHints":{"allow":["GET"]}}],"collection":[{"href":"https:\/\/www.motorjournal.cz\/en\/wp-json\/wp\/v2\/product"}],"about":[{"href":"https:\/\/www.motorjournal.cz\/en\/wp-json\/wp\/v2\/types\/product"}],"wp:featuredmedia":[{"embeddable":true,"href":"https:\/\/www.motorjournal.cz\/en\/wp-json\/wp\/v2\/media\/39086"}],"wp:attachment":[{"href":"https:\/\/www.motorjournal.cz\/en\/wp-json\/wp\/v2\/media?parent=39100"}],"wp:term":[{"taxonomy":"product_brand","embeddable":true,"href":"https:\/\/www.motorjournal.cz\/en\/wp-json\/wp\/v2\/product_brand?post=39100"},{"taxonomy":"product_cat","embeddable":true,"href":"https:\/\/www.motorjournal.cz\/en\/wp-json\/wp\/v2\/product_cat?post=39100"},{"taxonomy":"product_tag","embeddable":true,"href":"https:\/\/www.motorjournal.cz\/en\/wp-json\/wp\/v2\/product_tag?post=39100"}],"curies":[{"name":"wp","href":"https:\/\/api.w.org\/{rel}","templated":true}]}}