{"id":39190,"date":"2024-07-05T08:29:10","date_gmt":"2024-07-05T07:29:10","guid":{"rendered":"https:\/\/www.motorjournal.cz\/?post_type=product&#038;p=39190"},"modified":"2025-02-01T00:00:11","modified_gmt":"2025-01-31T23:00:11","slug":"motor-journal-7-2024","status":"publish","type":"product","link":"https:\/\/www.motorjournal.cz\/en\/product\/motor-journal-7-2024\/","title":{"rendered":"Motor Journal 7\/2024"},"content":{"rendered":"<p>June <b>Motor Journal <\/b>with issue 266 will be available to readers from Friday, June 7, 2024. As the cover suggests, the magazine is full of interesting topics about the history of motoring and technology. Among the established columns, the feuilleton-style memory should be highlighted. <b>Bygone times<\/b>, but especially the section<b> Miscellaneous news<\/b>. Valuable information is provided by period news about new designs of motorized bicycles of the Brno brand Kohout, about the beginnings of the Hispano-Suiza brand, but also about the so-called flower corsages, ancient long-distance car rides and races and domestic and foreign exhibitions are not forgotten. Interesting photographs with texts accompany the reader through time from the depths of the last century to the present. Text <b>Swiss postal deliveries <\/b>It describes the little-known use of Tatra cars in the land of the Helvetic Cross.<b> <\/b>Where does the road lead to this year&#039;s July attraction, the Revival GP at the Masaryk Circuit? The answer is offered by the article <b>Formula 1 drivers on their way to the Brno GP<\/b>. The report discusses the successful meeting of historic cars and motorcycles in May <b>Two world champions in Sosnov\u00e1<\/b>. The following pages will introduce the auction and presentation of historic vehicles in Hostiva\u0159 called <b>Automotive jewelry.<\/b> A report discusses the meeting of historic racing machines on the famous French circuit <b>Vintage<\/b> <b>Revival Montlh\u00e9ry 2024<\/b>. June <b>Veteran salon<\/b> is dedicated to cars<b> Trekka<\/b>. And the material discusses how remarkable a collection of vehicles from the estate of a prominent collector can be.<b> Sale of the Mullin Collection<\/b>. The text describes the motorcycle race from May 1924 on the famous German circuit <b>DMV Motorcycle Racing at<\/b> <b>Avus<\/b>. The June issue of Motor Journal once again includes a calendar of events and industry advertising pages.<\/p>","protected":false},"excerpt":{"rendered":"<p>Editorial: The calendar doesn&#039;t lie!<br \/>\n1 km sprint races in Ostend 1904<br \/>\nFrench Grand Prix 1914<br \/>\nAcerbo Cup 1924<br \/>\nRecords in Arpajon 1924<br \/>\nMiroslav Cada<br \/>\nFrench Grand Prix 1934<br \/>\n1954 French Grand Prix<br \/>\nBritish Grand Prix 1954<br \/>\nEcce Homo 1954<br \/>\nFranti\u0161ek \u0160\u0165astn\u00fd Park has come to life again<br \/>\nParis\u2013Rouen 1894<br \/>\nThe first \u0160koda RS cars<br \/>\n1000 Czechoslovak miles 2024<br \/>\nNuccio Bertone<br \/>\nOtto Buchberger \u2013 the Dragon Tamer has passed away<br \/>\nNuremberg flat-twin with Mars A 20 box frame<br \/>\nSmutn\u00e1 vzpom\u00ednka \u2013 Bill Ivy a&nbsp;Franti\u0161ek Bo\u010dek<br \/>\nRM Sotheby&#039;s Auctions \u2013 First Time at Cliveden<\/p>","protected":false},"featured_media":39174,"template":"","meta":{"kt_blocks_editor_width":"","_kad_blocks_custom_css":"","_kad_blocks_head_custom_js":"","_kad_blocks_body_custom_js":"","_kad_blocks_footer_custom_js":""},"product_brand":[],"product_cat":[754,162],"product_tag":[],"class_list":{"0":"post-39190","1":"product","2":"type-product","3":"status-publish","4":"has-post-thumbnail","6":"product_cat-754","7":"product_cat-casopisy","9":"first","10":"instock","11":"sale","12":"taxable","13":"shipping-taxable","14":"purchasable","15":"product-type-simple"},"supplier_id":null,"supplier_sku":"","barcode":null,"atum_controlled":true,"out_stock_date":null,"out_stock_threshold":null,"inheritable":false,"inbound_stock":0,"stock_on_hold":0,"sold_today":0,"sales_last_days":0,"reserved_stock":0,"customer_returns":0,"warehouse_damage":0,"lost_in_post":0,"other_logs":0,"out_stock_days":0,"lost_sales":0,"has_location":false,"update_date":"2026-04-04T00:06:42","atum_locations":[],"atum_stock_status":"instock","restock_status":false,"low_stock_amount":"","sales_update_date":"2026-04-04T00:06:42","calc_backorders":null,"aioseo_notices":[],"taxonomy_info":{"product_cat":[{"value":754,"label":"2024"},{"value":162,"label":"\u010casopisy"}]},"featured_image_src_large":["https:\/\/www.motorjournal.cz\/wp-content\/uploads\/2024\/07\/MJ_2024_07-1.jpg",595,841,false],"author_info":[],"comment_info":"","_links":{"self":[{"href":"https:\/\/www.motorjournal.cz\/en\/wp-json\/wp\/v2\/product\/39190","targetHints":{"allow":["GET"]}}],"collection":[{"href":"https:\/\/www.motorjournal.cz\/en\/wp-json\/wp\/v2\/product"}],"about":[{"href":"https:\/\/www.motorjournal.cz\/en\/wp-json\/wp\/v2\/types\/product"}],"wp:featuredmedia":[{"embeddable":true,"href":"https:\/\/www.motorjournal.cz\/en\/wp-json\/wp\/v2\/media\/39174"}],"wp:attachment":[{"href":"https:\/\/www.motorjournal.cz\/en\/wp-json\/wp\/v2\/media?parent=39190"}],"wp:term":[{"taxonomy":"product_brand","embeddable":true,"href":"https:\/\/www.motorjournal.cz\/en\/wp-json\/wp\/v2\/product_brand?post=39190"},{"taxonomy":"product_cat","embeddable":true,"href":"https:\/\/www.motorjournal.cz\/en\/wp-json\/wp\/v2\/product_cat?post=39190"},{"taxonomy":"product_tag","embeddable":true,"href":"https:\/\/www.motorjournal.cz\/en\/wp-json\/wp\/v2\/product_tag?post=39190"}],"curies":[{"name":"wp","href":"https:\/\/api.w.org\/{rel}","templated":true}]}}