{"id":39235,"date":"2024-09-10T10:10:56","date_gmt":"2024-09-10T09:10:56","guid":{"rendered":"https:\/\/www.motorjournal.cz\/?post_type=product&#038;p=39235"},"modified":"2026-01-08T09:16:12","modified_gmt":"2026-01-08T08:16:12","slug":"od-medene-formy-k-automobilu-pribeh-liberecke-tovarny-ch-linser-jan-mohr","status":"publish","type":"product","link":"https:\/\/www.motorjournal.cz\/en\/product\/od-medene-formy-k-automobilu-pribeh-liberecke-tovarny-ch-linser-jan-mohr\/","title":{"rendered":"From copper mold to automobile. The story of the Liberec factory Ch. Linser, Jan Mohr"},"content":{"rendered":"<p>The book will introduce you to the history of the Liberec engineering factory Ch. Linser, which at the beginning of the 20th century was the first in Austria-Hungary to produce a car \u2013 a voiturette with a four-cylinder engine. The production of motorcycles and cars lasted only a short time in the company, but it continued to cooperate with a number of automobile companies and after the war became a foundry of the LIAZ company.<\/p>\n<p>During the 19th century, North Bohemia developed into a rich industrial region with its center in Liberec. In addition to the key textile industry, the field of mechanical engineering also began to develop soon. The Christian Linser company became one of the important companies in this sector. Its founder came to Bohemia from Tyrol as a journeyman coppersmith and settled in Liberec in 1858, where he built a significant factory from a small workshop that produced various boilers and distribution equipment for the textile and food industries. In addition to this production, it also dealt with firefighting equipment.<br \/>\nIn 1896, Christian&#039;s son Rudolf Linser, a technically educated young man who had already been involved in motoring issues in the 1890s, took over the management of the company. Under his leadership, the company began developing and producing motorcycles at the beginning of the 20th century, and at the turn of 1905 and 1906, the first automobile \u2013 the voituretta \u2013 rolled out of the company&#039;s design workshop, the first car with a four-cylinder engine in the entire Austro-Hungarian Empire at the time. Although the production of motor vehicles at the Linsers ended in 1907, the foundry branch of the plant developed into an important foundry for the motor industry not only in Bohemia, but also in Austria and Germany.<br \/>\nThe economic crisis of the 1930s ended the Linser business in Liberec and after the end of World War II the family was first relocated to Germany and then returned to Tyrol, where Rudolf Linser, already eighty years old, was still involved in motoring. The focus of this book, however, is the role of the Ch. Linser company in the beginnings of motoring in Bohemia in the first years of the twentieth century.<\/p>\n<p>Grada Publishing House, hardcover, format 16.5 x 23.5 cm, 192 pages.<\/p>\n<p>ISBN 978-80-271-3860-9.<\/p>","protected":false},"excerpt":{"rendered":"<p>\u200bKniha v\u00e1s sezn\u00e1m\u00ed s&nbsp;histori\u00ed libereck\u00e9 stroj\u00edrensk\u00e9 tov\u00e1rny Ch. Linser, kter\u00e1 na po\u010d\u00e1tku 20.&nbsp;stolet\u00ed vyrobila jako prvn\u00ed v&nbsp;Rakousku-Uhersku automobil \u2013 voiturettu se \u010dty\u0159v\u00e1lcov\u00fdm motorem. V\u00fdroba motocykl\u016f a&nbsp;automobil\u016f trvala ve firm\u011b jen kr\u00e1tce, ale d\u00e1le spolupracovala s&nbsp;\u0159adou automobilov\u00fdch podnik\u016f a&nbsp;po&nbsp;v\u00e1lce se tov\u00e1rna stala sl\u00e9v\u00e1rnou n. p.&nbsp;LIAZ.<\/p>","protected":false},"featured_media":39243,"template":"","meta":{"kt_blocks_editor_width":"","_kad_blocks_custom_css":"","_kad_blocks_head_custom_js":"","_kad_blocks_body_custom_js":"","_kad_blocks_footer_custom_js":""},"product_brand":[],"product_cat":[175,161,176,178,171],"product_tag":[762,758,755,756],"class_list":{"0":"post-39235","1":"product","2":"type-product","3":"status-publish","4":"has-post-thumbnail","6":"product_cat-auto","7":"product_cat-knihy","8":"product_cat-moto","9":"product_cat-osobnosti","10":"product_cat-ostatni","11":"product_tag-linser","12":"product_tag-slevarna","13":"product_tag-strojirna","14":"product_tag-tovarna","16":"first","17":"instock","18":"sale","19":"taxable","20":"shipping-taxable","21":"purchasable","22":"product-type-simple"},"supplier_id":null,"supplier_sku":"","barcode":null,"atum_controlled":true,"out_stock_date":null,"out_stock_threshold":null,"inheritable":false,"inbound_stock":0,"stock_on_hold":0,"sold_today":0,"sales_last_days":0,"reserved_stock":0,"customer_returns":0,"warehouse_damage":0,"lost_in_post":0,"other_logs":0,"out_stock_days":0,"lost_sales":0,"has_location":false,"update_date":"2026-04-04T00:06:42","atum_locations":[],"atum_stock_status":"instock","restock_status":false,"low_stock_amount":2,"sales_update_date":"2026-04-04T00:06:42","calc_backorders":null,"aioseo_notices":[],"taxonomy_info":{"product_cat":[{"value":175,"label":"Auto"},{"value":161,"label":"Knihy"},{"value":176,"label":"Moto"},{"value":178,"label":"Osobnosti"},{"value":171,"label":"Ostatn\u00ed"}],"product_tag":[{"value":762,"label":"Linser"},{"value":758,"label":"sl\u00e9v\u00e1rna"},{"value":755,"label":"stroj\u00edrna"},{"value":756,"label":"tov\u00e1rna"}]},"featured_image_src_large":["https:\/\/www.motorjournal.cz\/wp-content\/uploads\/2024\/09\/Od-medene-formy-k-automobilu_01.jpg",556,800,false],"author_info":[],"comment_info":"","_links":{"self":[{"href":"https:\/\/www.motorjournal.cz\/en\/wp-json\/wp\/v2\/product\/39235","targetHints":{"allow":["GET"]}}],"collection":[{"href":"https:\/\/www.motorjournal.cz\/en\/wp-json\/wp\/v2\/product"}],"about":[{"href":"https:\/\/www.motorjournal.cz\/en\/wp-json\/wp\/v2\/types\/product"}],"wp:featuredmedia":[{"embeddable":true,"href":"https:\/\/www.motorjournal.cz\/en\/wp-json\/wp\/v2\/media\/39243"}],"wp:attachment":[{"href":"https:\/\/www.motorjournal.cz\/en\/wp-json\/wp\/v2\/media?parent=39235"}],"wp:term":[{"taxonomy":"product_brand","embeddable":true,"href":"https:\/\/www.motorjournal.cz\/en\/wp-json\/wp\/v2\/product_brand?post=39235"},{"taxonomy":"product_cat","embeddable":true,"href":"https:\/\/www.motorjournal.cz\/en\/wp-json\/wp\/v2\/product_cat?post=39235"},{"taxonomy":"product_tag","embeddable":true,"href":"https:\/\/www.motorjournal.cz\/en\/wp-json\/wp\/v2\/product_tag?post=39235"}],"curies":[{"name":"wp","href":"https:\/\/api.w.org\/{rel}","templated":true}]}}