{"id":39380,"date":"2024-10-04T00:08:16","date_gmt":"2024-10-03T23:08:16","guid":{"rendered":"https:\/\/www.motorjournal.cz\/?post_type=product&#038;p=39380"},"modified":"2025-05-01T00:00:08","modified_gmt":"2025-04-30T23:00:08","slug":"motor-journal-10-2024","status":"publish","type":"product","link":"https:\/\/www.motorjournal.cz\/en\/product\/motor-journal-10-2024\/","title":{"rendered":"Motor Journal 10\/2024"},"content":{"rendered":"<p><b>Motor Journal<\/b> of October with number 270, XXIV. year, is published on Friday, October 4, 2024. The title page promises interesting content on the following pages. After the editorial and a copy of a period photograph, a flood of period information opens that will delight. In October 1904, the Czech Velocipedist Club organized a motorcycle race on the Prost\u011bjov\u2013Brno route and back. And an avalanche of other information from all motoring disciplines follows. Exhibitions, car shows, record speed runs, valuable ideas of designers, the birth and end of car and motorcycle brands, gradually up to the present. Personal deep experiences behind the handlebars of a motorcycle at this year&#039;s edition <b>Brno Revival 2024<\/b> the author wrote on the following pages. Travel experiences under the title <b>Great Wheel Scout 2024, Part I.<\/b> the author shares his experiences from visits to several museums. October <b>Veteran salon<\/b> occupied <b>Germania motorcycle<\/b>. Find the second trip to Africa with Citro\u00ebn cars under the heading <b>The cruise<\/b> <b>Black<\/b>. You can discover the successes of the motorcycle brand from Dv\u016fr Kr\u00e1lov\u00e9 in the article <b>The Ravo brand was a concept<\/b>. The month of September is the traditional date of the international race <b>Zbraslav\u2013J\u00edlovi\u0161t\u011b<\/b>. <b>In Tel\u010d they were happy about veterans<\/b>, weather and the large number of spectators \u2013 read the next pages. The 13th year of the Historic Vehicle Orienteering Competition was held <b>For the Sob\u011bslav City Cup<\/b>. A holiday trip on a motorcycle and with an escort, that was <b>2700<\/b> <b>kilometers across the Balkans<\/b>. Another veteran <b>Autojumble<\/b> Bonhams took place in mid-September. Find the results of the next auction under the title <b>Gooding &amp; Co. Auction.<\/b> A calendar of events, private and commercial advertising, that&#039;s the content of the last pages of the October issue of Motor Journal.<\/p>","protected":false},"excerpt":{"rendered":"<p>Editorial: Brann\u00e1 \u2013 Mecca<br \/>\nMiscellaneous news<br \/>\nJohn Michael Mack<br \/>\nAlfred Angas Scott<br \/>\n1904 Vanderbilt Cup<br \/>\nMotorcycle race on the Prague\u2013P\u00edsek track<br \/>\nJohannes Hugenholtz<br \/>\nFirst race in Montlh\u00e9ry 1924<br \/>\nItalian Grand Prix 1924<br \/>\nLee Iacoca<br \/>\nParis Motor Show 1934<br \/>\nParis Motor Show 1964<br \/>\nSvatokopec circuit 1964<br \/>\nTest of three \u0160koda racing cars<br \/>\nChantilly Arts &amp; Elegance 2024 \u2013 international success of Czech hands<br \/>\nGrandpa&#039;s Exhibition 2024<br \/>\nLeaf plant<br \/>\nBrno Revival 2024 this time through the eyes of a motorcyclist - a unique collection of Czechoslovak four-stroke racing motorcycles<br \/>\nGreat Wheel Scout 2024, Part I.<br \/>\nGermania motorcycle 2\u00be\u20133 hp<br \/>\nLa croisi\u00e8re Noire \u2013 Citro\u00ebn&#039;s expedition through Central Africa<br \/>\nThe Ravo brand was a concept \u2013 Vlastimil Rain<br \/>\n57.&nbsp;ro\u010dn\u00edk mezin\u00e1rodn\u00edho z\u00e1vodu Zbraslav J\u00edlovi\u0161t\u011b o&nbsp;poh\u00e1r Eli\u0161ky Junkov\u00e9<br \/>\nTel\u010d joy<br \/>\nFor the Sob\u011bslav City Cup<br \/>\n2700 kilometers across the Balkans<br \/>\nBonhams auction in Beaulieu<br \/>\nGooding &amp; Co. Auction at Hampton Court Palace<br \/>\nBonhams Goodwood Auction<br \/>\nEvent calendar<br \/>\nCheap for sale<\/p>","protected":false},"featured_media":39358,"template":"","meta":{"kt_blocks_editor_width":"","_kad_blocks_custom_css":"","_kad_blocks_head_custom_js":"","_kad_blocks_body_custom_js":"","_kad_blocks_footer_custom_js":""},"product_brand":[],"product_cat":[754,162],"product_tag":[],"class_list":{"0":"post-39380","1":"product","2":"type-product","3":"status-publish","4":"has-post-thumbnail","6":"product_cat-754","7":"product_cat-casopisy","9":"first","10":"instock","11":"sale","12":"taxable","13":"shipping-taxable","14":"purchasable","15":"product-type-simple"},"supplier_id":null,"supplier_sku":"","barcode":null,"atum_controlled":true,"out_stock_date":null,"out_stock_threshold":null,"inheritable":false,"inbound_stock":0,"stock_on_hold":0,"sold_today":0,"sales_last_days":0,"reserved_stock":0,"customer_returns":0,"warehouse_damage":0,"lost_in_post":0,"other_logs":0,"out_stock_days":0,"lost_sales":0,"has_location":false,"update_date":"2026-04-05T00:06:33","atum_locations":[],"atum_stock_status":"instock","restock_status":false,"low_stock_amount":"","sales_update_date":"2026-04-05T00:06:33","calc_backorders":null,"aioseo_notices":[],"taxonomy_info":{"product_cat":[{"value":754,"label":"2024"},{"value":162,"label":"\u010casopisy"}]},"featured_image_src_large":["https:\/\/www.motorjournal.cz\/wp-content\/uploads\/2024\/10\/MJ_2024_10-1.jpg",595,841,false],"author_info":[],"comment_info":"","_links":{"self":[{"href":"https:\/\/www.motorjournal.cz\/en\/wp-json\/wp\/v2\/product\/39380","targetHints":{"allow":["GET"]}}],"collection":[{"href":"https:\/\/www.motorjournal.cz\/en\/wp-json\/wp\/v2\/product"}],"about":[{"href":"https:\/\/www.motorjournal.cz\/en\/wp-json\/wp\/v2\/types\/product"}],"wp:featuredmedia":[{"embeddable":true,"href":"https:\/\/www.motorjournal.cz\/en\/wp-json\/wp\/v2\/media\/39358"}],"wp:attachment":[{"href":"https:\/\/www.motorjournal.cz\/en\/wp-json\/wp\/v2\/media?parent=39380"}],"wp:term":[{"taxonomy":"product_brand","embeddable":true,"href":"https:\/\/www.motorjournal.cz\/en\/wp-json\/wp\/v2\/product_brand?post=39380"},{"taxonomy":"product_cat","embeddable":true,"href":"https:\/\/www.motorjournal.cz\/en\/wp-json\/wp\/v2\/product_cat?post=39380"},{"taxonomy":"product_tag","embeddable":true,"href":"https:\/\/www.motorjournal.cz\/en\/wp-json\/wp\/v2\/product_tag?post=39380"}],"curies":[{"name":"wp","href":"https:\/\/api.w.org\/{rel}","templated":true}]}}