{"id":3940,"date":"2018-02-12T11:46:59","date_gmt":"2018-02-12T10:46:59","guid":{"rendered":"http:\/\/www.motorjournal.cz\/?post_type=product&#038;p=3940"},"modified":"2025-08-05T11:27:50","modified_gmt":"2025-08-05T10:27:50","slug":"200-ceskoslovenskych-motoristickych-plaket-obdobi-1922-1939","status":"publish","type":"product","link":"https:\/\/www.motorjournal.cz\/en\/product\/200-ceskoslovenskych-motoristickych-plaket-obdobi-1922-1939\/","title":{"rendered":"200 Czechoslovak motoring plaques from the period 1922-1939"},"content":{"rendered":"<p>Powder and gasoline Troja 2000<\/p>\n<p>For the exhibition POWDER and BENZ\u00cdN Troja 2000, the author prepared a catalogue with images of more than 200 commemorative plaques, often created according to the designs of prominent design figures \u2013 \u0160paniel, Nu\u0161l, Axmann, \u0160vec, Pi\u0161tora, Pichl and others. Two criteria were decisive for the selection \u2013 that the plaque was issued in Czechoslovakia in the period before the Second World War. Motoring plaques are nowadays a narrowly specialized collecting discipline. The publication will provide information and can direct thematic creation of private collections.<\/p>\n<p><span style=\"font-family: 'Times New Roman', serif;\"><span style=\"font-size: medium;\">A4 format, ring-strap, 52 pages<\/span><\/span><\/p>\n<p>ISBN 80-902542-3-3.<\/p>","protected":false},"excerpt":{"rendered":"<p>For the exhibition POWDER and BENZ\u00cdN Troja 2000, the author prepared a catalogue with images of more than 200 commemorative plaques, often created according to the designs of prominent design figures \u2013 \u0160paniel, Nu\u0161l, Axmann, \u0160vec, Pi\u0161tora, Pichl and others. Two criteria were decisive for the selection \u2013 that the plaque was issued in Czechoslovakia in the period before the Second World War. Motoring plaques are nowadays a narrowly specialized collecting discipline. The publication will provide information and can direct thematic creation of private collections.<\/p>","protected":false},"featured_media":3941,"template":"","meta":{"kt_blocks_editor_width":"","_kad_blocks_custom_css":"","_kad_blocks_head_custom_js":"","_kad_blocks_body_custom_js":"","_kad_blocks_footer_custom_js":""},"product_brand":[],"product_cat":[161,179,177],"product_tag":[327],"class_list":{"0":"post-3940","1":"product","2":"type-product","3":"status-publish","4":"has-post-thumbnail","6":"product_cat-knihy","7":"product_cat-motorismus-a-umeni","8":"product_cat-motoristicky-sport","9":"product_tag-plakety","11":"first","12":"instock","13":"taxable","14":"shipping-taxable","15":"purchasable","16":"product-type-simple"},"supplier_id":null,"supplier_sku":"","barcode":null,"atum_controlled":true,"out_stock_date":null,"out_stock_threshold":null,"inheritable":false,"inbound_stock":0,"stock_on_hold":0,"sold_today":0,"sales_last_days":0,"reserved_stock":0,"customer_returns":0,"warehouse_damage":0,"lost_in_post":0,"other_logs":0,"out_stock_days":0,"lost_sales":0,"has_location":false,"update_date":"2026-05-17T00:22:13","atum_locations":[],"atum_stock_status":"instock","restock_status":false,"low_stock_amount":"","sales_update_date":"2026-05-17T00:22:13","calc_backorders":null,"aioseo_notices":[],"taxonomy_info":{"product_cat":[{"value":161,"label":"Knihy"},{"value":179,"label":"Motorismus a um\u011bn\u00ed"},{"value":177,"label":"Motoristick\u00fd sport"}],"product_tag":[{"value":327,"label":"plakety"}]},"featured_image_src_large":["https:\/\/www.motorjournal.cz\/wp-content\/uploads\/2018\/02\/Pudr-a-benzin-Troja-001-745x1024.jpg",745,1024,true],"author_info":[],"comment_info":"","_links":{"self":[{"href":"https:\/\/www.motorjournal.cz\/en\/wp-json\/wp\/v2\/product\/3940","targetHints":{"allow":["GET"]}}],"collection":[{"href":"https:\/\/www.motorjournal.cz\/en\/wp-json\/wp\/v2\/product"}],"about":[{"href":"https:\/\/www.motorjournal.cz\/en\/wp-json\/wp\/v2\/types\/product"}],"wp:featuredmedia":[{"embeddable":true,"href":"https:\/\/www.motorjournal.cz\/en\/wp-json\/wp\/v2\/media\/3941"}],"wp:attachment":[{"href":"https:\/\/www.motorjournal.cz\/en\/wp-json\/wp\/v2\/media?parent=3940"}],"wp:term":[{"taxonomy":"product_brand","embeddable":true,"href":"https:\/\/www.motorjournal.cz\/en\/wp-json\/wp\/v2\/product_brand?post=3940"},{"taxonomy":"product_cat","embeddable":true,"href":"https:\/\/www.motorjournal.cz\/en\/wp-json\/wp\/v2\/product_cat?post=3940"},{"taxonomy":"product_tag","embeddable":true,"href":"https:\/\/www.motorjournal.cz\/en\/wp-json\/wp\/v2\/product_tag?post=3940"}],"curies":[{"name":"wp","href":"https:\/\/api.w.org\/{rel}","templated":true}]}}