{"id":39456,"date":"2024-10-22T17:25:05","date_gmt":"2024-10-22T16:25:05","guid":{"rendered":"https:\/\/www.motorjournal.cz\/?post_type=product&#038;p=39456"},"modified":"2025-11-04T15:24:01","modified_gmt":"2025-11-04T14:24:01","slug":"rychla-kola-2","status":"publish","type":"product","link":"https:\/\/www.motorjournal.cz\/en\/product\/rychla-kola-2\/","title":{"rendered":"Fast bikes"},"content":{"rendered":"<p>A book about all kinds of motorcycle sports.<\/p>\n<p>Year of publication: 1974<br \/>\nPublisher: Olympia<br \/>\nBinding: sewn in hardcover<br \/>\nFormat: 170 x 245 mm<br \/>\nNumber of pages: 251<br \/>\nCondition: good, missing dust jacket<\/p>","protected":false},"excerpt":{"rendered":"<p>author: Pavel Novotny, Milos Skorepa<\/p>","protected":false},"featured_media":39458,"template":"","meta":{"kt_blocks_editor_width":"","_kad_blocks_custom_css":"","_kad_blocks_head_custom_js":"","_kad_blocks_body_custom_js":"","_kad_blocks_footer_custom_js":""},"product_brand":[],"product_cat":[317,347],"product_tag":[411,225,227,353,351,229],"class_list":{"0":"post-39456","1":"product","2":"type-product","3":"status-publish","4":"has-post-thumbnail","6":"product_cat-antikvariat","7":"product_cat-antikvariat-knihy","8":"product_tag-bmw","9":"product_tag-cz","10":"product_tag-jawa","11":"product_tag-motocykly","12":"product_tag-osobnosti","13":"product_tag-zavody","15":"first","16":"instock","17":"sale","18":"taxable","19":"shipping-taxable","20":"purchasable","21":"product-type-simple"},"supplier_id":null,"supplier_sku":"","barcode":null,"atum_controlled":false,"out_stock_date":null,"out_stock_threshold":null,"inheritable":false,"inbound_stock":null,"stock_on_hold":0,"sold_today":0,"sales_last_days":0,"reserved_stock":null,"customer_returns":null,"warehouse_damage":null,"lost_in_post":null,"other_logs":null,"out_stock_days":0,"lost_sales":0,"has_location":false,"update_date":"2026-04-04T00:06:28","atum_locations":[],"atum_stock_status":"instock","restock_status":false,"low_stock_amount":"","sales_update_date":"2026-04-04T00:06:28","calc_backorders":null,"aioseo_notices":[],"taxonomy_info":{"product_cat":[{"value":317,"label":"Antikvari\u00e1t"},{"value":347,"label":"Antikvari\u00e1t knihy"}],"product_tag":[{"value":411,"label":"BMW"},{"value":225,"label":"\u010cZ"},{"value":227,"label":"Jawa"},{"value":353,"label":"Motocykly"},{"value":351,"label":"Osobnosti"},{"value":229,"label":"z\u00e1vody"}]},"featured_image_src_large":["https:\/\/www.motorjournal.cz\/wp-content\/uploads\/2024\/10\/A1099_rychlakola-1-729x1024.jpg",729,1024,true],"author_info":[],"comment_info":"","_links":{"self":[{"href":"https:\/\/www.motorjournal.cz\/en\/wp-json\/wp\/v2\/product\/39456","targetHints":{"allow":["GET"]}}],"collection":[{"href":"https:\/\/www.motorjournal.cz\/en\/wp-json\/wp\/v2\/product"}],"about":[{"href":"https:\/\/www.motorjournal.cz\/en\/wp-json\/wp\/v2\/types\/product"}],"wp:featuredmedia":[{"embeddable":true,"href":"https:\/\/www.motorjournal.cz\/en\/wp-json\/wp\/v2\/media\/39458"}],"wp:attachment":[{"href":"https:\/\/www.motorjournal.cz\/en\/wp-json\/wp\/v2\/media?parent=39456"}],"wp:term":[{"taxonomy":"product_brand","embeddable":true,"href":"https:\/\/www.motorjournal.cz\/en\/wp-json\/wp\/v2\/product_brand?post=39456"},{"taxonomy":"product_cat","embeddable":true,"href":"https:\/\/www.motorjournal.cz\/en\/wp-json\/wp\/v2\/product_cat?post=39456"},{"taxonomy":"product_tag","embeddable":true,"href":"https:\/\/www.motorjournal.cz\/en\/wp-json\/wp\/v2\/product_tag?post=39456"}],"curies":[{"name":"wp","href":"https:\/\/api.w.org\/{rel}","templated":true}]}}