{"id":39652,"date":"2024-12-31T14:06:05","date_gmt":"2024-12-31T13:06:05","guid":{"rendered":"https:\/\/www.motorjournal.cz\/?post_type=product&#038;p=39652"},"modified":"2026-01-30T10:51:10","modified_gmt":"2026-01-30T09:51:10","slug":"tatra-815-legenda-na-plakatech-a-v-prospektech-1983-2024-martin-kupec","status":"publish","type":"product","link":"https:\/\/www.motorjournal.cz\/en\/product\/tatra-815-legenda-na-plakatech-a-v-prospektech-1983-2024-martin-kupec\/","title":{"rendered":"TATRA 815 \u2013 a legend on posters and brochures, 1983-2024, Martin Kupec"},"content":{"rendered":"<p>Did you know that the TATRA 815 had superstructures for laying railway tracks, building bridges or handling scrap metal? All this and much more will be covered in a new book entitled: &quot;TATRA 815 - a legend on posters and in brochures, 1983-2024&quot;, authored by publicist Martin Kupec. The book will feature, from his collections and the collections of his fellow collectors, brochures and posters of the original T 815, gradually modernized versions of the T 815-2, TERRN\u00b01, TERRA, or variants such as the T 815-6 or JAMAL up to the T 815-7 FORCE. It will also include posters and brochures for the Paris Dakar, Tatra expeditions around the world and, in particular, various superstructures produced by other manufacturers, both existing and now defunct. The development of advertising will be supplemented with technical data, information on exports and other interesting facts. The introductory pages of a total of 17 chapters will also feature additional drawings of vehicles by the artist Ing. Arch. Jan Hlav\u00edn. The expert advisor is Ing. Milan Ol\u0161ansk\u00fd, a TATRA TRUCKS employee.<\/p>\n<p>Published by Moto Public, hardcover, format 21 x 27 cm, 448 pages.<\/p>\n<p>IBAN: 978-80-908402-7-0<\/p>\n<p>&nbsp;<\/p>","protected":false},"excerpt":{"rendered":"<p>Did you know that the TATRA 815 had superstructures for laying railway tracks, building bridges or handling scrap metal? All this and much more will be covered in a new book entitled: &quot;TATRA 815 - a legend on posters and in brochures, 1983-2024&quot;, authored by publicist Martin Kupec. The book will feature, from his collections and the collections of his fellow collectors, brochures and posters of the original T 815, gradually modernized versions of the T 815-2, TERRN\u00b01, TERRA, or variants such as the T 815-6 or JAMAL up to the T 815-7 FORCE. It will also include posters and brochures for the Paris Dakar, Tatra expeditions around the world and, in particular, various superstructures produced by other manufacturers, both existing and now defunct. The development of advertising will be supplemented with technical data, information on exports and other interesting facts. The introductory pages of a total of 17 chapters will also feature additional drawings of vehicles by the artist Ing. Arch. Jan Hlav\u00edn. The expert advisor is Ing. Milan Ol\u0161ansk\u00fd, a TATRA TRUCKS employee.<\/p>\n<p>&nbsp;<\/p>","protected":false},"featured_media":39653,"template":"","meta":{"kt_blocks_editor_width":"","_kad_blocks_custom_css":"","_kad_blocks_head_custom_js":"","_kad_blocks_body_custom_js":"","_kad_blocks_footer_custom_js":""},"product_brand":[],"product_cat":[175,161],"product_tag":[752,753,219],"class_list":{"0":"post-39652","1":"product","2":"type-product","3":"status-publish","4":"has-post-thumbnail","6":"product_cat-auto","7":"product_cat-knihy","8":"product_tag-plakaty","9":"product_tag-prospekty","10":"product_tag-tatra","12":"first","13":"instock","14":"sale","15":"taxable","16":"shipping-taxable","17":"purchasable","18":"product-type-simple"},"supplier_id":null,"supplier_sku":"","barcode":null,"atum_controlled":true,"out_stock_date":null,"out_stock_threshold":null,"inheritable":false,"inbound_stock":0,"stock_on_hold":0,"sold_today":0,"sales_last_days":0,"reserved_stock":0,"customer_returns":0,"warehouse_damage":0,"lost_in_post":0,"other_logs":0,"out_stock_days":0,"lost_sales":0,"has_location":false,"update_date":"2026-04-04T00:06:50","atum_locations":[],"atum_stock_status":"instock","restock_status":false,"low_stock_amount":"","sales_update_date":"2026-04-04T00:06:50","calc_backorders":null,"aioseo_notices":[],"taxonomy_info":{"product_cat":[{"value":175,"label":"Auto"},{"value":161,"label":"Knihy"}],"product_tag":[{"value":752,"label":"plak\u00e1ty"},{"value":753,"label":"prospekty"},{"value":219,"label":"Tatra"}]},"featured_image_src_large":["https:\/\/www.motorjournal.cz\/wp-content\/uploads\/2024\/12\/Tatra-815-obalka-Grafik-FINAL-11.24-826x1024.jpg",826,1024,true],"author_info":[],"comment_info":"","_links":{"self":[{"href":"https:\/\/www.motorjournal.cz\/en\/wp-json\/wp\/v2\/product\/39652","targetHints":{"allow":["GET"]}}],"collection":[{"href":"https:\/\/www.motorjournal.cz\/en\/wp-json\/wp\/v2\/product"}],"about":[{"href":"https:\/\/www.motorjournal.cz\/en\/wp-json\/wp\/v2\/types\/product"}],"wp:featuredmedia":[{"embeddable":true,"href":"https:\/\/www.motorjournal.cz\/en\/wp-json\/wp\/v2\/media\/39653"}],"wp:attachment":[{"href":"https:\/\/www.motorjournal.cz\/en\/wp-json\/wp\/v2\/media?parent=39652"}],"wp:term":[{"taxonomy":"product_brand","embeddable":true,"href":"https:\/\/www.motorjournal.cz\/en\/wp-json\/wp\/v2\/product_brand?post=39652"},{"taxonomy":"product_cat","embeddable":true,"href":"https:\/\/www.motorjournal.cz\/en\/wp-json\/wp\/v2\/product_cat?post=39652"},{"taxonomy":"product_tag","embeddable":true,"href":"https:\/\/www.motorjournal.cz\/en\/wp-json\/wp\/v2\/product_tag?post=39652"}],"curies":[{"name":"wp","href":"https:\/\/api.w.org\/{rel}","templated":true}]}}