{"id":39662,"date":"2025-01-03T20:06:47","date_gmt":"2025-01-03T19:06:47","guid":{"rendered":"https:\/\/www.motorjournal.cz\/?post_type=product&#038;p=39662"},"modified":"2026-03-27T15:23:34","modified_gmt":"2026-03-27T14:23:34","slug":"nase-zetky-100-let-prvniho-automobilu-ceskoslovenske-zbrojovky-brno-a-s-mgr-sylvie-zouharova-dykova","status":"publish","type":"product","link":"https:\/\/www.motorjournal.cz\/en\/product\/nase-zetky-100-let-prvniho-automobilu-ceskoslovenske-zbrojovky-brno-a-s-mgr-sylvie-zouharova-dykova\/","title":{"rendered":"Our Zetky. 100 years of the first car of \u010ceskoslovensk\u00e1 zbrojovka Brno, as, Mgr. Sylvie Zouharov\u00e1 Dykov\u00e1"},"content":{"rendered":"<div id=\"pl-27037\" class=\"panel-layout\">\n<div id=\"pg-27037-0\" class=\"panel-grid panel-no-style\">The catalogue (and the exhibition of the same name) was created on the occasion of the centenary of the introduction of the first &quot;people&#039;s&quot; car, the Disk, manufactured at \u010ceskoslovensk\u00e1 zbrojovka Brno, a.s. It tells the story of the production of a diverse range of cars at this famous company between 1924 and 1936. And above all, for the first time ever, it brings a comprehensive overview of the still preserved &quot;Z&quot; brand cars, both in museum collections and with private owners.<\/div>\n<div><\/div>\n<\/div>\n<div>Softcover, format 22.5 \u00d7 24.5 cm, 208 pages<br \/>\nPublished by the Technical Museum in Brno<\/div>\n<div><\/div>\n<div>ISBN: 978-80-7685-051-4<\/div>","protected":false},"excerpt":{"rendered":"<div id=\"pl-27037\" class=\"panel-layout\">\n<div id=\"pg-27037-0\" class=\"panel-grid panel-no-style\">The catalogue (and the exhibition of the same name) was created on the occasion of the centenary of the introduction of the first &quot;people&#039;s&quot; car, the Disk, manufactured at \u010ceskoslovensk\u00e1 zbrojovka Brno, a.s. It tells the story of the production of a diverse range of cars at this famous company between 1924 and 1936. And above all, for the first time ever, it brings a comprehensive overview of the still preserved &quot;Z&quot; brand cars, both in museum collections and with private owners.<\/div>\n<\/div>","protected":false},"featured_media":39663,"template":"","meta":{"kt_blocks_editor_width":"","_kad_blocks_custom_css":"","_kad_blocks_head_custom_js":"","_kad_blocks_body_custom_js":"","_kad_blocks_footer_custom_js":""},"product_brand":[],"product_cat":[175,161],"product_tag":[784,785],"class_list":{"0":"post-39662","1":"product","2":"type-product","3":"status-publish","4":"has-post-thumbnail","6":"product_cat-auto","7":"product_cat-knihy","8":"product_tag-automobil-z","9":"product_tag-zbrojovka","11":"first","12":"instock","13":"sale","14":"taxable","15":"shipping-taxable","16":"purchasable","17":"product-type-simple"},"supplier_id":null,"supplier_sku":"","barcode":null,"atum_controlled":true,"out_stock_date":null,"out_stock_threshold":null,"inheritable":false,"inbound_stock":0,"stock_on_hold":0,"sold_today":0,"sales_last_days":0,"reserved_stock":0,"customer_returns":0,"warehouse_damage":0,"lost_in_post":0,"other_logs":0,"out_stock_days":0,"lost_sales":0,"has_location":false,"update_date":"2026-04-04T00:06:54","atum_locations":[],"atum_stock_status":"instock","restock_status":false,"low_stock_amount":2,"sales_update_date":"2026-04-04T00:06:54","calc_backorders":null,"aioseo_notices":[],"taxonomy_info":{"product_cat":[{"value":175,"label":"Auto"},{"value":161,"label":"Knihy"}],"product_tag":[{"value":784,"label":"Automobil Z"},{"value":785,"label":"Zbrojovka"}]},"featured_image_src_large":["https:\/\/www.motorjournal.cz\/wp-content\/uploads\/2025\/01\/Nase-Zetky.jpg",681,741,false],"author_info":[],"comment_info":"","_links":{"self":[{"href":"https:\/\/www.motorjournal.cz\/en\/wp-json\/wp\/v2\/product\/39662","targetHints":{"allow":["GET"]}}],"collection":[{"href":"https:\/\/www.motorjournal.cz\/en\/wp-json\/wp\/v2\/product"}],"about":[{"href":"https:\/\/www.motorjournal.cz\/en\/wp-json\/wp\/v2\/types\/product"}],"wp:featuredmedia":[{"embeddable":true,"href":"https:\/\/www.motorjournal.cz\/en\/wp-json\/wp\/v2\/media\/39663"}],"wp:attachment":[{"href":"https:\/\/www.motorjournal.cz\/en\/wp-json\/wp\/v2\/media?parent=39662"}],"wp:term":[{"taxonomy":"product_brand","embeddable":true,"href":"https:\/\/www.motorjournal.cz\/en\/wp-json\/wp\/v2\/product_brand?post=39662"},{"taxonomy":"product_cat","embeddable":true,"href":"https:\/\/www.motorjournal.cz\/en\/wp-json\/wp\/v2\/product_cat?post=39662"},{"taxonomy":"product_tag","embeddable":true,"href":"https:\/\/www.motorjournal.cz\/en\/wp-json\/wp\/v2\/product_tag?post=39662"}],"curies":[{"name":"wp","href":"https:\/\/api.w.org\/{rel}","templated":true}]}}