{"id":39695,"date":"2025-01-05T17:02:25","date_gmt":"2025-01-05T16:02:25","guid":{"rendered":"https:\/\/www.motorjournal.cz\/?post_type=product&#038;p=39695"},"modified":"2025-08-01T00:00:04","modified_gmt":"2025-07-31T23:00:04","slug":"motor-journal-1-2025","status":"publish","type":"product","link":"https:\/\/www.motorjournal.cz\/en\/product\/motor-journal-1-2025\/","title":{"rendered":"Motor Journal 1\/2025"},"content":{"rendered":"<p>Motor Journal No. 273 (2025\/01) is published on Friday, January 4, 2025<br \/>\nThe January Motor Journal is published, as always, on the first Friday of the month (January 4, 2025).<br \/>\nAs always, the Miscellaneous News section mainly focuses on round January anniversaries with dates ending in five. We commemorate the personalities of Albert Divo, John Zachary DeLorean, Rowan Atkinson and Josef Michl, as well as races, car shows and new books. Baron Artur Kraus was a Renaissance and extremely active person, among other things he also imported the first motorcycle to the Czech lands. Carlo Chitone Chiti was directly responsible for the development of all Alfa Romeo racing cars produced between 1965 and 1983. Our collectors achieved extraordinary success at the Concours d&#039;Elegance in Chantilly, France. Pavel Kas\u00edk with a Tatra 80 and Franti\u0161ek and Robert Kudel with a Talbot-Lago T26GS with an Antem body won the highest prizes, it was a historic event for our veteran movement. Jan Kr\u00e1l\u00edk recalls a bicycle reconnaissance expedition to museums and collectors, this time they visited Italy again. Pavel Kalina lent his formulas to the filming of the second part of the fifth series of Grand Tour (2022), it was again something unforgettable, so it was necessary to share it with hindsight. We briefly visited the car production in Eisenach with Ivan Plach\u00fd&#039;s memory of racing with the Wartburg 353. A new motorcycle museum, MOTO \u2013 DEPO \u2013 \u010cEZETA, was created in the Strakonice spinning mill, the love for the brand is visible here and it is definitely worth a visit. The Motor Journal veteran salon brings a detailed description of the Gilera Saturno 500 Bialbero motorcycle, a relatively new motorcycle with great collector&#039;s potential. Finally, we traditionally focus on auctions around the world. Private and commercial advertising, that is the content of the last pages of this year&#039;s first issue of Motor Journal.<\/p>","protected":false},"excerpt":{"rendered":"<p>Editorial: On a motorcycle in the snow<br \/>\nHanus Ringhoffer<br \/>\nAlbert Eugene Divo<br \/>\nIng. Zdenek Klika<br \/>\nJohn Zachary DeLorean<br \/>\nMonte Carlo Rally 1925 and 1935<br \/>\nAutosalon v&nbsp;New Yorku 1935<br \/>\nAutosalon v&nbsp;Bruselu 1955<br \/>\nAutobianchi<br \/>\nGeneral Motors Motorama 1955<br \/>\nRenault 16<br \/>\nMonte Carlo Rally 1965<br \/>\nEcclestone Grand Prix Collection Sale<br \/>\nNew books<br \/>\nBook offer for motorists<br \/>\nBaron Arthur Kraus<br \/>\n\u201e&quot;Chitone&quot; Carlo Chiti<br \/>\nChantilly 2024 \u2013 a historic Czech triumph<br \/>\nGreat Wheel Scout 2024, Part III.<br \/>\nByl jsem u&nbsp;toho\u2026 (Grand Tour 2022)<br \/>\nA brief history of cars with the name of a castle on the hood (Wartburg)<br \/>\nAnniversary of the \u010cZ brand + MOTO \u2013 DEPO \u2013 \u010cEZETA<br \/>\nGilera Saturno 500 Bialbero vintage showroom<br \/>\nP\u0159edv\u00e1no\u010dn\u00ed n\u00e1kupy u&nbsp;Bonhams<br \/>\nAukce RM Sotheby\u2019s v&nbsp;Mnichov\u011b<br \/>\nCheap for sale<br \/>\nBooks<\/p>","protected":false},"featured_media":39676,"template":"","meta":{"kt_blocks_editor_width":"","_kad_blocks_custom_css":"","_kad_blocks_head_custom_js":"","_kad_blocks_body_custom_js":"","_kad_blocks_footer_custom_js":""},"product_brand":[],"product_cat":[783,162],"product_tag":[],"class_list":{"0":"post-39695","1":"product","2":"type-product","3":"status-publish","4":"has-post-thumbnail","6":"product_cat-783","7":"product_cat-casopisy","9":"first","10":"instock","11":"sale","12":"taxable","13":"shipping-taxable","14":"purchasable","15":"product-type-simple"},"supplier_id":null,"supplier_sku":"","barcode":null,"atum_controlled":true,"out_stock_date":null,"out_stock_threshold":null,"inheritable":false,"inbound_stock":0,"stock_on_hold":0,"sold_today":0,"sales_last_days":0,"reserved_stock":0,"customer_returns":0,"warehouse_damage":0,"lost_in_post":0,"other_logs":0,"out_stock_days":0,"lost_sales":0,"has_location":false,"update_date":"2026-04-04T00:06:39","atum_locations":[],"atum_stock_status":"instock","restock_status":false,"low_stock_amount":"","sales_update_date":"2026-04-04T00:06:39","calc_backorders":null,"aioseo_notices":[],"taxonomy_info":{"product_cat":[{"value":783,"label":"2025"},{"value":162,"label":"\u010casopisy"}]},"featured_image_src_large":["https:\/\/www.motorjournal.cz\/wp-content\/uploads\/2025\/01\/MJ_2025_01-1.jpg",595,841,false],"author_info":[],"comment_info":"","_links":{"self":[{"href":"https:\/\/www.motorjournal.cz\/en\/wp-json\/wp\/v2\/product\/39695","targetHints":{"allow":["GET"]}}],"collection":[{"href":"https:\/\/www.motorjournal.cz\/en\/wp-json\/wp\/v2\/product"}],"about":[{"href":"https:\/\/www.motorjournal.cz\/en\/wp-json\/wp\/v2\/types\/product"}],"wp:featuredmedia":[{"embeddable":true,"href":"https:\/\/www.motorjournal.cz\/en\/wp-json\/wp\/v2\/media\/39676"}],"wp:attachment":[{"href":"https:\/\/www.motorjournal.cz\/en\/wp-json\/wp\/v2\/media?parent=39695"}],"wp:term":[{"taxonomy":"product_brand","embeddable":true,"href":"https:\/\/www.motorjournal.cz\/en\/wp-json\/wp\/v2\/product_brand?post=39695"},{"taxonomy":"product_cat","embeddable":true,"href":"https:\/\/www.motorjournal.cz\/en\/wp-json\/wp\/v2\/product_cat?post=39695"},{"taxonomy":"product_tag","embeddable":true,"href":"https:\/\/www.motorjournal.cz\/en\/wp-json\/wp\/v2\/product_tag?post=39695"}],"curies":[{"name":"wp","href":"https:\/\/api.w.org\/{rel}","templated":true}]}}