{"id":39729,"date":"2025-01-16T12:41:55","date_gmt":"2025-01-16T11:41:55","guid":{"rendered":"https:\/\/www.motorjournal.cz\/?post_type=product&#038;p=39729"},"modified":"2025-12-10T16:34:21","modified_gmt":"2025-12-10T15:34:21","slug":"prvni-zeny-za-volantem-damsky-automobilismus-na-pocatku-20-stoleti-michaela-zakova","status":"publish","type":"product","link":"https:\/\/www.motorjournal.cz\/en\/product\/prvni-zeny-za-volantem-damsky-automobilismus-na-pocatku-20-stoleti-michaela-zakova\/","title":{"rendered":"The First Women Behind the Wheel. Women&#039;s Motoring at the Beginning of the 20th Century, Michaela \u017d\u00e1kov\u00e1"},"content":{"rendered":"<div id=\"pl-27037\" class=\"panel-layout\">\n<div>The publication deals with the relationship between women and cars in the so-called pioneering period of motoring (until 1918). In a total of five chapters, it deals with both the very beginnings of women&#039;s motoring before 1900, as well as specific forms of car use and the roots of the phenomenon of women as bad drivers that persists to this day. The book also outlines the difficult beginnings of women&#039;s motoring and describes the pitfalls of contemporary motoring fashion. The final chapter deals with the role of women in promoting car brands.<\/div>\n<\/div>\n<div><\/div>\n<div>Paperback, format 21 x 26 cm, 83 pages<br \/>\nPublished by the National Technical Museum Prague<\/div>\n<div>ISBN 978-80-7037-365-1<\/div>","protected":false},"excerpt":{"rendered":"<p>The publication deals with the relationship between women and cars in the so-called pioneering period of motoring (until 1918). In a total of five chapters, it deals with both the very beginnings of women&#039;s motoring before 1900, as well as specific forms of car use and the roots of the phenomenon of women as bad drivers that persists to this day. The book also outlines the difficult beginnings of women&#039;s motoring and describes the pitfalls of contemporary motoring fashion. The final chapter deals with the role of women in promoting car brands.<\/p>","protected":false},"featured_media":39730,"template":"","meta":{"kt_blocks_editor_width":"","_kad_blocks_custom_css":"","_kad_blocks_head_custom_js":"","_kad_blocks_body_custom_js":"","_kad_blocks_footer_custom_js":""},"product_brand":[],"product_cat":[175,161,171],"product_tag":[],"class_list":{"0":"post-39729","1":"product","2":"type-product","3":"status-publish","4":"has-post-thumbnail","6":"product_cat-auto","7":"product_cat-knihy","8":"product_cat-ostatni","10":"first","11":"instock","12":"sale","13":"taxable","14":"shipping-taxable","15":"purchasable","16":"product-type-simple"},"supplier_id":null,"supplier_sku":"","barcode":null,"atum_controlled":true,"out_stock_date":null,"out_stock_threshold":null,"inheritable":false,"inbound_stock":0,"stock_on_hold":0,"sold_today":0,"sales_last_days":0,"reserved_stock":0,"customer_returns":0,"warehouse_damage":0,"lost_in_post":0,"other_logs":0,"out_stock_days":0,"lost_sales":0,"has_location":false,"update_date":"2026-04-04T00:06:38","atum_locations":[],"atum_stock_status":"instock","restock_status":false,"low_stock_amount":"","sales_update_date":"2026-04-04T00:06:38","calc_backorders":null,"aioseo_notices":[],"taxonomy_info":{"product_cat":[{"value":175,"label":"Auto"},{"value":161,"label":"Knihy"},{"value":171,"label":"Ostatn\u00ed"}]},"featured_image_src_large":["https:\/\/www.motorjournal.cz\/wp-content\/uploads\/2025\/01\/Prvni-zeny-za-volantem_01-e1737033749303.png",300,372,false],"author_info":[],"comment_info":"","_links":{"self":[{"href":"https:\/\/www.motorjournal.cz\/en\/wp-json\/wp\/v2\/product\/39729","targetHints":{"allow":["GET"]}}],"collection":[{"href":"https:\/\/www.motorjournal.cz\/en\/wp-json\/wp\/v2\/product"}],"about":[{"href":"https:\/\/www.motorjournal.cz\/en\/wp-json\/wp\/v2\/types\/product"}],"wp:featuredmedia":[{"embeddable":true,"href":"https:\/\/www.motorjournal.cz\/en\/wp-json\/wp\/v2\/media\/39730"}],"wp:attachment":[{"href":"https:\/\/www.motorjournal.cz\/en\/wp-json\/wp\/v2\/media?parent=39729"}],"wp:term":[{"taxonomy":"product_brand","embeddable":true,"href":"https:\/\/www.motorjournal.cz\/en\/wp-json\/wp\/v2\/product_brand?post=39729"},{"taxonomy":"product_cat","embeddable":true,"href":"https:\/\/www.motorjournal.cz\/en\/wp-json\/wp\/v2\/product_cat?post=39729"},{"taxonomy":"product_tag","embeddable":true,"href":"https:\/\/www.motorjournal.cz\/en\/wp-json\/wp\/v2\/product_tag?post=39729"}],"curies":[{"name":"wp","href":"https:\/\/api.w.org\/{rel}","templated":true}]}}