{"id":39812,"date":"2025-02-06T23:07:32","date_gmt":"2025-02-06T22:07:32","guid":{"rendered":"https:\/\/www.motorjournal.cz\/?post_type=product&#038;p=39812"},"modified":"2025-09-01T00:00:03","modified_gmt":"2025-08-31T23:00:03","slug":"motor-journal-2-2025","status":"publish","type":"product","link":"https:\/\/www.motorjournal.cz\/en\/product\/motor-journal-2-2025\/","title":{"rendered":"Motor Journal 2\/2025"},"content":{"rendered":"<p><strong>February Motor Journal<\/strong> is published as always on the first Friday of the month (February 7, 2025).<br \/>\nTraditionally, the Miscellaneous News section mainly focuses on round February anniversaries with dates ending in five. We commemorate the personalities of Jan Werich, Thomas Buckland Jeffery, Josef Zubat\u00fd, Captain John Paul Black, Ji\u0159\u00ed Pohl and others. We also commemorate races, car shows, news and new books. 60 years have passed since the death <strong>Josef Sodomka Jr.<\/strong>, one of the most important Czech automotive designers and body builders. <strong>Louis Delage<\/strong> He ruled his company with an iron fist from its founding in 1905 until its end in 1935. <strong>Louis Zborowski<\/strong> was a wealthy supporter of motor racing, the Aston Martin brand and a relatively successful racer. otocycle with great collector potential. Last time we&nbsp;<strong>The Great Wheel Scout<\/strong> We drove through northern Italy, we had enough of bikes, it was time to also look at historic cars and motorcycles. <strong>Volvo 264 TE<\/strong> reached behind the Iron Curtain and transported prominent members of the leadership of the former GDR. <strong>Ten years of existence of the Franti\u0161ek \u0160\u0165astn\u00fd Park in Koch\u00e1nky<\/strong> we commemorated the day exactly on Saturday, October 12th of last year. After 1870, <strong>English Wolverhampton<\/strong> became one of the centers of the flourishing of high-end bicycle production. In conclusion, we traditionally focus on <strong>auctions in the world<\/strong> This time, however, we are warning you in advance about the bacon being sold out.&nbsp;<strong>the Indianapolis Motor Speedway Museum<\/strong>. Private and commercial advertising, that is the content of the last pages of this year&#039;s second issue of Motor Journal.<\/p>","protected":false},"excerpt":{"rendered":"<p>Editorial: The start of the veteran season<br \/>\nMiscellaneous news<br \/>\nThomas Buckland Jeffery<br \/>\nJosef Zubaty<br \/>\nJohn Paul Black<br \/>\nPanama Pacific International Exposition 1915 \u2013 Grand Prix of America automobile race<br \/>\nGeorge Pohl<br \/>\nTwo exceptional trophies at NTM Prague<br \/>\nVladislav Vo\u0159\u00ed\u0161ek, ninety years old<br \/>\nLeaf plant<br \/>\nBook offer for motorists<br \/>\nJosef Sodomka the younger<br \/>\nAutomobiles Delage<br \/>\nLouis Zborowski<br \/>\nGreat Wheel Scout 2024, Part IV<br \/>\nVolvo 264 TE for top managers<br \/>\nThe first decade of Franti\u0161ek \u0160\u0165astn\u00fd Park in Koch\u00e1nky<br \/>\nJoseph Devey \u2013 to his roots in Wolverhampton<br \/>\nIndianapolis Motor Speedway Museum Collection Up for Sale<br \/>\nAdvertising<br \/>\nBooks<\/p>","protected":false},"featured_media":39799,"template":"","meta":{"kt_blocks_editor_width":"","_kad_blocks_custom_css":"","_kad_blocks_head_custom_js":"","_kad_blocks_body_custom_js":"","_kad_blocks_footer_custom_js":""},"product_brand":[],"product_cat":[783,162],"product_tag":[],"class_list":{"0":"post-39812","1":"product","2":"type-product","3":"status-publish","4":"has-post-thumbnail","6":"product_cat-783","7":"product_cat-casopisy","9":"first","10":"instock","11":"sale","12":"taxable","13":"shipping-taxable","14":"purchasable","15":"product-type-simple"},"supplier_id":null,"supplier_sku":"","barcode":null,"atum_controlled":true,"out_stock_date":null,"out_stock_threshold":null,"inheritable":false,"inbound_stock":0,"stock_on_hold":0,"sold_today":0,"sales_last_days":0,"reserved_stock":0,"customer_returns":0,"warehouse_damage":0,"lost_in_post":0,"other_logs":0,"out_stock_days":0,"lost_sales":0,"has_location":false,"update_date":"2026-04-05T00:06:58","atum_locations":[],"atum_stock_status":"instock","restock_status":false,"low_stock_amount":"","sales_update_date":"2026-04-05T00:06:58","calc_backorders":null,"aioseo_notices":[],"taxonomy_info":{"product_cat":[{"value":783,"label":"2025"},{"value":162,"label":"\u010casopisy"}]},"featured_image_src_large":["https:\/\/www.motorjournal.cz\/wp-content\/uploads\/2025\/02\/MJ_2025_02-1.jpg",595,841,false],"author_info":[],"comment_info":"","_links":{"self":[{"href":"https:\/\/www.motorjournal.cz\/en\/wp-json\/wp\/v2\/product\/39812","targetHints":{"allow":["GET"]}}],"collection":[{"href":"https:\/\/www.motorjournal.cz\/en\/wp-json\/wp\/v2\/product"}],"about":[{"href":"https:\/\/www.motorjournal.cz\/en\/wp-json\/wp\/v2\/types\/product"}],"wp:featuredmedia":[{"embeddable":true,"href":"https:\/\/www.motorjournal.cz\/en\/wp-json\/wp\/v2\/media\/39799"}],"wp:attachment":[{"href":"https:\/\/www.motorjournal.cz\/en\/wp-json\/wp\/v2\/media?parent=39812"}],"wp:term":[{"taxonomy":"product_brand","embeddable":true,"href":"https:\/\/www.motorjournal.cz\/en\/wp-json\/wp\/v2\/product_brand?post=39812"},{"taxonomy":"product_cat","embeddable":true,"href":"https:\/\/www.motorjournal.cz\/en\/wp-json\/wp\/v2\/product_cat?post=39812"},{"taxonomy":"product_tag","embeddable":true,"href":"https:\/\/www.motorjournal.cz\/en\/wp-json\/wp\/v2\/product_tag?post=39812"}],"curies":[{"name":"wp","href":"https:\/\/api.w.org\/{rel}","templated":true}]}}