{"id":39844,"date":"2025-02-10T17:34:25","date_gmt":"2025-02-10T16:34:25","guid":{"rendered":"https:\/\/www.motorjournal.cz\/?post_type=product&#038;p=39844"},"modified":"2025-11-04T15:24:00","modified_gmt":"2025-11-04T14:24:00","slug":"letadla-1939-45-1-a-2-dil","status":"publish","type":"product","link":"https:\/\/www.motorjournal.cz\/en\/product\/letadla-1939-45-1-a-2-dil\/","title":{"rendered":"Aircraft 1939-45 (Parts 1 and 2)"},"content":{"rendered":"<p>The first part is dedicated to fighter and bomber aircraft from Great Britain, the second part describes aircraft from Germany.<\/p>\n<p>Year of publication: 1994\/95<br \/>\nPublisher: Ji\u0159\u00ed Fraus<br \/>\nBinding: sewn in hardcover<br \/>\nFormat: 210 x 300 mm<br \/>\nNumber of pages: 68+68<br \/>\nCondition: excellent<\/p>","protected":false},"excerpt":{"rendered":"<p>author: Jaroslav Schmid<\/p>","protected":false},"featured_media":39845,"template":"","meta":{"kt_blocks_editor_width":"","_kad_blocks_custom_css":"","_kad_blocks_head_custom_js":"","_kad_blocks_body_custom_js":"","_kad_blocks_footer_custom_js":""},"product_brand":[],"product_cat":[317,347],"product_tag":[580],"class_list":{"0":"post-39844","1":"product","2":"type-product","3":"status-publish","4":"has-post-thumbnail","6":"product_cat-antikvariat","7":"product_cat-antikvariat-knihy","8":"product_tag-vojenska-letadla","10":"first","11":"instock","12":"sale","13":"taxable","14":"shipping-taxable","15":"purchasable","16":"product-type-simple"},"supplier_id":null,"supplier_sku":"","barcode":null,"atum_controlled":false,"out_stock_date":null,"out_stock_threshold":null,"inheritable":false,"inbound_stock":null,"stock_on_hold":0,"sold_today":0,"sales_last_days":0,"reserved_stock":null,"customer_returns":null,"warehouse_damage":null,"lost_in_post":null,"other_logs":null,"out_stock_days":0,"lost_sales":0,"has_location":false,"update_date":"2026-04-04T00:06:20","atum_locations":[],"atum_stock_status":"instock","restock_status":false,"low_stock_amount":"","sales_update_date":"2026-04-04T00:06:20","calc_backorders":null,"aioseo_notices":[],"taxonomy_info":{"product_cat":[{"value":317,"label":"Antikvari\u00e1t"},{"value":347,"label":"Antikvari\u00e1t knihy"}],"product_tag":[{"value":580,"label":"vojensk\u00e1 letadla"}]},"featured_image_src_large":["https:\/\/www.motorjournal.cz\/wp-content\/uploads\/2025\/02\/A1116_letadla-1-724x1024.jpg",724,1024,true],"author_info":[],"comment_info":"","_links":{"self":[{"href":"https:\/\/www.motorjournal.cz\/en\/wp-json\/wp\/v2\/product\/39844","targetHints":{"allow":["GET"]}}],"collection":[{"href":"https:\/\/www.motorjournal.cz\/en\/wp-json\/wp\/v2\/product"}],"about":[{"href":"https:\/\/www.motorjournal.cz\/en\/wp-json\/wp\/v2\/types\/product"}],"wp:featuredmedia":[{"embeddable":true,"href":"https:\/\/www.motorjournal.cz\/en\/wp-json\/wp\/v2\/media\/39845"}],"wp:attachment":[{"href":"https:\/\/www.motorjournal.cz\/en\/wp-json\/wp\/v2\/media?parent=39844"}],"wp:term":[{"taxonomy":"product_brand","embeddable":true,"href":"https:\/\/www.motorjournal.cz\/en\/wp-json\/wp\/v2\/product_brand?post=39844"},{"taxonomy":"product_cat","embeddable":true,"href":"https:\/\/www.motorjournal.cz\/en\/wp-json\/wp\/v2\/product_cat?post=39844"},{"taxonomy":"product_tag","embeddable":true,"href":"https:\/\/www.motorjournal.cz\/en\/wp-json\/wp\/v2\/product_tag?post=39844"}],"curies":[{"name":"wp","href":"https:\/\/api.w.org\/{rel}","templated":true}]}}