{"id":39869,"date":"2025-02-14T10:59:03","date_gmt":"2025-02-14T09:59:03","guid":{"rendered":"https:\/\/www.motorjournal.cz\/?post_type=product&#038;p=39869"},"modified":"2025-11-04T15:24:00","modified_gmt":"2025-11-04T14:24:00","slug":"velka-valka-1914-1918","status":"publish","type":"product","link":"https:\/\/www.motorjournal.cz\/en\/product\/velka-valka-1914-1918\/","title":{"rendered":"The Great War 1914-1918"},"content":{"rendered":"<p>An almanac published for exhibitions in several Czech museums organized on the occasion of the 100th anniversary of the outbreak of World War I. The war is presented from many different perspectives \u2013 artists, sailors, military equipment, post, etc. The expert text by the team of authors was edited by Ji\u0159\u00ed Mit\u00e1\u010dek.<\/p>\n<p>Year of release: 2014<br \/>\nPublisher: Moravian Museum<br \/>\nBinding: glued in soft covers<br \/>\nFormat: 210 x 290 mm<br \/>\nNumber of pages: 245<br \/>\nCondition: excellent<\/p>","protected":false},"excerpt":{"rendered":"<p>author: Ji\u0159\u00ed Mit\u00e1\u010dek<\/p>","protected":false},"featured_media":39870,"template":"","meta":{"kt_blocks_editor_width":"","_kad_blocks_custom_css":"","_kad_blocks_head_custom_js":"","_kad_blocks_body_custom_js":"","_kad_blocks_footer_custom_js":""},"product_brand":[],"product_cat":[317,347],"product_tag":[352,791,228,353,351,223,422,224,219,346],"class_list":{"0":"post-39869","1":"product","2":"type-product","3":"status-publish","4":"has-post-thumbnail","6":"product_cat-antikvariat","7":"product_cat-antikvariat-knihy","8":"product_tag-automobily","9":"product_tag-ckd","10":"product_tag-lk","11":"product_tag-motocykly","12":"product_tag-osobnosti","13":"product_tag-praga","14":"product_tag-prislusenstvi","15":"product_tag-skoda","16":"product_tag-tatra","17":"product_tag-vojenske-automobily","19":"first","20":"instock","21":"sale","22":"taxable","23":"shipping-taxable","24":"purchasable","25":"product-type-simple"},"supplier_id":null,"supplier_sku":"","barcode":null,"atum_controlled":false,"out_stock_date":null,"out_stock_threshold":null,"inheritable":false,"inbound_stock":null,"stock_on_hold":0,"sold_today":0,"sales_last_days":0,"reserved_stock":null,"customer_returns":null,"warehouse_damage":null,"lost_in_post":null,"other_logs":null,"out_stock_days":0,"lost_sales":0,"has_location":false,"update_date":"2026-04-05T00:06:39","atum_locations":[],"atum_stock_status":"instock","restock_status":false,"low_stock_amount":"","sales_update_date":"2026-04-05T00:06:39","calc_backorders":null,"aioseo_notices":[],"taxonomy_info":{"product_cat":[{"value":317,"label":"Antikvari\u00e1t"},{"value":347,"label":"Antikvari\u00e1t knihy"}],"product_tag":[{"value":352,"label":"Automobily"},{"value":791,"label":"\u010cKD"},{"value":228,"label":"L&amp;K"},{"value":353,"label":"Motocykly"},{"value":351,"label":"Osobnosti"},{"value":223,"label":"Praga"},{"value":422,"label":"p\u0159\u00edslu\u0161enstv\u00ed"},{"value":224,"label":"\u0160koda"},{"value":219,"label":"Tatra"},{"value":346,"label":"vojensk\u00e9 automobily"}]},"featured_image_src_large":["https:\/\/www.motorjournal.cz\/wp-content\/uploads\/2025\/02\/A1112_velkavalka-1-754x1024.jpg",754,1024,true],"author_info":[],"comment_info":"","_links":{"self":[{"href":"https:\/\/www.motorjournal.cz\/en\/wp-json\/wp\/v2\/product\/39869","targetHints":{"allow":["GET"]}}],"collection":[{"href":"https:\/\/www.motorjournal.cz\/en\/wp-json\/wp\/v2\/product"}],"about":[{"href":"https:\/\/www.motorjournal.cz\/en\/wp-json\/wp\/v2\/types\/product"}],"wp:featuredmedia":[{"embeddable":true,"href":"https:\/\/www.motorjournal.cz\/en\/wp-json\/wp\/v2\/media\/39870"}],"wp:attachment":[{"href":"https:\/\/www.motorjournal.cz\/en\/wp-json\/wp\/v2\/media?parent=39869"}],"wp:term":[{"taxonomy":"product_brand","embeddable":true,"href":"https:\/\/www.motorjournal.cz\/en\/wp-json\/wp\/v2\/product_brand?post=39869"},{"taxonomy":"product_cat","embeddable":true,"href":"https:\/\/www.motorjournal.cz\/en\/wp-json\/wp\/v2\/product_cat?post=39869"},{"taxonomy":"product_tag","embeddable":true,"href":"https:\/\/www.motorjournal.cz\/en\/wp-json\/wp\/v2\/product_tag?post=39869"}],"curies":[{"name":"wp","href":"https:\/\/api.w.org\/{rel}","templated":true}]}}