{"id":39915,"date":"2025-02-14T13:53:45","date_gmt":"2025-02-14T12:53:45","guid":{"rendered":"https:\/\/www.motorjournal.cz\/?post_type=product&#038;p=39915"},"modified":"2025-11-04T15:23:59","modified_gmt":"2025-11-04T14:23:59","slug":"strojirenska-vyroba-1964","status":"publish","type":"product","link":"https:\/\/www.motorjournal.cz\/en\/product\/strojirenska-vyroba-1964\/","title":{"rendered":"Engineering production 1964"},"content":{"rendered":"<p>Bound annual magazine for engineering workers.<\/p>\n<p>Year of publication: 1964<br \/>\nPublisher: SNTL<br \/>\nBinding: sewn in hardcover<br \/>\nFormat: 180 x 235 mm<br \/>\nNumber of pages: 932<br \/>\nCondition: excellent<\/p>","protected":false},"excerpt":{"rendered":"<p>Bound annual magazine for engineering workers. Year of publication: 1964 Publisher: SNTL Binding: sewn in hardcover Format: 180 x 235 mm Number of pages: 932 Condition: excellent<\/p>","protected":false},"featured_media":39916,"template":"","meta":{"kt_blocks_editor_width":"","_kad_blocks_custom_css":"","_kad_blocks_head_custom_js":"","_kad_blocks_body_custom_js":"","_kad_blocks_footer_custom_js":""},"product_brand":[],"product_cat":[317,348],"product_tag":[],"class_list":{"0":"post-39915","1":"product","2":"type-product","3":"status-publish","4":"has-post-thumbnail","6":"product_cat-antikvariat","7":"product_cat-antikvariat-casopisy","9":"first","10":"instock","11":"sale","12":"taxable","13":"shipping-taxable","14":"purchasable","15":"product-type-simple"},"supplier_id":null,"supplier_sku":"","barcode":null,"atum_controlled":false,"out_stock_date":null,"out_stock_threshold":null,"inheritable":false,"inbound_stock":null,"stock_on_hold":0,"sold_today":0,"sales_last_days":0,"reserved_stock":null,"customer_returns":null,"warehouse_damage":null,"lost_in_post":null,"other_logs":null,"out_stock_days":0,"lost_sales":0,"has_location":false,"update_date":"2026-04-05T00:06:45","atum_locations":[],"atum_stock_status":"instock","restock_status":false,"low_stock_amount":"","sales_update_date":"2026-04-05T00:06:45","calc_backorders":null,"aioseo_notices":[],"taxonomy_info":{"product_cat":[{"value":317,"label":"Antikvari\u00e1t"},{"value":348,"label":"Antikvari\u00e1t \u010dasopisy"}]},"featured_image_src_large":["https:\/\/www.motorjournal.cz\/wp-content\/uploads\/2025\/02\/A1120_strojirenska-2-797x1024.jpg",797,1024,true],"author_info":[],"comment_info":"","_links":{"self":[{"href":"https:\/\/www.motorjournal.cz\/en\/wp-json\/wp\/v2\/product\/39915","targetHints":{"allow":["GET"]}}],"collection":[{"href":"https:\/\/www.motorjournal.cz\/en\/wp-json\/wp\/v2\/product"}],"about":[{"href":"https:\/\/www.motorjournal.cz\/en\/wp-json\/wp\/v2\/types\/product"}],"wp:featuredmedia":[{"embeddable":true,"href":"https:\/\/www.motorjournal.cz\/en\/wp-json\/wp\/v2\/media\/39916"}],"wp:attachment":[{"href":"https:\/\/www.motorjournal.cz\/en\/wp-json\/wp\/v2\/media?parent=39915"}],"wp:term":[{"taxonomy":"product_brand","embeddable":true,"href":"https:\/\/www.motorjournal.cz\/en\/wp-json\/wp\/v2\/product_brand?post=39915"},{"taxonomy":"product_cat","embeddable":true,"href":"https:\/\/www.motorjournal.cz\/en\/wp-json\/wp\/v2\/product_cat?post=39915"},{"taxonomy":"product_tag","embeddable":true,"href":"https:\/\/www.motorjournal.cz\/en\/wp-json\/wp\/v2\/product_tag?post=39915"}],"curies":[{"name":"wp","href":"https:\/\/api.w.org\/{rel}","templated":true}]}}