{"id":39925,"date":"2025-02-14T14:42:30","date_gmt":"2025-02-14T13:42:30","guid":{"rendered":"https:\/\/www.motorjournal.cz\/?post_type=product&#038;p=39925"},"modified":"2025-11-04T15:23:59","modified_gmt":"2025-11-04T14:23:59","slug":"specialni-balicek-pro-milovniky-vojenske-historie","status":"publish","type":"product","link":"https:\/\/www.motorjournal.cz\/en\/product\/specialni-balicek-pro-milovniky-vojenske-historie\/","title":{"rendered":"Special package for military history lovers"},"content":{"rendered":"<p>Two books on military technology:<\/p>\n<p>V\u00e1clav N\u011bme\u010dek \u2013 Aircraft of World War II<\/p>\n<p>Jind\u0159ich Kl\u016fna, Vojt\u011bch Hrub\u00fd \u2013 Technology and military science yesterday, today and tomorrow<\/p>\n<p>Year of publication: 1977+ 1989<br \/>\nPublisher: Our Army<br \/>\nBinding: sewn<br \/>\nFormat: 170 x 250 mm<br \/>\nNumber of pages: 364 + 342<br \/>\nCondition: good<\/p>","protected":false},"excerpt":{"rendered":"<p>Two books about military technology: V\u00e1clav N\u011bme\u010dek \u2013 Aircraft of the Second World War Jind\u0159ich Kl\u016fna, Vojt\u011bch Hrub\u00fd \u2013 Technology and Military Science Yesterday, Today and Tomorrow Year of publication: 1977+ 1989 Publisher: Our Army Binding: sewn Format: 170 x 250 mm Number of pages: 364 + 342 Condition: good<\/p>","protected":false},"featured_media":39926,"template":"","meta":{"kt_blocks_editor_width":"","_kad_blocks_custom_css":"","_kad_blocks_head_custom_js":"","_kad_blocks_body_custom_js":"","_kad_blocks_footer_custom_js":""},"product_brand":[],"product_cat":[317,347],"product_tag":[],"class_list":{"0":"post-39925","1":"product","2":"type-product","3":"status-publish","4":"has-post-thumbnail","6":"product_cat-antikvariat","7":"product_cat-antikvariat-knihy","9":"first","10":"instock","11":"sale","12":"taxable","13":"shipping-taxable","14":"purchasable","15":"product-type-simple"},"supplier_id":null,"supplier_sku":"","barcode":null,"atum_controlled":false,"out_stock_date":null,"out_stock_threshold":null,"inheritable":false,"inbound_stock":null,"stock_on_hold":0,"sold_today":0,"sales_last_days":0,"reserved_stock":null,"customer_returns":null,"warehouse_damage":null,"lost_in_post":null,"other_logs":null,"out_stock_days":0,"lost_sales":0,"has_location":false,"update_date":"2026-04-04T00:06:21","atum_locations":[],"atum_stock_status":"instock","restock_status":false,"low_stock_amount":"","sales_update_date":"2026-04-04T00:06:21","calc_backorders":null,"aioseo_notices":[],"taxonomy_info":{"product_cat":[{"value":317,"label":"Antikvari\u00e1t"},{"value":347,"label":"Antikvari\u00e1t knihy"}]},"featured_image_src_large":["https:\/\/www.motorjournal.cz\/wp-content\/uploads\/2025\/02\/A1122_vojenska-1-684x1024.jpg",684,1024,true],"author_info":[],"comment_info":"","_links":{"self":[{"href":"https:\/\/www.motorjournal.cz\/en\/wp-json\/wp\/v2\/product\/39925","targetHints":{"allow":["GET"]}}],"collection":[{"href":"https:\/\/www.motorjournal.cz\/en\/wp-json\/wp\/v2\/product"}],"about":[{"href":"https:\/\/www.motorjournal.cz\/en\/wp-json\/wp\/v2\/types\/product"}],"wp:featuredmedia":[{"embeddable":true,"href":"https:\/\/www.motorjournal.cz\/en\/wp-json\/wp\/v2\/media\/39926"}],"wp:attachment":[{"href":"https:\/\/www.motorjournal.cz\/en\/wp-json\/wp\/v2\/media?parent=39925"}],"wp:term":[{"taxonomy":"product_brand","embeddable":true,"href":"https:\/\/www.motorjournal.cz\/en\/wp-json\/wp\/v2\/product_brand?post=39925"},{"taxonomy":"product_cat","embeddable":true,"href":"https:\/\/www.motorjournal.cz\/en\/wp-json\/wp\/v2\/product_cat?post=39925"},{"taxonomy":"product_tag","embeddable":true,"href":"https:\/\/www.motorjournal.cz\/en\/wp-json\/wp\/v2\/product_tag?post=39925"}],"curies":[{"name":"wp","href":"https:\/\/api.w.org\/{rel}","templated":true}]}}