{"id":40051,"date":"2025-02-20T16:46:21","date_gmt":"2025-02-20T15:46:21","guid":{"rendered":"https:\/\/www.motorjournal.cz\/?post_type=product&#038;p=40051"},"modified":"2025-11-04T15:23:56","modified_gmt":"2025-11-04T14:23:56","slug":"americky-automobil-anglicky-prumysl-malych-vozu-2","status":"publish","type":"product","link":"https:\/\/www.motorjournal.cz\/en\/product\/americky-automobil-anglicky-prumysl-malych-vozu-2\/","title":{"rendered":"American automobile, English small car industry"},"content":{"rendered":"<p>Two books in one by two renowned authors. An overview of the automotive industry in the USA and Great Britain in the post-war years. 105 illustrations<\/p>\n<p>Year of publication: 1947<br \/>\nPublisher: V. \u0160kubal<br \/>\nBinding: glued in soft boards<br \/>\nFormat: 150 x 205 mm<br \/>\nNumber of pages: 142<br \/>\nCondition: very good, only the cover is damaged<\/p>","protected":false},"excerpt":{"rendered":"<p>author: Julius Mackerle, Vsevolod Grechenko<\/p>","protected":false},"featured_media":40052,"template":"","meta":{"kt_blocks_editor_width":"","_kad_blocks_custom_css":"","_kad_blocks_head_custom_js":"","_kad_blocks_body_custom_js":"","_kad_blocks_footer_custom_js":""},"product_brand":[],"product_cat":[317,347],"product_tag":[825,352,821,823,820,390,670,414,822,235,826,422,381,819,824],"class_list":{"0":"post-40051","1":"product","2":"type-product","3":"status-publish","4":"has-post-thumbnail","6":"product_cat-antikvariat","7":"product_cat-antikvariat-knihy","8":"product_tag-austin","9":"product_tag-automobily","10":"product_tag-chrysler","11":"product_tag-crosley","12":"product_tag-dodge","13":"product_tag-ford","14":"product_tag-hillman","15":"product_tag-jaguar","16":"product_tag-kaiser","17":"product_tag-karoserie","18":"product_tag-morris","19":"product_tag-prislusenstvi","20":"product_tag-rolls-royce","21":"product_tag-tucker","22":"product_tag-willys","24":"first","25":"instock","26":"sale","27":"taxable","28":"shipping-taxable","29":"purchasable","30":"product-type-simple"},"supplier_id":null,"supplier_sku":"","barcode":null,"atum_controlled":false,"out_stock_date":null,"out_stock_threshold":null,"inheritable":false,"inbound_stock":null,"stock_on_hold":0,"sold_today":0,"sales_last_days":0,"reserved_stock":null,"customer_returns":null,"warehouse_damage":null,"lost_in_post":null,"other_logs":null,"out_stock_days":0,"lost_sales":0,"has_location":false,"update_date":"2026-04-04T00:06:30","atum_locations":[],"atum_stock_status":"instock","restock_status":false,"low_stock_amount":"","sales_update_date":"2026-04-04T00:06:30","calc_backorders":null,"aioseo_notices":[],"taxonomy_info":{"product_cat":[{"value":317,"label":"Antikvari\u00e1t"},{"value":347,"label":"Antikvari\u00e1t knihy"}],"product_tag":[{"value":825,"label":"Austin"},{"value":352,"label":"Automobily"},{"value":821,"label":"Chrysler"},{"value":823,"label":"Crosley"},{"value":820,"label":"Dodge"},{"value":390,"label":"Ford"},{"value":670,"label":"Hillman"},{"value":414,"label":"Jaguar"},{"value":822,"label":"Kaiser"},{"value":235,"label":"karoserie"},{"value":826,"label":"Morris"},{"value":422,"label":"p\u0159\u00edslu\u0161enstv\u00ed"},{"value":381,"label":"Rolls-Royce"},{"value":819,"label":"Tucker"},{"value":824,"label":"Willys"}]},"featured_image_src_large":["https:\/\/www.motorjournal.cz\/wp-content\/uploads\/2025\/02\/A1151_americky-1-763x1024.jpg",763,1024,true],"author_info":[],"comment_info":"","_links":{"self":[{"href":"https:\/\/www.motorjournal.cz\/en\/wp-json\/wp\/v2\/product\/40051","targetHints":{"allow":["GET"]}}],"collection":[{"href":"https:\/\/www.motorjournal.cz\/en\/wp-json\/wp\/v2\/product"}],"about":[{"href":"https:\/\/www.motorjournal.cz\/en\/wp-json\/wp\/v2\/types\/product"}],"wp:featuredmedia":[{"embeddable":true,"href":"https:\/\/www.motorjournal.cz\/en\/wp-json\/wp\/v2\/media\/40052"}],"wp:attachment":[{"href":"https:\/\/www.motorjournal.cz\/en\/wp-json\/wp\/v2\/media?parent=40051"}],"wp:term":[{"taxonomy":"product_brand","embeddable":true,"href":"https:\/\/www.motorjournal.cz\/en\/wp-json\/wp\/v2\/product_brand?post=40051"},{"taxonomy":"product_cat","embeddable":true,"href":"https:\/\/www.motorjournal.cz\/en\/wp-json\/wp\/v2\/product_cat?post=40051"},{"taxonomy":"product_tag","embeddable":true,"href":"https:\/\/www.motorjournal.cz\/en\/wp-json\/wp\/v2\/product_tag?post=40051"}],"curies":[{"name":"wp","href":"https:\/\/api.w.org\/{rel}","templated":true}]}}