{"id":40098,"date":"2025-02-28T12:16:00","date_gmt":"2025-02-28T11:16:00","guid":{"rendered":"https:\/\/www.motorjournal.cz\/?post_type=product&#038;p=40098"},"modified":"2025-11-04T15:23:55","modified_gmt":"2025-11-04T14:23:55","slug":"auto-album-archiv-skoda-3","status":"publish","type":"product","link":"https:\/\/www.motorjournal.cz\/en\/product\/auto-album-archiv-skoda-3\/","title":{"rendered":"Auto Album archive \u2013 \u0160koda"},"content":{"rendered":"<p>The history of the \u0160koda car company from 1925 to 1986. From the first \u0160koda cars to the \u0160koda 105, 120 and 130 passenger cars. The booklet also contains clear tables of the numbers of individual models produced, many photographs and reproductions of several advertising materials.<\/p>\n<p>Year of publication: 1986<br \/>\nPublisher: 735th ZO Svazarm, Brno<br \/>\nBinding: notebook<br \/>\nFormat: 170 x 240 mm<br \/>\nNumber of pages: 53<br \/>\nCondition: very good<\/p>","protected":false},"excerpt":{"rendered":"<p>autor: B\u0159etislav \u0160tilec a&nbsp;Anton\u00edn Mocek<\/p>","protected":false},"featured_media":10099,"template":"","meta":{"kt_blocks_editor_width":"","_kad_blocks_custom_css":"","_kad_blocks_head_custom_js":"","_kad_blocks_body_custom_js":"","_kad_blocks_footer_custom_js":""},"product_brand":[],"product_cat":[317,347],"product_tag":[352,351,224],"class_list":{"0":"post-40098","1":"product","2":"type-product","3":"status-publish","4":"has-post-thumbnail","6":"product_cat-antikvariat","7":"product_cat-antikvariat-knihy","8":"product_tag-automobily","9":"product_tag-osobnosti","10":"product_tag-skoda","12":"first","13":"instock","14":"sale","15":"taxable","16":"shipping-taxable","17":"purchasable","18":"product-type-simple"},"supplier_id":null,"supplier_sku":"","barcode":null,"atum_controlled":false,"out_stock_date":"2025-02-28 12:16:00","out_stock_threshold":null,"inheritable":false,"inbound_stock":null,"stock_on_hold":0,"sold_today":0,"sales_last_days":0,"reserved_stock":null,"customer_returns":null,"warehouse_damage":null,"lost_in_post":null,"other_logs":null,"out_stock_days":400,"lost_sales":0,"has_location":false,"update_date":"2026-04-05T00:06:46","atum_locations":[],"atum_stock_status":"instock","restock_status":false,"low_stock_amount":"","sales_update_date":"2026-04-05T00:06:46","calc_backorders":null,"aioseo_notices":[],"taxonomy_info":{"product_cat":[{"value":317,"label":"Antikvari\u00e1t"},{"value":347,"label":"Antikvari\u00e1t knihy"}],"product_tag":[{"value":352,"label":"Automobily"},{"value":351,"label":"Osobnosti"},{"value":224,"label":"\u0160koda"}]},"featured_image_src_large":["https:\/\/www.motorjournal.cz\/wp-content\/uploads\/2019\/05\/A0225_albumskoda.jpeg",516,725,false],"author_info":[],"comment_info":"","_links":{"self":[{"href":"https:\/\/www.motorjournal.cz\/en\/wp-json\/wp\/v2\/product\/40098","targetHints":{"allow":["GET"]}}],"collection":[{"href":"https:\/\/www.motorjournal.cz\/en\/wp-json\/wp\/v2\/product"}],"about":[{"href":"https:\/\/www.motorjournal.cz\/en\/wp-json\/wp\/v2\/types\/product"}],"wp:featuredmedia":[{"embeddable":true,"href":"https:\/\/www.motorjournal.cz\/en\/wp-json\/wp\/v2\/media\/10099"}],"wp:attachment":[{"href":"https:\/\/www.motorjournal.cz\/en\/wp-json\/wp\/v2\/media?parent=40098"}],"wp:term":[{"taxonomy":"product_brand","embeddable":true,"href":"https:\/\/www.motorjournal.cz\/en\/wp-json\/wp\/v2\/product_brand?post=40098"},{"taxonomy":"product_cat","embeddable":true,"href":"https:\/\/www.motorjournal.cz\/en\/wp-json\/wp\/v2\/product_cat?post=40098"},{"taxonomy":"product_tag","embeddable":true,"href":"https:\/\/www.motorjournal.cz\/en\/wp-json\/wp\/v2\/product_tag?post=40098"}],"curies":[{"name":"wp","href":"https:\/\/api.w.org\/{rel}","templated":true}]}}