{"id":40099,"date":"2025-02-28T12:19:23","date_gmt":"2025-02-28T11:19:23","guid":{"rendered":"https:\/\/www.motorjournal.cz\/?post_type=product&#038;p=40099"},"modified":"2025-11-04T15:23:55","modified_gmt":"2025-11-04T14:23:55","slug":"laurin-klement-skoda-1894-1992","status":"publish","type":"product","link":"https:\/\/www.motorjournal.cz\/en\/product\/laurin-klement-skoda-1894-1992\/","title":{"rendered":"Laurin &amp; Klement \u2013 Skoda 1894-1992"},"content":{"rendered":"<p>A brief history of the \u0160koda car company from 1894 to 1992. One of the last pieces of the popular notebook encyclopedia Auto Album Archiv.<\/p>\n<p>Year of publication: 1993<br \/>\nPublisher: Automoto-Literatura, Brno<br \/>\nBinding: notebook<br \/>\nFormat: 170 x 240 mm<br \/>\nNumber of pages: 94<br \/>\nCondition: excellent<\/p>","protected":false},"excerpt":{"rendered":"<p>autor: B\u0159etislav \u0160tilec a&nbsp;Anton\u00edn Mocek<\/p>","protected":false},"featured_media":35265,"template":"","meta":{"kt_blocks_editor_width":"","_kad_blocks_custom_css":"","_kad_blocks_head_custom_js":"","_kad_blocks_body_custom_js":"","_kad_blocks_footer_custom_js":""},"product_brand":[],"product_cat":[317,347],"product_tag":[352,351,224],"class_list":{"0":"post-40099","1":"product","2":"type-product","3":"status-publish","4":"has-post-thumbnail","6":"product_cat-antikvariat","7":"product_cat-antikvariat-knihy","8":"product_tag-automobily","9":"product_tag-osobnosti","10":"product_tag-skoda","12":"first","13":"instock","14":"sale","15":"taxable","16":"shipping-taxable","17":"purchasable","18":"product-type-simple"},"supplier_id":null,"supplier_sku":"","barcode":null,"atum_controlled":false,"out_stock_date":"2025-02-28 12:19:23","out_stock_threshold":null,"inheritable":false,"inbound_stock":null,"stock_on_hold":0,"sold_today":0,"sales_last_days":0,"reserved_stock":null,"customer_returns":null,"warehouse_damage":null,"lost_in_post":null,"other_logs":null,"out_stock_days":400,"lost_sales":0,"has_location":false,"update_date":"2026-04-05T00:06:46","atum_locations":[],"atum_stock_status":"instock","restock_status":false,"low_stock_amount":"","sales_update_date":"2026-04-05T00:06:46","calc_backorders":null,"aioseo_notices":[],"taxonomy_info":{"product_cat":[{"value":317,"label":"Antikvari\u00e1t"},{"value":347,"label":"Antikvari\u00e1t knihy"}],"product_tag":[{"value":352,"label":"Automobily"},{"value":351,"label":"Osobnosti"},{"value":224,"label":"\u0160koda"}]},"featured_image_src_large":["https:\/\/www.motorjournal.cz\/wp-content\/uploads\/2022\/11\/A0899_lkskoda-1.jpeg",482,691,false],"author_info":[],"comment_info":"","_links":{"self":[{"href":"https:\/\/www.motorjournal.cz\/en\/wp-json\/wp\/v2\/product\/40099","targetHints":{"allow":["GET"]}}],"collection":[{"href":"https:\/\/www.motorjournal.cz\/en\/wp-json\/wp\/v2\/product"}],"about":[{"href":"https:\/\/www.motorjournal.cz\/en\/wp-json\/wp\/v2\/types\/product"}],"wp:featuredmedia":[{"embeddable":true,"href":"https:\/\/www.motorjournal.cz\/en\/wp-json\/wp\/v2\/media\/35265"}],"wp:attachment":[{"href":"https:\/\/www.motorjournal.cz\/en\/wp-json\/wp\/v2\/media?parent=40099"}],"wp:term":[{"taxonomy":"product_brand","embeddable":true,"href":"https:\/\/www.motorjournal.cz\/en\/wp-json\/wp\/v2\/product_brand?post=40099"},{"taxonomy":"product_cat","embeddable":true,"href":"https:\/\/www.motorjournal.cz\/en\/wp-json\/wp\/v2\/product_cat?post=40099"},{"taxonomy":"product_tag","embeddable":true,"href":"https:\/\/www.motorjournal.cz\/en\/wp-json\/wp\/v2\/product_tag?post=40099"}],"curies":[{"name":"wp","href":"https:\/\/api.w.org\/{rel}","templated":true}]}}