{"id":40395,"date":"2025-05-05T10:12:30","date_gmt":"2025-05-05T09:12:30","guid":{"rendered":"https:\/\/www.motorjournal.cz\/?post_type=product&#038;p=40395"},"modified":"2025-12-10T16:19:27","modified_gmt":"2025-12-10T15:19:27","slug":"motor-journal-5-2025","status":"publish","type":"product","link":"https:\/\/www.motorjournal.cz\/en\/product\/motor-journal-5-2025\/","title":{"rendered":"Motor Journal 5\/2025"},"content":{"rendered":"<p><strong>May Motor Journal<\/strong> is published as always on the first Friday of the month (May 2, 2025).<br \/>\nTraditionally, the Miscellaneous News section mainly focuses on round April anniversaries with dates ending in five. We commemorate personalities - the first female driver Olga Prochaskov\u00e1, American constructor and racer John Walter Christie, motorcyclist Effie Hotchkiss, Arno\u0161t Zemen, Vladim\u00edr Dub\u0161\u00edk and others. We also commemorate races, car shows, news and new books. We do not forget about important events either. On Palm Sunday, April 13, 2025, in nice weather, we gathered to celebrate the first veteran ride in our territory - <strong>Rudolfinum 1960<\/strong>. <strong>Ariel Red Hunter<\/strong> were sports OHV single-cylinders. The most important export market for English Ariel motorcycles was the Kingdom of Italy from the late 1920s. Following behind were importers in the Netherlands, Germany, Switzerland and also the Czechoslovak Republic. <strong>Rene Dreyfus<\/strong> Born in France at the dawn of the automobile age, he was fascinated by cars and convinced his father to let him race the family&#039;s two-seater Mathis. Before long he was racing a Bugatti Brescia. A few years later he was a driver for the official Maserati, Bugatti and Delahaye teams. <strong>Grossglockner Aero Expedition<\/strong> Five vehicles have passed the September 2023 exam. <strong>Large wheeled reconnaissance<\/strong> \u2013 everything in time, including memories of last year&#039;s expedition, during which we traveled six thousand kilometers, visited more than thirty museums, collectors and exhibitions in seven countries. Today we will look back for the last time, we are already preparing for the next trip. On Monday, March 24, the Osenat auction hall has prepared an auction in its beautiful premises <strong>Grand Garage Napoleon in Fontainebleau<\/strong>. Thrilling car races and lots of other fun \u2013 that&#039;s <strong>Member&#039;s Meeting<\/strong>, a gathering of members and associates of the Goodwood Road Racing Club. Unlike other events held at Goodwood, the members&#039; gathering is an almost intimate affair. <strong>Calendar of events, private and commercial advertising<\/strong>, that is the content of the last pages of this year&#039;s fifth issue of Motor Journal.<\/p>","protected":false},"excerpt":{"rendered":"<p>Editorial: When two do the same thing\u2026 I.<br \/>\nMiscellaneous news<br \/>\nOlga Prochaskov\u00e1, the first Czech female driver<br \/>\nJohn Walter Christie<br \/>\nPacov Circuit 1905<br \/>\nEffie Hotchkiss<br \/>\n500km Indianapolis 1915<br \/>\nTarga Florio 1925<br \/>\nHill Race Brno\u2013Sob\u011b\u0161ice 1925<br \/>\nLibu\u0161e will celebrate 120 years on Grandfather&#039;s tractor<br \/>\nOld roundabout in Sedlec near Kutn\u00e1 Hora<br \/>\nXX. Budapest Oldtimer Show and Classic Oldtimer Tour<br \/>\nPalm Sunday with the scent of gasoline and memories \u2013 Rudolfinum 1960<br \/>\nVintage Salon - Ariel Red Hunter<br \/>\nHunters in Italy and Czechoslovakia<br \/>\nThe Two Lives of Ren\u00e9 Dreyfus<br \/>\nGrossglockner Aero Expedition 2023<br \/>\nGreat Wheel Scout 2024, Part VII.<br \/>\nSpring auction in Fontainebleau (Osenat)<br \/>\nBonhams Goodwood Auction<br \/>\nCalendar of events and advertising<br \/>\nBooks<\/p>","protected":false},"featured_media":40378,"template":"","meta":{"kt_blocks_editor_width":"","_kad_blocks_custom_css":"","_kad_blocks_head_custom_js":"","_kad_blocks_body_custom_js":"","_kad_blocks_footer_custom_js":""},"product_brand":[],"product_cat":[783,162],"product_tag":[],"class_list":{"0":"post-40395","1":"product","2":"type-product","3":"status-publish","4":"has-post-thumbnail","6":"product_cat-783","7":"product_cat-casopisy","9":"first","10":"instock","11":"sale","12":"taxable","13":"shipping-taxable","14":"purchasable","15":"product-type-simple"},"supplier_id":null,"supplier_sku":"","barcode":null,"atum_controlled":true,"out_stock_date":null,"out_stock_threshold":null,"inheritable":false,"inbound_stock":0,"stock_on_hold":0,"sold_today":0,"sales_last_days":0,"reserved_stock":0,"customer_returns":0,"warehouse_damage":0,"lost_in_post":0,"other_logs":0,"out_stock_days":0,"lost_sales":0,"has_location":false,"update_date":"2026-04-04T00:06:44","atum_locations":[],"atum_stock_status":"instock","restock_status":false,"low_stock_amount":"","sales_update_date":"2026-04-04T00:06:44","calc_backorders":null,"aioseo_notices":[],"taxonomy_info":{"product_cat":[{"value":783,"label":"2025"},{"value":162,"label":"\u010casopisy"}]},"featured_image_src_large":["https:\/\/www.motorjournal.cz\/wp-content\/uploads\/2025\/05\/MJ_2025_05-1.jpg",595,841,false],"author_info":[],"comment_info":"","_links":{"self":[{"href":"https:\/\/www.motorjournal.cz\/en\/wp-json\/wp\/v2\/product\/40395","targetHints":{"allow":["GET"]}}],"collection":[{"href":"https:\/\/www.motorjournal.cz\/en\/wp-json\/wp\/v2\/product"}],"about":[{"href":"https:\/\/www.motorjournal.cz\/en\/wp-json\/wp\/v2\/types\/product"}],"wp:featuredmedia":[{"embeddable":true,"href":"https:\/\/www.motorjournal.cz\/en\/wp-json\/wp\/v2\/media\/40378"}],"wp:attachment":[{"href":"https:\/\/www.motorjournal.cz\/en\/wp-json\/wp\/v2\/media?parent=40395"}],"wp:term":[{"taxonomy":"product_brand","embeddable":true,"href":"https:\/\/www.motorjournal.cz\/en\/wp-json\/wp\/v2\/product_brand?post=40395"},{"taxonomy":"product_cat","embeddable":true,"href":"https:\/\/www.motorjournal.cz\/en\/wp-json\/wp\/v2\/product_cat?post=40395"},{"taxonomy":"product_tag","embeddable":true,"href":"https:\/\/www.motorjournal.cz\/en\/wp-json\/wp\/v2\/product_tag?post=40395"}],"curies":[{"name":"wp","href":"https:\/\/api.w.org\/{rel}","templated":true}]}}