{"id":40437,"date":"2025-05-09T15:37:53","date_gmt":"2025-05-09T14:37:53","guid":{"rendered":"https:\/\/www.motorjournal.cz\/?post_type=product&#038;p=40437"},"modified":"2026-03-14T08:50:50","modified_gmt":"2026-03-14T07:50:50","slug":"dnes-a-zitra","status":"publish","type":"product","link":"https:\/\/www.motorjournal.cz\/en\/product\/dnes-a-zitra\/","title":{"rendered":"Dnes a&nbsp;z\u00edtra"},"content":{"rendered":"<p>Kniha pana Forda by se dala ozna\u010dit za dobovou u\u010debnici podnik\u00e1n\u00ed.<\/p>\n<p>Year of publication: 1926<br \/>\nNakladatel: B. Janda<br \/>\nBinding: sewn in hardcover<br \/>\nForm\u00e1t: 125 x 170 mm<br \/>\nNumber of pages: 380<br \/>\nCondition: very good<\/p>","protected":false},"excerpt":{"rendered":"<p>autor: Henry Ford<\/p>","protected":false},"featured_media":40438,"template":"","meta":{"kt_blocks_editor_width":"","_kad_blocks_custom_css":"","_kad_blocks_head_custom_js":"","_kad_blocks_body_custom_js":"","_kad_blocks_footer_custom_js":""},"product_brand":[],"product_cat":[317,347],"product_tag":[352,390,378],"class_list":{"0":"post-40437","1":"product","2":"type-product","3":"status-publish","4":"has-post-thumbnail","6":"product_cat-antikvariat","7":"product_cat-antikvariat-knihy","8":"product_tag-automobily","9":"product_tag-ford","10":"product_tag-ucebnice","12":"first","13":"outofstock","14":"sale","15":"taxable","16":"shipping-taxable","17":"purchasable","18":"product-type-simple"},"supplier_id":null,"supplier_sku":"","barcode":null,"atum_controlled":false,"out_stock_date":null,"out_stock_threshold":null,"inheritable":false,"inbound_stock":null,"stock_on_hold":0,"sold_today":0,"sales_last_days":0,"reserved_stock":null,"customer_returns":null,"warehouse_damage":null,"lost_in_post":null,"other_logs":null,"out_stock_days":0,"lost_sales":0,"has_location":false,"update_date":"2026-04-07T00:10:41","atum_locations":[],"atum_stock_status":"outofstock","restock_status":false,"low_stock_amount":"","sales_update_date":"2026-04-07T00:10:41","calc_backorders":null,"aioseo_notices":[],"taxonomy_info":{"product_cat":[{"value":317,"label":"Antikvari\u00e1t"},{"value":347,"label":"Antikvari\u00e1t knihy"}],"product_tag":[{"value":352,"label":"Automobily"},{"value":390,"label":"Ford"},{"value":378,"label":"u\u010debnice"}]},"featured_image_src_large":["https:\/\/www.motorjournal.cz\/wp-content\/uploads\/2025\/05\/A1195_dnesazitra-1-833x1024.jpg",833,1024,true],"author_info":[],"comment_info":"","_links":{"self":[{"href":"https:\/\/www.motorjournal.cz\/en\/wp-json\/wp\/v2\/product\/40437","targetHints":{"allow":["GET"]}}],"collection":[{"href":"https:\/\/www.motorjournal.cz\/en\/wp-json\/wp\/v2\/product"}],"about":[{"href":"https:\/\/www.motorjournal.cz\/en\/wp-json\/wp\/v2\/types\/product"}],"wp:featuredmedia":[{"embeddable":true,"href":"https:\/\/www.motorjournal.cz\/en\/wp-json\/wp\/v2\/media\/40438"}],"wp:attachment":[{"href":"https:\/\/www.motorjournal.cz\/en\/wp-json\/wp\/v2\/media?parent=40437"}],"wp:term":[{"taxonomy":"product_brand","embeddable":true,"href":"https:\/\/www.motorjournal.cz\/en\/wp-json\/wp\/v2\/product_brand?post=40437"},{"taxonomy":"product_cat","embeddable":true,"href":"https:\/\/www.motorjournal.cz\/en\/wp-json\/wp\/v2\/product_cat?post=40437"},{"taxonomy":"product_tag","embeddable":true,"href":"https:\/\/www.motorjournal.cz\/en\/wp-json\/wp\/v2\/product_tag?post=40437"}],"curies":[{"name":"wp","href":"https:\/\/api.w.org\/{rel}","templated":true}]}}